{"id":142,"date":"2017-03-30T09:25:49","date_gmt":"2017-03-30T08:25:49","guid":{"rendered":"https:\/\/lineacor.com\/lineacor\/?page_id=142"},"modified":"2023-12-14T13:21:08","modified_gmt":"2023-12-14T12:21:08","slug":"kontakt","status":"publish","type":"page","link":"https:\/\/www.lineacor.com\/de\/kontakt\/","title":{"rendered":"Kontakt"},"content":{"rendered":"\n<div class=\"row\"  id=\"row-1444945183\">\n\n\n\t<div id=\"col-760246566\" class=\"col medium-6 small-12 large-6\"  >\n\t\t\t\t<div class=\"col-inner\"  >\n\t\t\t\n\t\t\t\n\n<h3>\u00a0<\/h3>\n<h3><b>Klaus-Dieter Braun<\/b>.<\/h3>\n<p>Verkaufsleiter<\/p>\n<p>D-67346 Speyer &#8211; Rotkehlchenweg 11. <br \/>DEUTSCHLAND<\/p>\n<p>Tel.: +49 172 6717490<\/p>\n<p>info@lineacor.de<\/p>\n\n\t\t<\/div>\n\t\t\t\t\t<\/div>\n\n\t\n\n\t<div id=\"col-1043475968\" class=\"col medium-6 small-12 large-6\"  >\n\t\t\t\t<div class=\"col-inner\"  >\n\t\t\t\n\t\t\t\n\n\n\t\t<div class=\"icon-box featured-box icon-box-top text-left\"  >\n\t\t\t\t<div class=\"icon-box-text last-reset\">\n\t\t\t\t\t\t\t\t\t\n\n\n\t\t<\/div>\n\t<\/div>\n\t\n\t\n\n\t\t<\/div>\n\t\t\t\t\t<\/div>\n\n\t\n\n<\/div>\n\t<div id=\"gap-469135842\" class=\"gap-element clearfix\" style=\"display:block; height:auto;\">\n\t\t\n<style>\n#gap-469135842 {\n  padding-top: 67px;\n}\n<\/style>\n\t<\/div>\n\t\n\n<div class=\"row\"  id=\"row-500776089\">\n\n\n\t<div id=\"col-128475490\" class=\"col medium-6 small-12 large-6\"  >\n\t\t\t\t<div class=\"col-inner\"  >\n\t\t\t\n\t\t\t\n\n<div class=\"container section-title-container\" ><h3 class=\"section-title section-title-center\"><b><\/b><span class=\"section-title-main\" >kontakt<\/span><b><\/b><\/h3><\/div>\n\n\n<div class=\"wpcf7 no-js\" id=\"wpcf7-f13-o1\" lang=\"ca\" dir=\"ltr\" data-wpcf7-id=\"13\">\n<div class=\"screen-reader-response\"><p role=\"status\" aria-live=\"polite\" aria-atomic=\"true\"><\/p> <ul><\/ul><\/div>\n<form action=\"\/de\/wp-json\/wp\/v2\/pages\/142#wpcf7-f13-o1\" method=\"post\" class=\"wpcf7-form init\" aria-label=\"Formulari de contacte\" novalidate=\"novalidate\" data-status=\"init\">\n<fieldset class=\"hidden-fields-container\"><input type=\"hidden\" name=\"_wpcf7\" value=\"13\" \/><input type=\"hidden\" name=\"_wpcf7_version\" value=\"6.1.4\" \/><input type=\"hidden\" name=\"_wpcf7_locale\" value=\"ca\" \/><input type=\"hidden\" name=\"_wpcf7_unit_tag\" value=\"wpcf7-f13-o1\" \/><input type=\"hidden\" name=\"_wpcf7_container_post\" value=\"0\" \/><input type=\"hidden\" name=\"_wpcf7_posted_data_hash\" value=\"\" \/><input type=\"hidden\" name=\"_wpcf7_recaptcha_response\" value=\"\" \/>\n<\/fieldset>\n<p><label> Ihr Name:<br \/>\n<span class=\"wpcf7-form-control-wrap\" data-name=\"your-name\"><input size=\"40\" maxlength=\"400\" class=\"wpcf7-form-control wpcf7-text wpcf7-validates-as-required\" aria-required=\"true\" aria-invalid=\"false\" value=\"\" type=\"text\" name=\"your-name\" \/><\/span> <\/label>\n<\/p>\n<p><label> Ihr Telefon:<br \/>\n<span class=\"wpcf7-form-control-wrap\" data-name=\"tel-984\"><input size=\"40\" maxlength=\"400\" class=\"wpcf7-form-control wpcf7-tel wpcf7-text wpcf7-validates-as-tel\" aria-invalid=\"false\" value=\"\" type=\"tel\" name=\"tel-984\" \/><\/span> <\/label>\n<\/p>\n<p><label> Ihre e-mail:<br \/>\n<span class=\"wpcf7-form-control-wrap\" data-name=\"your-email\"><input size=\"40\" maxlength=\"400\" class=\"wpcf7-form-control wpcf7-email wpcf7-validates-as-required wpcf7-text wpcf7-validates-as-email\" aria-required=\"true\" aria-invalid=\"false\" value=\"\" type=\"email\" name=\"your-email\" \/><\/span> <\/label>\n<\/p>\n<p><label> Betreff:<br \/>\n<span class=\"wpcf7-form-control-wrap\" data-name=\"your-subject\"><input size=\"40\" maxlength=\"400\" class=\"wpcf7-form-control wpcf7-text\" aria-invalid=\"false\" value=\"\" type=\"text\" name=\"your-subject\" \/><\/span> <\/label>\n<\/p>\n<p><label> Ihre Nachricht f\u00fcr uns:<br \/>\n<span class=\"wpcf7-form-control-wrap\" data-name=\"your-message\"><textarea cols=\"40\" rows=\"10\" maxlength=\"2000\" class=\"wpcf7-form-control wpcf7-textarea\" aria-invalid=\"false\" name=\"your-message\"><\/textarea><\/span> <\/label>\n<\/p>\n<p><span class=\"wpcf7-form-control-wrap\" data-name=\"acceptance-883\"><span class=\"wpcf7-form-control wpcf7-acceptance\"><span class=\"wpcf7-list-item\"><input type=\"checkbox\" name=\"acceptance-883\" value=\"1\" aria-invalid=\"false\" \/><\/span><\/span><\/span><label class=\"accept-checkbox\">Ich akzeptiere die Datenschutzerkl\u00e4rung dieser Webseite<\/label><label><br \/>\n<input class=\"wpcf7-form-control wpcf7-submit has-spinner\" type=\"submit\" value=\"ABSENDEN\" \/><\/label>\n<\/p><p style=\"display: none !important;\" class=\"akismet-fields-container\" data-prefix=\"_wpcf7_ak_\"><label>&#916;<textarea name=\"_wpcf7_ak_hp_textarea\" cols=\"45\" rows=\"8\" maxlength=\"100\"><\/textarea><\/label><input type=\"hidden\" id=\"ak_js_1\" name=\"_wpcf7_ak_js\" value=\"31\"\/><script>document.getElementById( \"ak_js_1\" ).setAttribute( \"value\", ( new Date() ).getTime() );<\/script><\/p><div class=\"wpcf7-response-output\" aria-hidden=\"true\"><\/div>\n<\/form>\n<\/div>\n\n\n\n\t\t<\/div>\n\t\t\t\t\t<\/div>\n\n\t\n\n\t<div id=\"col-180711242\" class=\"col medium-6 small-12 large-6\"  >\n\t\t\t\t<div class=\"col-inner\"  >\n\t\t\t\n\t\t\t\n\n<div class=\"container section-title-container\" ><h3 class=\"section-title section-title-center\"><b><\/b><span class=\"section-title-main\" >H\u00e4ufig gestellte Fragen (FAQ)<\/span><b><\/b><\/h3><\/div>\n\n<div class=\"accordion\">\n\n\t<div id=\"accordion-1829754626\" class=\"accordion-item\">\n\t\t<a id=\"accordion-1829754626-label\" class=\"accordion-title plain\" href=\"#accordion-item-wie-bezahle-ich-meine-bestellung?\" aria-expanded=\"false\" aria-controls=\"accordion-1829754626-content\" >\n\t\t\t<button class=\"toggle\" aria-label=\"Umschalten\"><i class=\"icon-angle-down\"><\/i><\/button>\n\t\t\t<span>Wie bezahle ich meine Bestellung?<\/span>\n\t\t<\/a>\n\t\t<div id=\"accordion-1829754626-content\" class=\"accordion-inner\" aria-labelledby=\"accordion-1829754626-label\" >\n\t\t\t\n\n<p>Sie k\u00f6nnen PayPal, Stripe oder Bank\u00fcberweisung verwenden. Denken Sie daran, dass Sie, selbst wenn Sie kein PayPal-Konto haben, immer noch per PayPal mit Ihrer Kreditkarte bezahlen k\u00f6nnen, ohne ein Konto bei ihnen er\u00f6ffnen zu m\u00fcssen.<\/p>\n\n\t\t<\/div>\n\t<\/div>\n\t\n\n<\/div>\n<div class=\"accordion\">\n\n\t<div id=\"accordion-866426770\" class=\"accordion-item\">\n\t\t<a id=\"accordion-866426770-label\" class=\"accordion-title plain\" href=\"#accordion-item-wie-kann-ich-sicher-sein,-dass-meine-kreditkartendaten-gesch\u00fctzt-bleiben?\" aria-expanded=\"false\" aria-controls=\"accordion-866426770-content\" >\n\t\t\t<button class=\"toggle\" aria-label=\"Umschalten\"><i class=\"icon-angle-down\"><\/i><\/button>\n\t\t\t<span>Wie kann ich sicher sein, dass meine Kreditkartendaten gesch\u00fctzt bleiben?<\/span>\n\t\t<\/a>\n\t\t<div id=\"accordion-866426770-content\" class=\"accordion-inner\" aria-labelledby=\"accordion-866426770-label\" >\n\t\t\t\n\n<p>Mitteilungen mit <a href=\"https:\/\/www.lineacor.com\/de\/\">https:\/\/www.lineacor.com\/de\/<\/a> zum Senden Ihrer pers\u00f6nlichen Daten oder Kreditkarten erfolgen \u00fcber seinen sicheren Server mit SSL-Zertifikat.<\/p>\n\n\t\t<\/div>\n\t<\/div>\n\t\n\n<\/div>\n<div class=\"accordion\">\n\n\t<div id=\"accordion-2365670338\" class=\"accordion-item\">\n\t\t<a id=\"accordion-2365670338-label\" class=\"accordion-title plain\" href=\"#accordion-item-was-kostet-der-versand?\" aria-expanded=\"false\" aria-controls=\"accordion-2365670338-content\" >\n\t\t\t<button class=\"toggle\" aria-label=\"Umschalten\"><i class=\"icon-angle-down\"><\/i><\/button>\n\t\t\t<span>Was kostet der Versand?<\/span>\n\t\t<\/a>\n\t\t<div id=\"accordion-2365670338-content\" class=\"accordion-inner\" aria-labelledby=\"accordion-2365670338-label\" >\n\t\t\t\n\n<p>Das System f\u00fchrt die Berechnung automatisch auf Basis von drei Variablen, Gewicht, Volumen und Ziel, durch und Sie werden im Zuge des Kaufes dar\u00fcber informiert.<\/p>\n\n\t\t<\/div>\n\t<\/div>\n\t\n\n<\/div>\n<div class=\"accordion\">\n\n\t<div id=\"accordion-2045462986\" class=\"accordion-item\">\n\t\t<a id=\"accordion-2045462986-label\" class=\"accordion-title plain\" href=\"#accordion-item-versandzeit?\" aria-expanded=\"false\" aria-controls=\"accordion-2045462986-content\" >\n\t\t\t<button class=\"toggle\" aria-label=\"Umschalten\"><i class=\"icon-angle-down\"><\/i><\/button>\n\t\t\t<span>Versandzeit?<\/span>\n\t\t<\/a>\n\t\t<div id=\"accordion-2045462986-content\" class=\"accordion-inner\" aria-labelledby=\"accordion-2045462986-label\" >\n\t\t\t\n\n<p>in Abh\u00e4ngigkeit einer Arbeitsvorbereitung von 1 oder 2 Tagen wird die Ware binnen 1 \u2013 3 Tagen versendet. \u00a0<\/p>\n\n\t\t<\/div>\n\t<\/div>\n\t\n\n<\/div>\n<div class=\"accordion\">\n\n\t<div id=\"accordion-2687102226\" class=\"accordion-item\">\n\t\t<a id=\"accordion-2687102226-label\" class=\"accordion-title plain\" href=\"#accordion-item-kann-ich-meine-eink\u00e4ufe-zur\u00fcckgeben?\" aria-expanded=\"false\" aria-controls=\"accordion-2687102226-content\" >\n\t\t\t<button class=\"toggle\" aria-label=\"Umschalten\"><i class=\"icon-angle-down\"><\/i><\/button>\n\t\t\t<span>Kann ich meine Eink\u00e4ufe zur\u00fcckgeben?<\/span>\n\t\t<\/a>\n\t\t<div id=\"accordion-2687102226-content\" class=\"accordion-inner\" aria-labelledby=\"accordion-2687102226-label\" >\n\t\t\t\n\n<p>Ja, innerhalb von 14 Tagen ab dem Datum des Liefertages.<\/p>\n\n\t\t<\/div>\n\t<\/div>\n\t\n\n<\/div>\n<div class=\"accordion\">\n\n\t<div id=\"accordion-1789375054\" class=\"accordion-item\">\n\t\t<a id=\"accordion-1789375054-label\" class=\"accordion-title plain\" href=\"#accordion-item-was-soll-ich-tun,-wenn-ich-eine-r\u00fccksendung-machen-m\u00f6chte?\" aria-expanded=\"false\" aria-controls=\"accordion-1789375054-content\" >\n\t\t\t<button class=\"toggle\" aria-label=\"Umschalten\"><i class=\"icon-angle-down\"><\/i><\/button>\n\t\t\t<span>Was soll ich tun, wenn ich eine R\u00fccksendung machen m\u00f6chte?<\/span>\n\t\t<\/a>\n\t\t<div id=\"accordion-1789375054-content\" class=\"accordion-inner\" aria-labelledby=\"accordion-1789375054-label\" >\n\t\t\t\n\n<p>Kontaktieren Sie uns \u00fcber unser Kontaktformular mit Angabe Ihrer Bestellnummer und des Grunds f\u00fcr die R\u00fccksendung.<\/p>\n\n\t\t<\/div>\n\t<\/div>\n\t\n\n<\/div>\n<div class=\"accordion\">\n\n\t<div id=\"accordion-3717591411\" class=\"accordion-item\">\n\t\t<a id=\"accordion-3717591411-label\" class=\"accordion-title plain\" href=\"#accordion-item-wie-kann-ich-den-kundendienst-kontaktieren?\" aria-expanded=\"false\" aria-controls=\"accordion-3717591411-content\" >\n\t\t\t<button class=\"toggle\" aria-label=\"Umschalten\"><i class=\"icon-angle-down\"><\/i><\/button>\n\t\t\t<span>Wie kann ich den Kundendienst kontaktieren?<\/span>\n\t\t<\/a>\n\t\t<div id=\"accordion-3717591411-content\" class=\"accordion-inner\" aria-labelledby=\"accordion-3717591411-label\" >\n\t\t\t\n\n<p>Sie erreichen uns entweder \u00fcber unser Kontaktformular oder telefonisch unter +49 (0) 6232-9191411 von Montag bis Freitag i. d. Regel von 8 \u2013 17.00 Uhr.<\/p>\n\n\t\t<\/div>\n\t<\/div>\n\t\n\n<\/div>\n\n\t\t<\/div>\n\t\t\t\t\t<\/div>\n\n\t\n\n<\/div>\n\n","protected":false},"excerpt":{"rendered":"","protected":false},"author":1,"featured_media":0,"parent":0,"menu_order":0,"comment_status":"closed","ping_status":"closed","template":"page-blank.php","meta":{"footnotes":""},"class_list":["post-142","page","type-page","status-publish","hentry"],"_links":{"self":[{"href":"https:\/\/www.lineacor.com\/de\/wp-json\/wp\/v2\/pages\/142","targetHints":{"allow":["GET"]}}],"collection":[{"href":"https:\/\/www.lineacor.com\/de\/wp-json\/wp\/v2\/pages"}],"about":[{"href":"https:\/\/www.lineacor.com\/de\/wp-json\/wp\/v2\/types\/page"}],"author":[{"embeddable":true,"href":"https:\/\/www.lineacor.com\/de\/wp-json\/wp\/v2\/users\/1"}],"replies":[{"embeddable":true,"href":"https:\/\/www.lineacor.com\/de\/wp-json\/wp\/v2\/comments?post=142"}],"version-history":[{"count":2,"href":"https:\/\/www.lineacor.com\/de\/wp-json\/wp\/v2\/pages\/142\/revisions"}],"predecessor-version":[{"id":3177,"href":"https:\/\/www.lineacor.com\/de\/wp-json\/wp\/v2\/pages\/142\/revisions\/3177"}],"wp:attachment":[{"href":"https:\/\/www.lineacor.com\/de\/wp-json\/wp\/v2\/media?parent=142"}],"curies":[{"name":"wp","href":"https:\/\/api.w.org\/{rel}","templated":true}]}}