{"id":314,"date":"2017-06-02T12:25:41","date_gmt":"2017-06-02T11:25:41","guid":{"rendered":"https:\/\/www.lineacor.com\/de\/?page_id=314"},"modified":"2023-05-17T10:49:34","modified_gmt":"2023-05-17T09:49:34","slug":"datenschutz","status":"publish","type":"page","link":"https:\/\/www.lineacor.com\/de\/datenschutz\/","title":{"rendered":"Datenschutz"},"content":{"rendered":"\n<p>\u00dcber diese Datenschutzerkl\u00e4rung informiert OXIDACION VIDMETAL, S.L. die Nutzer dieser Website in \u00dcbereinstimmung mit dem Organgesetz 15\/1999 vom 13. Dezember, Schutz personenbezogener Daten (im Folgenden LOPD), \u00fcber ihre Politik des Schutzes personenbezogener Daten, damit sie ausdr\u00fccklich, frei und freiwillig entscheiden, ob sie oxidaSE VIDMETAL, S.L. die angeforderten personenbezogenen Daten zur Verf\u00fcgung stellen m\u00f6chten. OXIDACION VIDMETAL, S.L. beh\u00e4lt sich das Recht vor, diese Richtlinie zu \u00e4ndern und Sie im Voraus \u00fcber die \u00c4nderungen zu informieren, die durch diese Mitteilung auftreten.<\/p>\n<p>Sie erm\u00e4chtigen OXIDACION VIDMETAL, S.L., Ihre Daten in eine Datei aufzunehmen und zu verarbeiten, indem Sie Ihre personenbezogenen Daten freiwillig \u00fcber jede Form dieser Website oder elektronischen Nachricht bereitstellen und deren Zusendung akzeptieren. Eigentum von OXIDACION VIDMETAL, S.L., ordnungsgem\u00e4\u00df bei der Agentur f\u00fcr Daten registriert Protection.In jedem der Formulare, in denen personenbezogene Daten erhoben werden, erh\u00e4lt der Nutzer von OXIDACION VIDMETAL, S.L. detaillierte Informationen \u00fcber die zweck, die Verwendung Ihrer Daten, die obligatorische oder fakultative Art Ihrer Antworten, die Folgen der Verweigerung ihrer Bereitstellung und im Allgemeinen aller Erw\u00e4hnungen, die nach den geltenden Datenschutzgesetzen der pers\u00f6nlichen Charakter, der in jedem Fall vom Nutzer ausdr\u00fccklich akzeptiert werden muss. OXIDACION VIDMETAL, S.L. verpflichtet sich, die personenbezogenen Daten des Nutzers in \u00dcbereinstimmung mit den Bestimmungen der geltenden Datenschutzgesetzgebung zu verarbeiten. Der Nutzer verpflichtet sich, die an OXIDACION VIDMETAL, S.L. \u00fcbermittelten Daten ordnungsgem\u00e4\u00df zu aktualisieren. OXIDACION VIDMETAL, S.L. hat ein Profil in den wichtigsten sozialen Netzwerken des Internets in allen F\u00e4llen f\u00fcr die Verarbeitung der Daten seiner Anh\u00e4nger, Fans, Abonnenten, Kommentatoren und andere Nutzerprofile verantwortlich anerkannt.\u00a0 Die Verarbeitung, die OXIDACION VIDMETAL, S.L. solche Daten durchf\u00fchren wird, wird h\u00f6chstens diejenige sein, die das soziale Netzwerk Unternehmensprofile zul\u00e4sst. In keinem Fall wird OXIDACION VIDMETAL, S.L. Daten aus sozialen Netzwerken extrahieren, es sei denn, die Zustimmung des Nutzers wurde ausdr\u00fccklich zu diesem Zweck eingeholt.<\/p>\n<p>OXIDATION VIDMETAL, S.L. hat die erforderlichen technischen Ma\u00dfnahmen ergriffen, um die \u00c4nderung, den Verlust oder die unbefugte Verarbeitung der von Ihnen zur Verf\u00fcgung gestellten personenbezogenen Daten unter Ber\u00fccksichtigung der durch das Internet gebotenen Einschr\u00e4nkungen zu verhindern. Sie k\u00f6nnen die Rechte auf Zugang, Berichtigung, L\u00f6schung und Widerspruch in den in der geltenden Gesetzgebung festgelegten Bedingungen durch die E-Mail info@lineacor.com oder schriftliche Mitteilung an OXIDACION VIDMETAL, S.L., C\/ Segle XXI, 84 aus\u00fcben.\u00a008840 Viladecans.<\/p>\n\n","protected":false},"excerpt":{"rendered":"<p>\u00dcber diese Datenschutzerkl\u00e4rung informiert OXIDACION VIDMETAL, S.L. die Nutzer dieser Website in \u00dcbereinstimmung mit dem Organgesetz 15\/1999 vom 13. Dezember, Schutz personenbezogener Daten (im Folgenden LOPD), \u00fcber ihre Politik des Schutzes personenbezogener Daten, damit sie ausdr\u00fccklich, frei und freiwillig entscheiden, ob sie oxidaSE VIDMETAL, S.L. die angeforderten personenbezogenen Daten zur Verf\u00fcgung stellen m\u00f6chten. OXIDACION VIDMETAL, [&#8230;]\n","protected":false},"author":1,"featured_media":0,"parent":0,"menu_order":0,"comment_status":"closed","ping_status":"closed","template":"page-blank-title-center.php","meta":{"footnotes":""},"class_list":["post-314","page","type-page","status-publish","hentry"],"_links":{"self":[{"href":"https:\/\/www.lineacor.com\/de\/wp-json\/wp\/v2\/pages\/314","targetHints":{"allow":["GET"]}}],"collection":[{"href":"https:\/\/www.lineacor.com\/de\/wp-json\/wp\/v2\/pages"}],"about":[{"href":"https:\/\/www.lineacor.com\/de\/wp-json\/wp\/v2\/types\/page"}],"author":[{"embeddable":true,"href":"https:\/\/www.lineacor.com\/de\/wp-json\/wp\/v2\/users\/1"}],"replies":[{"embeddable":true,"href":"https:\/\/www.lineacor.com\/de\/wp-json\/wp\/v2\/comments?post=314"}],"version-history":[{"count":1,"href":"https:\/\/www.lineacor.com\/de\/wp-json\/wp\/v2\/pages\/314\/revisions"}],"predecessor-version":[{"id":3034,"href":"https:\/\/www.lineacor.com\/de\/wp-json\/wp\/v2\/pages\/314\/revisions\/3034"}],"wp:attachment":[{"href":"https:\/\/www.lineacor.com\/de\/wp-json\/wp\/v2\/media?parent=314"}],"curies":[{"name":"wp","href":"https:\/\/api.w.org\/{rel}","templated":true}]}}