{"id":106,"date":"2021-11-01T00:33:39","date_gmt":"2021-10-31T23:33:39","guid":{"rendered":"https:\/\/lineacor.com\/lineacor\/?post_type=product&#038;p=106"},"modified":"2026-03-08T12:33:29","modified_gmt":"2026-03-08T11:33:29","slug":"bz-cor-nature-mate","status":"publish","type":"product","link":"https:\/\/www.lineacor.com\/de\/produkt\/bz-cor-nature-mate\/","title":{"rendered":"bz-COR Naturmatt"},"content":{"rendered":"<h1><span style=\"font-size: 110%;\"><strong>bz-COR Naturmatt<\/strong><\/span><\/h1>\n<p>Es ist ein Lack mit mattem Finish und sehr nat\u00fcrlichem Aussehen, f\u00fcr den Einsatz auf Oberfl\u00e4chen, die f\u00fcr den Einbau in INNENRAUM bestimmt sind. Es ist ein Lack reich an Nuancen, der sehr gut mit dem Stoppbad<a href=\"https:\/\/www.lineacor.com\/de\/produkt\/bp-cor-stoppbad\/\"><span style=\"color: #e14d43;\"><strong> bp-COR<\/strong><\/span><\/a> verschmilzt und der oxidierten Oberfl\u00e4che des Cortens H\u00e4rte verleiht.<\/p>\n<p>Es hat guten Halt auf Oberfl\u00e4chen wo die Walzhaut mittels Sandtrahltechnik oder mit unserem <a href=\"https:\/\/www.lineacor.com\/de\/produkt\/dx-cor-walzhaut-entferner\/\"><span style=\"color: #e14d43;\"><strong>dx-COR<\/strong><\/span><\/a> Walzhautentferner etnfernt wurde. Er hat eine schnelle Trocknungszeit, wenn auch langsamer als sein Pendant <a href=\"https:\/\/www.lineacor.com\/de\/produkt\/bz-cor-varnish-protector\/\"><span style=\"color: #e14d43;\"><strong>bz-COR<\/strong><\/span><\/a> (Satin). Es werden mindestens 2-3 Schichten f\u00fcr eine signifikante H\u00e4rte auf der Oberfl\u00e4che empfohlen..<\/p>\n<p><strong>SEHR WICHTIG:<\/strong> Bitte lesen Sie das techn. Produktdatenblatt und das Sicherheitsdatenblatt sorgf\u00e4ltig f\u00fcr die ordnungsgem\u00e4\u00dfe Verwendung durch, sowohl f\u00fcr die Anwendungstechnik, um die gew\u00fcnschten Ergebnisse zu erzielen, als auch um Sicherheits- und Umweltschutzstandards zu erf\u00fcllen.<\/p>\n<p>Um diesen Lack aufzutragen, ist es wichtig, das <a href=\"https:\/\/www.lineacor.com\/de\/produkt\/bp-cor-stoppbad\/\"><span style=\"color: #e14d43;\"><strong>bp-COR<\/strong><\/span><\/a> Stoppbad mindestens f\u00fcr 48 Stunden trocknet. Je nach Lacktyp ist es auch notwendig, <a href=\"https:\/\/www.lineacor.com\/de\/produkt\/bz-cor-varnish-protector\/\"><span style=\"color: #e14d43;\"><strong>bz-COR<\/strong><\/span><\/a> als Membran zwischen der behandelten Oberfl\u00e4che (<a href=\"https:\/\/www.lineacor.com\/de\/produkt\/act-cor-rostaktivator\/\"><span style=\"color: #e14d43;\"><strong>act-COR Oxidation<\/strong><\/span><\/a> + <a href=\"https:\/\/www.lineacor.com\/de\/produkt\/bp-cor-stoppbad\/\"><span style=\"color: #e14d43;\"><strong>bp-COR Stoppbad<\/strong><\/span><\/a>) und dem gew\u00e4hlten Lack aufzutragen.<\/p>\n<p>&nbsp;<\/p>\n","protected":false},"excerpt":{"rendered":"<p>bz-COR Naturmatt Es ist ein Lack mit mattem Finish und sehr nat\u00fcrlichem Aussehen, f\u00fcr den Einsatz auf Oberfl\u00e4chen, die f\u00fcr den Einbau in INNENRAUM bestimmt sind. Es ist ein Lack reich an Nuancen, der sehr gut mit dem Stoppbad bp-COR verschmilzt und der oxidierten Oberfl\u00e4che des Cortens H\u00e4rte verleiht. Es hat guten Halt auf Oberfl\u00e4chen [&#8230;]\n","protected":false},"featured_media":2372,"comment_status":"closed","ping_status":"closed","template":"","meta":[],"product_brand":[],"product_cat":[8],"product_tag":[],"class_list":{"0":"post-106","1":"product","2":"type-product","3":"status-publish","4":"has-post-thumbnail","6":"product_cat-schutzschicht-lacke","8":"first","9":"instock","10":"taxable","11":"shipping-taxable","12":"purchasable","13":"product-type-variable"},"_links":{"self":[{"href":"https:\/\/www.lineacor.com\/de\/wp-json\/wp\/v2\/product\/106","targetHints":{"allow":["GET"]}}],"collection":[{"href":"https:\/\/www.lineacor.com\/de\/wp-json\/wp\/v2\/product"}],"about":[{"href":"https:\/\/www.lineacor.com\/de\/wp-json\/wp\/v2\/types\/product"}],"replies":[{"embeddable":true,"href":"https:\/\/www.lineacor.com\/de\/wp-json\/wp\/v2\/comments?post=106"}],"wp:featuredmedia":[{"embeddable":true,"href":"https:\/\/www.lineacor.com\/de\/wp-json\/wp\/v2\/media\/2372"}],"wp:attachment":[{"href":"https:\/\/www.lineacor.com\/de\/wp-json\/wp\/v2\/media?parent=106"}],"wp:term":[{"taxonomy":"product_brand","embeddable":true,"href":"https:\/\/www.lineacor.com\/de\/wp-json\/wp\/v2\/product_brand?post=106"},{"taxonomy":"product_cat","embeddable":true,"href":"https:\/\/www.lineacor.com\/de\/wp-json\/wp\/v2\/product_cat?post=106"},{"taxonomy":"product_tag","embeddable":true,"href":"https:\/\/www.lineacor.com\/de\/wp-json\/wp\/v2\/product_tag?post=106"}],"curies":[{"name":"wp","href":"https:\/\/api.w.org\/{rel}","templated":true}]}}