{"id":109,"date":"2021-11-01T00:34:33","date_gmt":"2021-10-31T23:34:33","guid":{"rendered":"https:\/\/lineacor.com\/lineacor\/?post_type=product&#038;p=109"},"modified":"2026-01-19T22:02:22","modified_gmt":"2026-01-19T21:02:22","slug":"bz-cor-varnish-protector","status":"publish","type":"product","link":"https:\/\/www.lineacor.com\/de\/produkt\/bz-cor-varnish-protector\/","title":{"rendered":"bz-COR Schutzlack"},"content":{"rendered":"<h1><strong>bz-COR Schutzlack<\/strong><\/h1>\n<p>Zu unserem Sortiment an Schutz- und Veredelungslacken geh\u00f6rt <span style=\"color: #e14d43;\"><strong>bz-COR<\/strong><\/span> mit satiniertem Aussehen. Dieser Lack hat eine doppelte Funktion, dient als Membrane f\u00fcr die Polyurethan-Lacke, die wir unten hinzugef\u00fcgt haben. Wenn dieser Lack als letzte Schicht aufgetragen wird erscheint er als satinierte Oberfl\u00e4che im INNENRAUM, vorausgesetzt die Oberfl\u00e4che wird keinem Kontakt mit Wasser, hoher, konstanter Feuchtigkeit oder vielen, leichten Reibungen ausgesetzt. Er ist ein Lack mittlerer H\u00e4rte, einfach anzuwenden mit schneller Trocknung.<\/p>\n<p><strong>SEHR WICHTIG:<\/strong> Bitte lesen Sie das das techn. Produktdatenblatt und das das Sicherheitsdatenblatt sorgf\u00e4ltig f\u00fcr die ordnungsgem\u00e4\u00dfe Verwendung durch, sowohl f\u00fcr die Anwendungstechnik, um die gew\u00fcnschten Ergebnisse zu erzielen, als auch um Sicherheits- und Umweltschutzstandards zu erf\u00fcllen.<\/p>\n<p>Um den <strong><span style=\"color: #e14d43;\">bz-COR<\/span>-Lack<\/strong> aufzutragen, ist es sehr wichtig das die Oxidation mit <a href=\"https:\/\/www.lineacor.com\/de\/produkt\/bp-cor-stoppbad\/\"><span style=\"color: #e14d43;\"><strong>bp-COR<\/strong><\/span><\/a> gestoppt wurde und mindestens 48 Stunden getrocknet ist.<\/p>\n<p>&nbsp;<\/p>\n","protected":false},"excerpt":{"rendered":"<p>bz-COR Schutzlack Zu unserem Sortiment an Schutz- und Veredelungslacken geh\u00f6rt bz-COR mit satiniertem Aussehen. Dieser Lack hat eine doppelte Funktion, dient als Membrane f\u00fcr die Polyurethan-Lacke, die wir unten hinzugef\u00fcgt haben. Wenn dieser Lack als letzte Schicht aufgetragen wird erscheint er als satinierte Oberfl\u00e4che im INNENRAUM, vorausgesetzt die Oberfl\u00e4che wird keinem Kontakt mit Wasser, hoher, [&#8230;]\n","protected":false},"featured_media":2369,"comment_status":"closed","ping_status":"closed","template":"","meta":[],"product_brand":[],"product_cat":[8],"product_tag":[],"class_list":{"0":"post-109","1":"product","2":"type-product","3":"status-publish","4":"has-post-thumbnail","6":"product_cat-schutzschicht-lacke","8":"first","9":"instock","10":"taxable","11":"shipping-taxable","12":"purchasable","13":"product-type-variable"},"_links":{"self":[{"href":"https:\/\/www.lineacor.com\/de\/wp-json\/wp\/v2\/product\/109","targetHints":{"allow":["GET"]}}],"collection":[{"href":"https:\/\/www.lineacor.com\/de\/wp-json\/wp\/v2\/product"}],"about":[{"href":"https:\/\/www.lineacor.com\/de\/wp-json\/wp\/v2\/types\/product"}],"replies":[{"embeddable":true,"href":"https:\/\/www.lineacor.com\/de\/wp-json\/wp\/v2\/comments?post=109"}],"wp:featuredmedia":[{"embeddable":true,"href":"https:\/\/www.lineacor.com\/de\/wp-json\/wp\/v2\/media\/2369"}],"wp:attachment":[{"href":"https:\/\/www.lineacor.com\/de\/wp-json\/wp\/v2\/media?parent=109"}],"wp:term":[{"taxonomy":"product_brand","embeddable":true,"href":"https:\/\/www.lineacor.com\/de\/wp-json\/wp\/v2\/product_brand?post=109"},{"taxonomy":"product_cat","embeddable":true,"href":"https:\/\/www.lineacor.com\/de\/wp-json\/wp\/v2\/product_cat?post=109"},{"taxonomy":"product_tag","embeddable":true,"href":"https:\/\/www.lineacor.com\/de\/wp-json\/wp\/v2\/product_tag?post=109"}],"curies":[{"name":"wp","href":"https:\/\/api.w.org\/{rel}","templated":true}]}}