{"id":112,"date":"2021-11-01T00:32:40","date_gmt":"2021-10-31T23:32:40","guid":{"rendered":"https:\/\/lineacor.com\/lineacor\/?post_type=product&#038;p=112"},"modified":"2025-06-17T16:55:34","modified_gmt":"2025-06-17T15:55:34","slug":"bz-cor-polyurethane-gloss-finish","status":"publish","type":"product","link":"https:\/\/www.lineacor.com\/de\/produkt\/bz-cor-polyurethane-gloss-finish\/","title":{"rendered":"bz-COR Polyurethan gloss"},"content":{"rendered":"<h1><strong>bz-COR Polyurethan gloss<\/strong><\/h1>\n<p>Dieser Polyurethanlack hat eine gl\u00e4nzende Erscheinung f\u00fcr Au\u00dfenbereich.\u00a0 Es handelt sich um einen Einkomponentenlack mit hoher H\u00e4rte, den wir auf <a href=\"https:\/\/www.lineacor.com\/de\/produktkategorien\/schutzschicht-lacke\/page\/2\/\"><span style=\"color: #e14d43;\"><strong>bz-COR<\/strong><\/span><\/a>-Lack auftragen, wobei <span style=\"color: #e14d43;\"><strong>bz-COR<\/strong><\/span> als erste Schicht fungiert die auf Wasserbasis wie <a href=\"https:\/\/www.lineacor.com\/de\/produkt\/bp-cor-stoppbad\/\"><span style=\"color: #e14d43;\"><strong>bp-COR<\/strong><\/span><\/a> stopp fungiert, Die Haftung und die Verbindung wird besser als direkt auf dem <span style=\"color: #e14d43;\"><strong>bp-COR<\/strong><\/span> stoppbad. So vermeiden wir eine m\u00f6gliche OSMOSIS, verursacht durch einen schlechte Haftung und durch Sauerstoffretention zwischen dem Stoppbad und dem Endlack. Es sollte ber\u00fccksichtigt werden, dass im Laufe der Zeit die Helligkeit nuanciert und in Richtung seidenglanz sich neigt, verursacht\u00a0 \u00a0durch die Wirkung von Sonne und Regen, etc., so wie es bei allen hellen Lacken entsteht.<\/p>\n<p><strong>SEHR WICHTIG:<\/strong> Bitte lesen Sie das techn. Produktdatenblatt und das Sicherheitsdatenblatt sorgf\u00e4ltig f\u00fcr die ordnungsgem\u00e4\u00dfe Verwendung durch, sowohl f\u00fcr die Anwendungstechnik, um die gew\u00fcnschten Ergebnisse zu erzielen, als auch um Sicherheits- und Umweltschutzstandards zu erf\u00fcllen.<\/p>\n<p>&nbsp;<\/p>\n","protected":false},"excerpt":{"rendered":"<p>bz-COR Polyurethan gloss Dieser Polyurethanlack hat eine gl\u00e4nzende Erscheinung f\u00fcr Au\u00dfenbereich.\u00a0 Es handelt sich um einen Einkomponentenlack mit hoher H\u00e4rte, den wir auf bz-COR-Lack auftragen, wobei bz-COR als erste Schicht fungiert die auf Wasserbasis wie bp-COR stopp fungiert, Die Haftung und die Verbindung wird besser als direkt auf dem bp-COR stoppbad. So vermeiden wir eine [&#8230;]\n","protected":false},"featured_media":2375,"comment_status":"closed","ping_status":"closed","template":"","meta":[],"product_brand":[],"product_cat":[8],"product_tag":[],"class_list":{"0":"post-112","1":"product","2":"type-product","3":"status-publish","4":"has-post-thumbnail","6":"product_cat-schutzschicht-lacke","8":"first","9":"outofstock","10":"taxable","11":"shipping-taxable","12":"purchasable","13":"product-type-variable"},"_links":{"self":[{"href":"https:\/\/www.lineacor.com\/de\/wp-json\/wp\/v2\/product\/112","targetHints":{"allow":["GET"]}}],"collection":[{"href":"https:\/\/www.lineacor.com\/de\/wp-json\/wp\/v2\/product"}],"about":[{"href":"https:\/\/www.lineacor.com\/de\/wp-json\/wp\/v2\/types\/product"}],"replies":[{"embeddable":true,"href":"https:\/\/www.lineacor.com\/de\/wp-json\/wp\/v2\/comments?post=112"}],"wp:featuredmedia":[{"embeddable":true,"href":"https:\/\/www.lineacor.com\/de\/wp-json\/wp\/v2\/media\/2375"}],"wp:attachment":[{"href":"https:\/\/www.lineacor.com\/de\/wp-json\/wp\/v2\/media?parent=112"}],"wp:term":[{"taxonomy":"product_brand","embeddable":true,"href":"https:\/\/www.lineacor.com\/de\/wp-json\/wp\/v2\/product_brand?post=112"},{"taxonomy":"product_cat","embeddable":true,"href":"https:\/\/www.lineacor.com\/de\/wp-json\/wp\/v2\/product_cat?post=112"},{"taxonomy":"product_tag","embeddable":true,"href":"https:\/\/www.lineacor.com\/de\/wp-json\/wp\/v2\/product_tag?post=112"}],"curies":[{"name":"wp","href":"https:\/\/api.w.org\/{rel}","templated":true}]}}