{"id":115,"date":"2021-11-01T00:31:13","date_gmt":"2021-10-31T23:31:13","guid":{"rendered":"https:\/\/lineacor.com\/lineacor\/?post_type=product&#038;p=115"},"modified":"2026-03-17T14:01:40","modified_gmt":"2026-03-17T13:01:40","slug":"bz-cor-polyurethane-sa-tex","status":"publish","type":"product","link":"https:\/\/www.lineacor.com\/de\/produkt\/bz-cor-polyurethane-sa-tex\/","title":{"rendered":"bz-COR Polyurethan SAT-EX"},"content":{"rendered":"<h1><strong>bz-COR Polyurethan SAT-EX<\/strong><\/h1>\n<p>Es ist ein Zweikomponenten-Polyurethanlack der mit dem Katalysator im Verh\u00e4ltnis 10:1 anger\u00fchrt wird.\u00a0 Er ist transparent, mittelviskos und mit einer schnellen Trocknungszeit zwischen den Schichten, hat eine gute H\u00e4rte auf Stahloberfl\u00e4chen die im Freien installiert werden. Er haftet mit gro\u00dfer Kraft auf dem <a href=\"https:\/\/www.lineacor.com\/de\/produkt\/bz-cor-varnish-protector\/\"><span style=\"color: #e14d43;\"><strong>bz-COR<\/strong><\/span><\/a> Membranlack und hinterl\u00e4sst eine ziemlich glatte und samtige Oberfl\u00e4che.<\/p>\n<p><strong>SEHR WICHTIG:<\/strong> Bitte lesen Sie das techn. Produktdatenblatt und das Sicherheitsdatenblatt sorgf\u00e4ltig f\u00fcr die ordnungsgem\u00e4\u00dfe Verwendung durch, sowohl f\u00fcr die Anwendungstechnik, um die gew\u00fcnschten Ergebnisse zu erzielen, als auch um Sicherheits- und Umweltschutzstandards zu erf\u00fcllen.<\/p>\n<p>Verwenden Sie SAT-EX nur mit kaltgewalztem Cor-Ten\u00a9-Stahl oder auch mit warmgewalztgem Cor-Ten\u00a9 Stahl dessen Walzhaut vorher mittels Sandstrahltechnik entfernt wurde.<\/p>\n<p>Um diesen Lack aufzutragen, ist es wichtig, das <a href=\"https:\/\/www.lineacor.com\/de\/produkt\/bp-cor-stoppbad\/\"><span style=\"color: #e14d43;\"><strong>bp-COR<\/strong><\/span><\/a> Stoppbad mindestens f\u00fcr 48 Stunden trocknet. Je nach Lacktyp ist es auch notwendig, <a href=\"https:\/\/www.lineacor.com\/de\/produkt\/bz-cor-varnish-protector\/\"><span style=\"color: #e14d43;\"><strong>bz-COR<\/strong><\/span><\/a> als Membran zwischen der behandelten Oberfl\u00e4che (<a href=\"https:\/\/www.lineacor.com\/de\/produkt\/act-cor-rostaktivator\/\"><span style=\"color: #e14d43;\"><strong>act-COR Oxidation<\/strong><\/span><\/a> + <a href=\"https:\/\/www.lineacor.com\/de\/produkt\/bp-cor-stoppbad\/\"><span style=\"color: #e14d43;\"><strong>bp-COR Stoppbad<\/strong><\/span><\/a>) und dem gew\u00e4hlten Lack aufzutragen. <strong>Im Fall von bz-COR SA-TEX immer nur nach Anwendung von <a href=\"https:\/\/www.lineacor.com\/de\/produkt\/bz-cor-varnish-protector\/\"><span style=\"color: #e14d43;\">bz-COR<\/span><\/a> als Membranschicht.<\/strong><\/p>\n","protected":false},"excerpt":{"rendered":"<p>bz-COR Polyurethan SAT-EX Es ist ein Zweikomponenten-Polyurethanlack der mit dem Katalysator im Verh\u00e4ltnis 10:1 anger\u00fchrt wird.\u00a0 Er ist transparent, mittelviskos und mit einer schnellen Trocknungszeit zwischen den Schichten, hat eine gute H\u00e4rte auf Stahloberfl\u00e4chen die im Freien installiert werden. Er haftet mit gro\u00dfer Kraft auf dem bz-COR Membranlack und hinterl\u00e4sst eine ziemlich glatte und samtige [&#8230;]\n","protected":false},"featured_media":2377,"comment_status":"closed","ping_status":"closed","template":"","meta":[],"product_brand":[],"product_cat":[8],"product_tag":[],"class_list":{"0":"post-115","1":"product","2":"type-product","3":"status-publish","4":"has-post-thumbnail","6":"product_cat-schutzschicht-lacke","8":"first","9":"instock","10":"taxable","11":"shipping-taxable","12":"purchasable","13":"product-type-variable"},"_links":{"self":[{"href":"https:\/\/www.lineacor.com\/de\/wp-json\/wp\/v2\/product\/115","targetHints":{"allow":["GET"]}}],"collection":[{"href":"https:\/\/www.lineacor.com\/de\/wp-json\/wp\/v2\/product"}],"about":[{"href":"https:\/\/www.lineacor.com\/de\/wp-json\/wp\/v2\/types\/product"}],"replies":[{"embeddable":true,"href":"https:\/\/www.lineacor.com\/de\/wp-json\/wp\/v2\/comments?post=115"}],"wp:featuredmedia":[{"embeddable":true,"href":"https:\/\/www.lineacor.com\/de\/wp-json\/wp\/v2\/media\/2377"}],"wp:attachment":[{"href":"https:\/\/www.lineacor.com\/de\/wp-json\/wp\/v2\/media?parent=115"}],"wp:term":[{"taxonomy":"product_brand","embeddable":true,"href":"https:\/\/www.lineacor.com\/de\/wp-json\/wp\/v2\/product_brand?post=115"},{"taxonomy":"product_cat","embeddable":true,"href":"https:\/\/www.lineacor.com\/de\/wp-json\/wp\/v2\/product_cat?post=115"},{"taxonomy":"product_tag","embeddable":true,"href":"https:\/\/www.lineacor.com\/de\/wp-json\/wp\/v2\/product_tag?post=115"}],"curies":[{"name":"wp","href":"https:\/\/api.w.org\/{rel}","templated":true}]}}