{"id":118,"date":"2021-11-01T00:09:44","date_gmt":"2021-10-31T23:09:44","guid":{"rendered":"https:\/\/lineacor.com\/lineacor\/?post_type=product&#038;p=118"},"modified":"2023-05-17T10:50:39","modified_gmt":"2023-05-17T09:50:39","slug":"pulveroxid-drucksprueher-fuer-rostaktivator-act-cor","status":"publish","type":"product","link":"https:\/\/www.lineacor.com\/de\/produkt\/pulveroxid-drucksprueher-fuer-rostaktivator-act-cor\/","title":{"rendered":"Pulveroxid (Druckspr\u00fcher f\u00fcr Rostaktivator act-COR)"},"content":{"rendered":"<h1><strong>Pulveroxid f\u00fcr act-COR<\/strong><\/h1>\n<p>Am Ende der Anwendung und vor der Lagerung ist es wichtig den Pulveroxid-Beh\u00e4lter gr\u00fcndlich mit viel Wasser zu reinigen. Der Druckspr\u00fcher hat zwar eine gute Best\u00e4ndigkeit sollte aber nicht \u00fcber sehr lange Zeitr\u00e4ume unbenutzt gelagert werden da es zu einer Verschlechterung (Standsch\u00e4den) der inneren Teile des Ventils, der D\u00fcse oder anderer Elemente kommen kann.<\/p>\n","protected":false},"excerpt":{"rendered":"<p>Pulveroxid f\u00fcr act-COR Am Ende der Anwendung und vor der Lagerung ist es wichtig den Pulveroxid-Beh\u00e4lter gr\u00fcndlich mit viel Wasser zu reinigen. Der Druckspr\u00fcher hat zwar eine gute Best\u00e4ndigkeit sollte aber nicht \u00fcber sehr lange Zeitr\u00e4ume unbenutzt gelagert werden da es zu einer Verschlechterung (Standsch\u00e4den) der inneren Teile des Ventils, der D\u00fcse oder anderer Elemente [&#8230;]\n","protected":false},"featured_media":2368,"comment_status":"closed","ping_status":"closed","template":"","meta":[],"product_brand":[],"product_cat":[9],"product_tag":[],"class_list":{"0":"post-118","1":"product","2":"type-product","3":"status-publish","4":"has-post-thumbnail","6":"product_cat-andere-produkte","8":"first","9":"instock","10":"taxable","11":"shipping-taxable","12":"purchasable","13":"product-type-simple"},"_links":{"self":[{"href":"https:\/\/www.lineacor.com\/de\/wp-json\/wp\/v2\/product\/118","targetHints":{"allow":["GET"]}}],"collection":[{"href":"https:\/\/www.lineacor.com\/de\/wp-json\/wp\/v2\/product"}],"about":[{"href":"https:\/\/www.lineacor.com\/de\/wp-json\/wp\/v2\/types\/product"}],"replies":[{"embeddable":true,"href":"https:\/\/www.lineacor.com\/de\/wp-json\/wp\/v2\/comments?post=118"}],"wp:featuredmedia":[{"embeddable":true,"href":"https:\/\/www.lineacor.com\/de\/wp-json\/wp\/v2\/media\/2368"}],"wp:attachment":[{"href":"https:\/\/www.lineacor.com\/de\/wp-json\/wp\/v2\/media?parent=118"}],"wp:term":[{"taxonomy":"product_brand","embeddable":true,"href":"https:\/\/www.lineacor.com\/de\/wp-json\/wp\/v2\/product_brand?post=118"},{"taxonomy":"product_cat","embeddable":true,"href":"https:\/\/www.lineacor.com\/de\/wp-json\/wp\/v2\/product_cat?post=118"},{"taxonomy":"product_tag","embeddable":true,"href":"https:\/\/www.lineacor.com\/de\/wp-json\/wp\/v2\/product_tag?post=118"}],"curies":[{"name":"wp","href":"https:\/\/api.w.org\/{rel}","templated":true}]}}