{"id":119,"date":"2017-03-29T16:59:22","date_gmt":"2017-03-29T15:59:22","guid":{"rendered":"https:\/\/lineacor.com\/lineacor\/?post_type=product&#038;p=119"},"modified":"2022-03-19T19:03:17","modified_gmt":"2022-03-19T18:03:17","slug":"turbinecor-lackierpistole-turbine-fuer-luftlose-lackierung","status":"publish","type":"product","link":"https:\/\/www.lineacor.com\/de\/produkt\/turbinecor-lackierpistole-turbine-fuer-luftlose-lackierung\/","title":{"rendered":"TURBINECOR Lackierpistole, Turbine f\u00fcr luftlose Lackierung."},"content":{"rendered":"<h1><strong>TURBINECOR<\/strong><\/h1>\n<p>Diese Lackierpistole mit Turbinenantrieb eignet sich besonders f\u00fcr den Einsatz von Produkten der <span style=\"color: #e14d43;\"><strong>LINEACOR<\/strong><\/span>-Serie.\u00a0 Sie bietet au\u00dfergew\u00f6hnliche Kontrolle und erreicht professionelle Oberfl\u00e4chen.<\/p>\n","protected":false},"excerpt":{"rendered":"<p>TURBINECOR Diese Lackierpistole mit Turbinenantrieb eignet sich besonders f\u00fcr den Einsatz von Produkten der LINEACOR-Serie.\u00a0 Sie bietet au\u00dfergew\u00f6hnliche Kontrolle und erreicht professionelle Oberfl\u00e4chen.<\/p>\n","protected":false},"featured_media":124,"comment_status":"closed","ping_status":"closed","template":"","meta":[],"product_brand":[],"product_cat":[9],"product_tag":[],"class_list":{"0":"post-119","1":"product","2":"type-product","3":"status-publish","4":"has-post-thumbnail","6":"product_cat-andere-produkte","8":"first","9":"instock","10":"taxable","11":"shipping-taxable","12":"purchasable","13":"product-type-simple"},"_links":{"self":[{"href":"https:\/\/www.lineacor.com\/de\/wp-json\/wp\/v2\/product\/119","targetHints":{"allow":["GET"]}}],"collection":[{"href":"https:\/\/www.lineacor.com\/de\/wp-json\/wp\/v2\/product"}],"about":[{"href":"https:\/\/www.lineacor.com\/de\/wp-json\/wp\/v2\/types\/product"}],"replies":[{"embeddable":true,"href":"https:\/\/www.lineacor.com\/de\/wp-json\/wp\/v2\/comments?post=119"}],"wp:featuredmedia":[{"embeddable":true,"href":"https:\/\/www.lineacor.com\/de\/wp-json\/wp\/v2\/media\/124"}],"wp:attachment":[{"href":"https:\/\/www.lineacor.com\/de\/wp-json\/wp\/v2\/media?parent=119"}],"wp:term":[{"taxonomy":"product_brand","embeddable":true,"href":"https:\/\/www.lineacor.com\/de\/wp-json\/wp\/v2\/product_brand?post=119"},{"taxonomy":"product_cat","embeddable":true,"href":"https:\/\/www.lineacor.com\/de\/wp-json\/wp\/v2\/product_cat?post=119"},{"taxonomy":"product_tag","embeddable":true,"href":"https:\/\/www.lineacor.com\/de\/wp-json\/wp\/v2\/product_tag?post=119"}],"curies":[{"name":"wp","href":"https:\/\/api.w.org\/{rel}","templated":true}]}}