{"id":1884,"date":"2021-11-01T00:06:25","date_gmt":"2021-10-31T23:06:25","guid":{"rendered":"https:\/\/www.lineacor.com\/de\/?post_type=product&#038;p=1884"},"modified":"2025-08-28T15:23:16","modified_gmt":"2025-08-28T14:23:16","slug":"bz-cor-finish-water-resistant-matt","status":"publish","type":"product","link":"https:\/\/www.lineacor.com\/de\/produkt\/bz-cor-finish-water-resistant-matt\/","title":{"rendered":"bz-COR FINISH Water Resistant Matt"},"content":{"rendered":"<h1><strong><em>bz-COR FINISH Water Resistant (Matt<\/em>)<\/strong><\/h1>\n<p>Ist ein Lack, der die Oberfl\u00e4che von verrostetem Cortenstahl gegen die direkte Einwirkung von S\u00fc\u00dfwasser sch\u00fctzt. Dieser Lack kann zur Beschichtung von Cor-Ten\u00a9-Stahl verwendet werden, der in Gartenbrunnen, Wasserkan\u00e4len und generell auf allen Oberfl\u00e4chen, auf denen das Wasser flie\u00dft und nicht stehen bleibt oder stagniert, installiert wird. Die Oberfl\u00e4che kann matt, satiniert oder gl\u00e4nzend sein. In anderen F\u00e4llen, in denen das Wasser stagniert, kann es hingegen nur in seiner gl\u00e4nzenden Form aufgetragen werden, da diese ein gr\u00f6\u00dferes Blockierungsverm\u00f6gen hat.<\/p>\n<div>\n<p><span lang=\"DE\">Es wird<b> immer<\/b> empfohlen, den Lack auf kaltgewalzten Cor-Ten\u00a9-Stahl aufzutragen. Wenn der Lack jedoch auf warmgewalzten Cor-Ten\u00a9-Stahl aufgetragen wird, muss dieser vor der Behandlung sandgestrahlt werden, um das aufgrund des Herstellungsverfahrens auf der Oberfl\u00e4che vorhandene <b>Walzhaut <\/b>vollst\u00e4ndig zu beseitigen. <\/span><\/p>\n<\/div>\n<p>F\u00fcr einen optimalen Schutz m\u00fcssen 3 Lackschichten aufgetragen werden. Es wird<strong> immer<\/strong> empfohlen, den Lack auf kaltgewalzten Cor-Ten\u00a9-Stahl aufzutragen. Wenn der Lack jedoch auf warmgewalzten Cor-Ten\u00a9-Stahl aufgetragen wird, muss dieser vor der Behandlung sandgestrahlt werden, um das aufgrund des Herstellungsverfahrens auf der Oberfl\u00e4che vorhandene<strong> Calamin<\/strong> vollst\u00e4ndig zu beseitigen.<\/p>\n<p><strong><em><span style=\"color: #e14d43;\">bz-COR FINISH Water Resistant<\/span> ist in <span style=\"color: #e14d43;\">matter<\/span>, <a href=\"https:\/\/www.lineacor.com\/de\/produkt\/bz-cor-finish-water-resistant-satin\"><span style=\"color: #e14d43;\">satinierter<\/span><\/a> oder <a href=\"https:\/\/www.lineacor.com\/de\/produkt\/bz-cor-finish-water-resistant-glanz\/\"><span style=\"color: #e14d43;\">gl\u00e4nzender<\/span><\/a> Form erh\u00e4ltlich.<\/em><\/strong><\/p>\n","protected":false},"excerpt":{"rendered":"<p>bz-COR FINISH Water Resistant (Matt) Ist ein Lack, der die Oberfl\u00e4che von verrostetem Cortenstahl gegen die direkte Einwirkung von S\u00fc\u00dfwasser sch\u00fctzt. Dieser Lack kann zur Beschichtung von Cor-Ten\u00a9-Stahl verwendet werden, der in Gartenbrunnen, Wasserkan\u00e4len und generell auf allen Oberfl\u00e4chen, auf denen das Wasser flie\u00dft und nicht stehen bleibt oder stagniert, installiert wird. Die Oberfl\u00e4che kann [&#8230;]\n","protected":false},"featured_media":2405,"comment_status":"closed","ping_status":"closed","template":"","meta":[],"product_brand":[],"product_cat":[8],"product_tag":[],"class_list":{"0":"post-1884","1":"product","2":"type-product","3":"status-publish","4":"has-post-thumbnail","6":"product_cat-schutzschicht-lacke","8":"first","9":"instock","10":"taxable","11":"shipping-taxable","12":"purchasable","13":"product-type-variable"},"_links":{"self":[{"href":"https:\/\/www.lineacor.com\/de\/wp-json\/wp\/v2\/product\/1884","targetHints":{"allow":["GET"]}}],"collection":[{"href":"https:\/\/www.lineacor.com\/de\/wp-json\/wp\/v2\/product"}],"about":[{"href":"https:\/\/www.lineacor.com\/de\/wp-json\/wp\/v2\/types\/product"}],"replies":[{"embeddable":true,"href":"https:\/\/www.lineacor.com\/de\/wp-json\/wp\/v2\/comments?post=1884"}],"wp:featuredmedia":[{"embeddable":true,"href":"https:\/\/www.lineacor.com\/de\/wp-json\/wp\/v2\/media\/2405"}],"wp:attachment":[{"href":"https:\/\/www.lineacor.com\/de\/wp-json\/wp\/v2\/media?parent=1884"}],"wp:term":[{"taxonomy":"product_brand","embeddable":true,"href":"https:\/\/www.lineacor.com\/de\/wp-json\/wp\/v2\/product_brand?post=1884"},{"taxonomy":"product_cat","embeddable":true,"href":"https:\/\/www.lineacor.com\/de\/wp-json\/wp\/v2\/product_cat?post=1884"},{"taxonomy":"product_tag","embeddable":true,"href":"https:\/\/www.lineacor.com\/de\/wp-json\/wp\/v2\/product_tag?post=1884"}],"curies":[{"name":"wp","href":"https:\/\/api.w.org\/{rel}","templated":true}]}}