{"id":199,"date":"2021-11-01T00:53:06","date_gmt":"2021-10-31T23:53:06","guid":{"rendered":"https:\/\/lineacor.com\/lineacor\/?post_type=product&#038;p=199"},"modified":"2026-05-07T07:41:33","modified_gmt":"2026-05-07T06:41:33","slug":"act-cor-geloxid-rostaktivator","status":"publish","type":"product","link":"https:\/\/www.lineacor.com\/de\/produkt\/act-cor-geloxid-rostaktivator\/","title":{"rendered":"act-COR  Geloxid-Rostaktivator"},"content":{"rendered":"<h1><strong>act-COR Geloxid-Rostaktivator<\/strong><\/h1>\n<p>Das Produkt wird verwendet wie das <span style=\"color: #e14d43;\"><a style=\"color: #e14d43;\" href=\"https:\/\/www.lineacor.com\/de\/produkt\/act-cor-rostaktivator\/\"><strong>act-COR<\/strong><\/a><\/span> (w\u00e4ssrig) f\u00fcr Eisen und Cortenstahl. Es hat eine gr\u00fcne Farbe mit einer erheblich z\u00e4hfl\u00fcssigeren Viskosit\u00e4t, deshalb k\u00f6nnen wir es w\u00e4hrend seiner Anwendung besser steuern und ist besonders f\u00fcr den Einsatz an vertikalen Oberfl\u00e4chen, Decken und Orten, die schwer zug\u00e4nglich sind, zu empfehlen.<\/p>\n<p>Es ist auch sehr n\u00fctzlich, \u00dcberoxidationen und Details auf der Oberfl\u00e4che zu erhalten, da es beim Agglutinieren (Zusammenballen) l\u00e4nger dauert, zu trocknen. Es kann auf die Oberfl\u00e4che mit Spachteln, Rollen und B\u00fcrsten nach Geschmack verteilt werden, wodurch eine gr\u00f6\u00dfere &#8222;Modellierung&#8220; der Oxidation m\u00f6glich ist, um z. B. unregelm\u00e4\u00dfigere Oberfl\u00e4chen zu erzielen.<\/p>\n<p>Es hat auch die Eigenschaft, wieder eine Oberfl\u00e4che zu &#8222;reoxidieren&#8220;, die bereits seit einiger Zeit oxidiert ist und viel hellere T\u00f6ne zur\u00fcckgibt. Mit <span style=\"color: #e14d43;\"><strong>act-COR Geloxid<\/strong><\/span> erreichen wir eine kontrollierte Oxidation, orange Farbe (Anfangsfarbe der Oxidation), die in vielen F\u00e4llen sehr schwierig zu erreichen ist, auch mit <span style=\"color: #e14d43;\"><a style=\"color: #e14d43;\" href=\"https:\/\/www.lineacor.com\/de\/produkt\/act-cor-rostaktivator\/\"><strong>act-COR<\/strong><\/a><\/span> in fl\u00fcssigem Zustand, aufgrund verschiedener Faktoren: Feuchtigkeit, Walzhaut, Blechdicke, etc.<\/p>\n<p>Ein weiteres Merkmal ist, dass die Oxidation leichter von statten geht, als wenn sie mit dem fl\u00fcssig-w\u00e4ssrigem <a href=\"https:\/\/www.lineacor.com\/de\/produkt\/act-cor-rostaktivator\/\"><span style=\"color: #e14d43;\"><strong>act-COR<\/strong><\/span><\/a> durchgef\u00fchrt wird. Die Versiegelung mit <span style=\"color: #e14d43;\"><a style=\"color: #e14d43;\" href=\"https:\/\/www.lineacor.com\/de\/produkt\/bp-cor-stoppbad\/\"><strong>bp-COR<\/strong><\/a><\/span> wird ebenso erleichtert, und selbst wenn nicht versiegelt wird ist die Adh\u00e4sion besser.<\/p>\n<p><strong>SEHR WICHTIG:<\/strong> Dieses Produkt hat Arbeits- und Lagertemperaturbereiche von +10 bis 25\u00b0C. Au\u00dferhalb dieses Bereichs \u00e4ndert sich seine physikalische Eigenschaft durch Ver\u00e4nderung in fl\u00fcssigem Zustand.<\/p>\n<p>Bitte lesen Sie das techn. Produktdatenblatt und das Sicherheitsdatenblatt sorgf\u00e4ltig f\u00fcr die ordnungsgem\u00e4\u00dfe Verwendung, sowohl f\u00fcr die Anwendungstechnik, um die gew\u00fcnschten Ergebnisse zu erzielen, als auch um Sicherheits- und Umweltschutzstandards zu erf\u00fcllen.<\/p>\n","protected":false},"excerpt":{"rendered":"<p>act-COR Geloxid-Rostaktivator Das Produkt wird verwendet wie das act-COR (w\u00e4ssrig) f\u00fcr Eisen und Cortenstahl. Es hat eine gr\u00fcne Farbe mit einer erheblich z\u00e4hfl\u00fcssigeren Viskosit\u00e4t, deshalb k\u00f6nnen wir es w\u00e4hrend seiner Anwendung besser steuern und ist besonders f\u00fcr den Einsatz an vertikalen Oberfl\u00e4chen, Decken und Orten, die schwer zug\u00e4nglich sind, zu empfehlen. Es ist auch sehr [&#8230;]\n","protected":false},"featured_media":2345,"comment_status":"closed","ping_status":"closed","template":"","meta":[],"product_brand":[],"product_cat":[7],"product_tag":[],"class_list":{"0":"post-199","1":"product","2":"type-product","3":"status-publish","4":"has-post-thumbnail","6":"product_cat-oxidation","8":"first","9":"instock","10":"taxable","11":"shipping-taxable","12":"purchasable","13":"product-type-variable"},"_links":{"self":[{"href":"https:\/\/www.lineacor.com\/de\/wp-json\/wp\/v2\/product\/199","targetHints":{"allow":["GET"]}}],"collection":[{"href":"https:\/\/www.lineacor.com\/de\/wp-json\/wp\/v2\/product"}],"about":[{"href":"https:\/\/www.lineacor.com\/de\/wp-json\/wp\/v2\/types\/product"}],"replies":[{"embeddable":true,"href":"https:\/\/www.lineacor.com\/de\/wp-json\/wp\/v2\/comments?post=199"}],"wp:featuredmedia":[{"embeddable":true,"href":"https:\/\/www.lineacor.com\/de\/wp-json\/wp\/v2\/media\/2345"}],"wp:attachment":[{"href":"https:\/\/www.lineacor.com\/de\/wp-json\/wp\/v2\/media?parent=199"}],"wp:term":[{"taxonomy":"product_brand","embeddable":true,"href":"https:\/\/www.lineacor.com\/de\/wp-json\/wp\/v2\/product_brand?post=199"},{"taxonomy":"product_cat","embeddable":true,"href":"https:\/\/www.lineacor.com\/de\/wp-json\/wp\/v2\/product_cat?post=199"},{"taxonomy":"product_tag","embeddable":true,"href":"https:\/\/www.lineacor.com\/de\/wp-json\/wp\/v2\/product_tag?post=199"}],"curies":[{"name":"wp","href":"https:\/\/api.w.org\/{rel}","templated":true}]}}