{"id":2247,"date":"2021-11-01T00:51:24","date_gmt":"2021-10-31T23:51:24","guid":{"rendered":"https:\/\/www.lineacor.com\/de\/?post_type=product&#038;p=2247"},"modified":"2026-03-30T07:33:54","modified_gmt":"2026-03-30T06:33:54","slug":"bp-cor-xtrem-stoppbad","status":"publish","type":"product","link":"https:\/\/www.lineacor.com\/de\/produkt\/bp-cor-xtrem-stoppbad\/","title":{"rendered":"bp-COR Xtrem Stoppbad"},"content":{"rendered":"<div>\n<h1><b><i><span lang=\"DE\">bp-COR Xtrem Stoppbad<\/span><\/i><\/b><\/h1>\n<p><span lang=\"DE\">Ist ein Produkt auf Wasserbasis, das entwickelt wurde, um die Oxidation zu stoppen, die durch unseren Rostaktivator <span style=\"color: #e14d43;\"><b><em><a style=\"color: #e14d43;\" href=\"https:\/\/www.lineacor.com\/de\/produkt\/act-cor-rust-activator\/\">act-COR<\/a><\/em>\u00a0<\/b><\/span>oder <span style=\"color: #e14d43;\"><em><a style=\"color: #e14d43;\" href=\"https:\/\/www.lineacor.com\/de\/produkt\/act-cor-oxidation-activator-gel\/\"><b>act-COR Gel<\/b><\/a><\/em> <\/span>entsteht. Diese Emulsion, die ein milchiges Aussehen hat, hinterl\u00e4sst nach dem Auftragen eine wei\u00dfliche Oberfl\u00e4che, die nach dem Trocknen transparent wird. Nach etwa 45 Minuten ist die Oberfl\u00e4che ber\u00fchrungstrocken, es dauert jedoch etwa 24 Stunden, bis sie vollst\u00e4ndig getrocknet ist. Im Gegensatz zu unserem Produkt <span style=\"color: #e14d43;\"><em><a style=\"color: #e14d43;\" href=\"https:\/\/www.lineacor.com\/de\/produkt\/bp-cor-stoppbad\/\"><b>bp-COR<\/b><\/a><\/em><\/span> sollte bei <span style=\"color: #e14d43;\"><em><strong>bp-COR Xtrem<\/strong><\/em><\/span> die weitere Behandlung von Cor-Ten\u00a9-Stahl mit Lack nicht fortgesetzt werden, da <span style=\"color: #e14d43;\"><em><b>bp-COR Xtrem<\/b><\/em><\/span> als letzte Schicht des Behandlungsprozesses auf Cor-Ten\u00a9-Stahl vorgesehen ist (2-3 Schichten). <b><span style=\"color: #e14d43;\"><em><a style=\"color: #e14d43;\" href=\"https:\/\/www.lineacor.com\/de\/produkt\/bz-cor-varnish-protector\/\">bp-COR<\/a><\/em><\/span>\u00a0<\/b>zeichnet sich durch eine gr\u00f6\u00dfere Elastizit\u00e4t und eine bessere Widerstandsf\u00e4higkeit \u00a0aus, und dient so als letzte Schutzschicht.<\/span><\/p>\n<div>\n<p><span style=\"color: #e14d43;\"><b><i><span lang=\"DE\">bp-COR Xtrem<\/span><\/i><\/b><\/span><span lang=\"DE\"> sch\u00fctzt vor Witterungseinfl\u00fcssen, aber niemals vor anderen &#8222;Unf\u00e4llen&#8220; wie Kratzern, herabfallenden Gegenst\u00e4nden, Graffiti, Schmierereien usw., die leicht bleibende Spuren auf Cor-Ten\u00a9 Stahl hinterlassen k\u00f6nnen. Wenn ein zus\u00e4tzlicher Schutz erforderlich ist, muss eine andere Behandlung mit dem jeweils geeigneten Lack vorgenommen werden.<\/span><\/p>\n<div>\n<p>Dieses Produkt ist \u00e4u\u00dferst empfehlenswert, wenn Sie gro\u00dfe Fl\u00e4chen behandeln wollen, da es einfach anzuwenden ist und insbesondere bei gro\u00dfen Projekten betr\u00e4chtliche Ersparnisse und geringe Wartungskosten mit sich bringt.<\/p>\n<div>\n<p><span lang=\"DE\">Der Name \u201eStoppbad\u201c geht auf den Ursprung des Produkts zur\u00fcck, da die verrosteten Cortenstahlteile, um den Rostprozess zu stoppen oder aufzuhalten, in einen mit dem Produkt gef\u00fcllten Eimer getaucht wurden, in dem sie gebadet wurden, und anschlie\u00dfend zum Trocknen ins Freie gebracht wurden. Sp\u00e4ter wurde das Produkt neu formuliert, um seine Verwendung mit verschiedenen Auftragstechniken wie Walzen, Kompressor- und Turbinenpistolen usw. zu erleichtern.<\/span><\/p>\n<\/div>\n<\/div>\n<\/div>\n<\/div>\n<div><strong><span lang=\"DE\">SEHR WICHTIG: <\/span><\/strong><\/div>\n<div><span lang=\"DE\"><span lang=\"DE\">Lesen Sie das technische Datenblatt und das Sicherheitsdatenblatt des Produkts sorgf\u00e4ltig durch, um die richtige Anwendung zu finden, sowohl f\u00fcr die Anwendungstechnik, um die gew\u00fcnschten Ergebnisse zu erzielen, als auch f\u00fcr die Einhaltung der Sicherheits-<\/span><\/span>und Umweltschutzvorschriften.<\/div>\n<p>&nbsp;<\/p>\n","protected":false},"excerpt":{"rendered":"<p>bp-COR Xtrem Stoppbad Ist ein Produkt auf Wasserbasis, das entwickelt wurde, um die Oxidation zu stoppen, die durch unseren Rostaktivator act-COR\u00a0oder act-COR Gel entsteht. Diese Emulsion, die ein milchiges Aussehen hat, hinterl\u00e4sst nach dem Auftragen eine wei\u00dfliche Oberfl\u00e4che, die nach dem Trocknen transparent wird. Nach etwa 45 Minuten ist die Oberfl\u00e4che ber\u00fchrungstrocken, es dauert jedoch [&#8230;]\n","protected":false},"featured_media":2355,"comment_status":"closed","ping_status":"closed","template":"","meta":[],"product_brand":[],"product_cat":[7],"product_tag":[],"class_list":{"0":"post-2247","1":"product","2":"type-product","3":"status-publish","4":"has-post-thumbnail","6":"product_cat-oxidation","8":"first","9":"instock","10":"taxable","11":"shipping-taxable","12":"purchasable","13":"product-type-variable"},"_links":{"self":[{"href":"https:\/\/www.lineacor.com\/de\/wp-json\/wp\/v2\/product\/2247","targetHints":{"allow":["GET"]}}],"collection":[{"href":"https:\/\/www.lineacor.com\/de\/wp-json\/wp\/v2\/product"}],"about":[{"href":"https:\/\/www.lineacor.com\/de\/wp-json\/wp\/v2\/types\/product"}],"replies":[{"embeddable":true,"href":"https:\/\/www.lineacor.com\/de\/wp-json\/wp\/v2\/comments?post=2247"}],"wp:featuredmedia":[{"embeddable":true,"href":"https:\/\/www.lineacor.com\/de\/wp-json\/wp\/v2\/media\/2355"}],"wp:attachment":[{"href":"https:\/\/www.lineacor.com\/de\/wp-json\/wp\/v2\/media?parent=2247"}],"wp:term":[{"taxonomy":"product_brand","embeddable":true,"href":"https:\/\/www.lineacor.com\/de\/wp-json\/wp\/v2\/product_brand?post=2247"},{"taxonomy":"product_cat","embeddable":true,"href":"https:\/\/www.lineacor.com\/de\/wp-json\/wp\/v2\/product_cat?post=2247"},{"taxonomy":"product_tag","embeddable":true,"href":"https:\/\/www.lineacor.com\/de\/wp-json\/wp\/v2\/product_tag?post=2247"}],"curies":[{"name":"wp","href":"https:\/\/api.w.org\/{rel}","templated":true}]}}