{"id":2261,"date":"2021-11-01T00:01:10","date_gmt":"2021-10-31T23:01:10","guid":{"rendered":"https:\/\/www.lineacor.com\/de\/?post_type=product&#038;p=2261"},"modified":"2024-02-23T18:51:35","modified_gmt":"2024-02-23T17:51:35","slug":"bz-cor-finish-floors-matt","status":"publish","type":"product","link":"https:\/\/www.lineacor.com\/de\/produkt\/bz-cor-finish-floors-matt\/","title":{"rendered":"bz-COR FINISH FLOORS Matt"},"content":{"rendered":"<h1><strong><em>bz-COR FINISH Floors (Matt)<\/em><\/strong><\/h1>\n<p><i>W<\/i>urde f\u00fcr den Schutz von unbehandelten oder bereits verrosteten Cortenstahlb\u00f6den entwickelt. Es handelt sich um einen Zweikomponenten-Acryllack von besonderer H\u00e4rte und Widerstandsf\u00e4higkeit gegen Trittbelastung und Begehung. Der<span style=\"color: #e14d43;\"><strong><em> bz-COR FINISH Floors <\/em><\/strong><\/span>Lack verleiht Cor-Ten\u00a9 Stahlb\u00f6den eine besondere H\u00e4rte und Widerstandsf\u00e4higkeit, wof\u00fcr die Auftragung von 3 Lackschichten notwendig ist.<\/p>\n<p>Als Bodenbeschichtung verf\u00fcgt<span style=\"color: #e14d43;\"><strong><em> bz-COR FINISH Floors<\/em><\/strong><\/span> \u00fcber 4 Stufen der Rutschhemmung, um unterschiedlichen Anforderungen gerecht zu werden. \u00a0Die im Online-Shop angebotene Standardstufe ist die Antirutschstufe 1, also die niedrigste Griffigkeitsstufe. Wenn ein h\u00f6heres Niveau erforderlich ist, wenden Sie sich bitte an uns.<\/p>\n<div>\n<p><span lang=\"DE\">Es wird<b> immer<\/b> empfohlen, den Lack auf kaltgewalzten Cor-Ten\u00a9-Stahl aufzutragen. Wenn der Lack jedoch auf warmgewalzten Cor-Ten\u00a9-Stahl aufgetragen wird, muss dieser vor der Behandlung sandgestrahlt werden, um das aufgrund des Herstellungsverfahrens auf der Oberfl\u00e4che vorhandene <b>Walzhaut <\/b>vollst\u00e4ndig zu beseitigen. <\/span><\/p>\n<\/div>\n<p><em>Dieser Lack ist f\u00fcr den h\u00e4ufigen Kontakt mit normalem Schuhwerk bestimmt. Vermeiden Sie stets die Verwendung von Schuhen mit Metallelementen oder \u00e4hnlicher Beschaffenheit, da diese leichten Kratzer verursachen k\u00f6nnen. Ziehen, oder legen Sie keine spitzen Gegenst\u00e4nde \u00fcber den, oder auf den Boden.<\/em><\/p>\n<p><strong><em><span style=\"color: #e14d43;\">bz-COR FINISH Floors ist in matter<\/span>, <a href=\"https:\/\/www.lineacor.com\/de\/produkt\/bz-cor-finish-floors-satiniert\/\"><span style=\"color: #e14d43;\">satinierter<\/span><\/a> oder <a href=\"https:\/\/www.lineacor.com\/de\/produkt\/bz-cor-finish-floors-glanz\/\"><span style=\"color: #e14d43;\">gl\u00e4nzender<\/span><\/a> Form erh\u00e4ltlich.<\/em><\/strong><\/p>\n","protected":false},"excerpt":{"rendered":"<p>bz-COR FINISH Floors (Matt) Wurde f\u00fcr den Schutz von unbehandelten oder bereits verrosteten Cortenstahlb\u00f6den entwickelt. Es handelt sich um einen Zweikomponenten-Acryllack von besonderer H\u00e4rte und Widerstandsf\u00e4higkeit gegen Trittbelastung und Begehung. Der bz-COR FINISH Floors Lack verleiht Cor-Ten\u00a9 Stahlb\u00f6den eine besondere H\u00e4rte und Widerstandsf\u00e4higkeit, wof\u00fcr die Auftragung von 3 Lackschichten notwendig ist. Als Bodenbeschichtung verf\u00fcgt bz-COR [&#8230;]\n","protected":false},"featured_media":2389,"comment_status":"open","ping_status":"closed","template":"","meta":[],"product_brand":[],"product_cat":[8],"product_tag":[],"class_list":{"0":"post-2261","1":"product","2":"type-product","3":"status-publish","4":"has-post-thumbnail","6":"product_cat-schutzschicht-lacke","8":"first","9":"instock","10":"taxable","11":"shipping-taxable","12":"purchasable","13":"product-type-variable"},"_links":{"self":[{"href":"https:\/\/www.lineacor.com\/de\/wp-json\/wp\/v2\/product\/2261","targetHints":{"allow":["GET"]}}],"collection":[{"href":"https:\/\/www.lineacor.com\/de\/wp-json\/wp\/v2\/product"}],"about":[{"href":"https:\/\/www.lineacor.com\/de\/wp-json\/wp\/v2\/types\/product"}],"replies":[{"embeddable":true,"href":"https:\/\/www.lineacor.com\/de\/wp-json\/wp\/v2\/comments?post=2261"}],"wp:featuredmedia":[{"embeddable":true,"href":"https:\/\/www.lineacor.com\/de\/wp-json\/wp\/v2\/media\/2389"}],"wp:attachment":[{"href":"https:\/\/www.lineacor.com\/de\/wp-json\/wp\/v2\/media?parent=2261"}],"wp:term":[{"taxonomy":"product_brand","embeddable":true,"href":"https:\/\/www.lineacor.com\/de\/wp-json\/wp\/v2\/product_brand?post=2261"},{"taxonomy":"product_cat","embeddable":true,"href":"https:\/\/www.lineacor.com\/de\/wp-json\/wp\/v2\/product_cat?post=2261"},{"taxonomy":"product_tag","embeddable":true,"href":"https:\/\/www.lineacor.com\/de\/wp-json\/wp\/v2\/product_tag?post=2261"}],"curies":[{"name":"wp","href":"https:\/\/api.w.org\/{rel}","templated":true}]}}