{"id":2264,"date":"2021-11-01T00:07:21","date_gmt":"2021-10-31T23:07:21","guid":{"rendered":"https:\/\/www.lineacor.com\/de\/?post_type=product&#038;p=2264"},"modified":"2024-05-16T11:27:19","modified_gmt":"2024-05-16T10:27:19","slug":"bz-cor-finish-anti-graffiti-glanz","status":"publish","type":"product","link":"https:\/\/www.lineacor.com\/de\/produkt\/bz-cor-finish-anti-graffiti-glanz\/","title":{"rendered":"bz-COR FINISH ANTI-GRAFFITI Glanz"},"content":{"rendered":"<h1><strong><em>bz-COR FINISH Anti-Graffiti (Glanz)<\/em><\/strong><\/h1>\n<div>\n<p><span lang=\"DE\">Es handelt sich um einen Lack, der die Oberfl\u00e4che von Cortenstahl vor Vandalismus durch Farbe, Aufkleber und \u00e4hnlichen Mitteln sch\u00fctzt. Es handelt sich um einen Zweikomponenten-Acryl-Antigraffiti-Lack mit hoher Widerstandsf\u00e4higkeit und Wetterbest\u00e4ndigkeit. Der Lack ist daher sowohl f\u00fcr den Gebrauch im Innen- als auch im Au\u00dfenbereich geeignet und tr\u00e4gt dazu bei, dass Graffitis schneller und effizienter entfernt werden k\u00f6nnen. Er ist hochwirksam gegen Spr\u00fchfarbe, Farbmarkierungen, Klebstoffreste von Postern, Aufklebern sowie andere gleichwertige Einwirkungen auf die Oberfl\u00e4che von Cortenstahl. Der Lack ist in matter, satinierter oder gl\u00e4nzender Form erh\u00e4ltlich.<\/span><\/p>\n<div>\n<p><span lang=\"DE\">F\u00fcr einen ad\u00e4quaten Schutz m\u00fcssen 3 Lackschichten aufgetragen werden. Nach dem Auftragen des Lacks ist es erforderlich, 5-7 Tage zu warten (je nach den Klimabedingungen des jeweiligen Standorts), bevor der Cor-Ten-Stahl an seinem endg\u00fcltigen Standort installiert, oder der \u00d6ffentlichkeit zug\u00e4nglich gemacht wird.<\/span><\/p>\n<div>\n<p><span lang=\"DE\">Es wird<b> immer<\/b> empfohlen, den Lack auf kaltgewalzten Cor-Ten\u00a9-Stahl aufzutragen. Wenn der Lack jedoch auf warmgewalzten Cor-Ten\u00a9-Stahl aufgetragen wird, muss dieser vor der Behandlung sandgestrahlt werden, um das aufgrund des Herstellungsverfahrens auf der Oberfl\u00e4che vorhandene <b>Walzhaut <\/b>vollst\u00e4ndig zu beseitigen. <\/span><\/p>\n<div>\n<p><span lang=\"DE\">Wenn eine mit <span style=\"color: #e14d43;\"><b>bz-COR FINISH Antigraffiti<\/b><\/span> gesch\u00fctzte Oberfl\u00e4che ein Graffiti aufweist, werden diese mit unserem speziellen Reinigungsprodukt <span style=\"color: #e14d43;\"><b>GRAFF-OUT<\/b><\/span> mit einem oder mehreren sauberen Lappen (je nach Farbmenge) entfernt. Verwenden Sie niemals andere Produkte, da diese Scheuermittel, Alkohol oder L\u00f6sungsmittel enthalten k\u00f6nnen, die den Lack angreifen, so dass er seine Schutzwirkung f\u00fcr immer verliert. <\/span><\/p>\n<div>\n<p><span lang=\"DE\">Dieser Lack wurde auf verschiedenen Materialien wie Stein, Holz, Beton, Kunststoffen und anderen Materialien getestet, wobei fast identische Ergebnisse wie mit Cor-Ten\u00a9 Stahl erzielt wurden. Wenn Sie eine andere Oberfl\u00e4che als Stahl oder Cor-Ten\u00a9-Stahl sch\u00fctzen m\u00fcssen, wenden Sie sich bitte an uns. Im spezifischen Fall von Cor-Ten\u00a9 Stahl wurde dieser Lack f\u00fcr die Verwendung auf einer bereits oxidierten, und mit <span style=\"color: #e14d43;\"><strong>LINEACOR<\/strong><\/span>-Produkten gestoppten Oberfl\u00e4che entwickelt. Wird zuvor ein anderes Verfahren angewandt, k\u00f6nnen wir die korrekte Wirkung des Produkts nicht garantieren, zudem k\u00f6nnte es zu unerw\u00fcnschten Ergebnissen f\u00fchren.<\/span><\/p>\n<div>\n<p><b><span lang=\"DE\">SEHR WICHTIG: <\/span><\/b><span lang=\"DE\">Lesen Sie das technische Datenblatt und das Sicherheitsdatenblatt des Produkts sorgf\u00e4ltig durch, um die richtige Anwendung zu gew\u00e4hrleisten, sowohl f\u00fcr die Anwendungstechnik, um die gew\u00fcnschten Ergebnisse zu erzielen, als auch f\u00fcr die Einhaltung der Sicherheits- und Umweltschutzvorschriften.<\/span><\/p>\n<\/div>\n<div>\n<p><span lang=\"DE\">Das komplette Behandlungsverfahren w\u00e4re:<b><i><a href=\"https:\/\/www.lineacor.com\/de\/produkt\/act-cor-rostaktivator\/\"><span style=\"color: #e14d43;\"> act-COR<\/span><\/a> + <a href=\"https:\/\/www.lineacor.com\/de\/produkt\/bp-cor-stoppbad\/\"><span style=\"color: #e14d43;\">bp-COR<\/span><\/a> + <a href=\"https:\/\/www.lineacor.com\/de\/produkt\/bz-cor-finish-anti-graffiti-matt\/\"><span style=\"color: #e14d43;\">bz-COR FINISH Antigraffiti<\/span><\/a> (<a href=\"https:\/\/www.lineacor.com\/de\/produkt\/bz-cor-finish-anti-graffiti-matt\/\"><span style=\"color: #e14d43;\">matt<\/span><\/a>\/<a href=\"https:\/\/www.lineacor.com\/de\/produkt\/bz-cor-finish-anti-graffiti-satiniert\/\"><span style=\"color: #e14d43;\">satin<\/span><\/a>\/<a href=\"https:\/\/www.lineacor.com\/de\/produkt\/bz-cor-finish-anti-graffiti-glanz\/\"><span style=\"color: #e14d43;\">gl\u00e4nzend<\/span><\/a>).<\/i><\/b><\/span><b><i><\/i><\/b><\/p>\n<\/div>\n<\/div>\n<\/div>\n<\/div>\n<\/div>\n<\/div>\n","protected":false},"excerpt":{"rendered":"<p>bz-COR FINISH Anti-Graffiti (Glanz) Es handelt sich um einen Lack, der die Oberfl\u00e4che von Cortenstahl vor Vandalismus durch Farbe, Aufkleber und \u00e4hnlichen Mitteln sch\u00fctzt. Es handelt sich um einen Zweikomponenten-Acryl-Antigraffiti-Lack mit hoher Widerstandsf\u00e4higkeit und Wetterbest\u00e4ndigkeit. Der Lack ist daher sowohl f\u00fcr den Gebrauch im Innen- als auch im Au\u00dfenbereich geeignet und tr\u00e4gt dazu bei, dass [&#8230;]\n","protected":false},"featured_media":2386,"comment_status":"closed","ping_status":"closed","template":"","meta":[],"product_brand":[],"product_cat":[8],"product_tag":[],"class_list":{"0":"post-2264","1":"product","2":"type-product","3":"status-publish","4":"has-post-thumbnail","6":"product_cat-schutzschicht-lacke","8":"first","9":"instock","10":"taxable","11":"shipping-taxable","12":"purchasable","13":"product-type-variable"},"_links":{"self":[{"href":"https:\/\/www.lineacor.com\/de\/wp-json\/wp\/v2\/product\/2264","targetHints":{"allow":["GET"]}}],"collection":[{"href":"https:\/\/www.lineacor.com\/de\/wp-json\/wp\/v2\/product"}],"about":[{"href":"https:\/\/www.lineacor.com\/de\/wp-json\/wp\/v2\/types\/product"}],"replies":[{"embeddable":true,"href":"https:\/\/www.lineacor.com\/de\/wp-json\/wp\/v2\/comments?post=2264"}],"wp:featuredmedia":[{"embeddable":true,"href":"https:\/\/www.lineacor.com\/de\/wp-json\/wp\/v2\/media\/2386"}],"wp:attachment":[{"href":"https:\/\/www.lineacor.com\/de\/wp-json\/wp\/v2\/media?parent=2264"}],"wp:term":[{"taxonomy":"product_brand","embeddable":true,"href":"https:\/\/www.lineacor.com\/de\/wp-json\/wp\/v2\/product_brand?post=2264"},{"taxonomy":"product_cat","embeddable":true,"href":"https:\/\/www.lineacor.com\/de\/wp-json\/wp\/v2\/product_cat?post=2264"},{"taxonomy":"product_tag","embeddable":true,"href":"https:\/\/www.lineacor.com\/de\/wp-json\/wp\/v2\/product_tag?post=2264"}],"curies":[{"name":"wp","href":"https:\/\/api.w.org\/{rel}","templated":true}]}}