{"id":2273,"date":"2021-11-01T00:10:29","date_gmt":"2021-10-31T23:10:29","guid":{"rendered":"https:\/\/www.lineacor.com\/de\/?post_type=product&#038;p=2273"},"modified":"2023-05-17T10:50:37","modified_gmt":"2023-05-17T09:50:37","slug":"graff-out-graffiti-entfernen","status":"publish","type":"product","link":"https:\/\/www.lineacor.com\/de\/produkt\/graff-out-graffiti-entfernen\/","title":{"rendered":"GRAFF-OUT Graffiti Entfernen"},"content":{"rendered":"<h1><span style=\"color: #808080;\"><strong>GRAFF-OUT Graffiti Entfernen<\/strong><\/span><\/h1>\n<p><strong><span style=\"color: #e14d43;\">GRAFF-OUT<\/span> <\/strong>ist ein Produkt, das entwickelt wurde, um Graffitis, die mit Spr\u00fchfarbe, Filzstiften und \u00e4hnlichem gemacht wurden, zu entfernen, insbesondere auf Cor-Ten\u00a9-Stahl, der zuvor mit unserem <a href=\"https:\/\/www.lineacor.com\/de\/produkt\/bz-cor-finish-anti-graffiti-matt\/\"><span style=\"color: #e14d43;\"><strong>bz-COR FINISH Antigraffiti<\/strong><\/span><\/a>-Lack gesch\u00fctzt wurde.<\/p>\n<div>\n<p class=\"Formatolibre\"><span class=\"None\"><span lang=\"DE\">Um Graffitis oder Spr\u00fchereien von der Oberfl\u00e4che zu entfernen, diese einfach mit<\/span><\/span> <span class=\"None\" style=\"color: #e14d43;\"><b><span lang=\"DE\">GRAFF-OUT<\/span><\/b><\/span> <span class=\"None\"><span lang=\"DE\">bespr\u00fchen und etwa 30 Sekunden einwirken lassen. Spr\u00fchen Sie erneut und beginnen Sie nach einer Wartezeit von etwa 15 Sekunden, die Graffitis mit einem sauberen, trockenen Tuch zu entfernen. Die Gesamtentfernung der Graffitis h\u00e4ngt von der Menge der zu entfernenden Farbe ab<\/span><\/span><\/p>\n<div>\n<p class=\"Formatolibre\"><span class=\"None\" style=\"color: #e14d43;\"><b><span lang=\"DE\">GRAFF-OUT<\/span><\/b><\/span> <span class=\"None\"><span lang=\"DE\">hat auch eine Reparaturfunktion auf einer mit<\/span><\/span> <a href=\"https:\/\/www.lineacor.com\/de\/produkt\/bz-cor-finish-anti-graffiti-matt\/\"><span class=\"None\" style=\"color: #e14d43;\"><b><span lang=\"DE\">bz-COR FINISH Antigraffiti<\/span><\/b><\/span><\/a> <span class=\"None\"><span lang=\"DE\">lackierten Oberfl\u00e4che mit Kratzern oder oberfl\u00e4chlichen Schrammen.<\/span><\/span><\/p>\n<\/div>\n<div>\n<div>\n<p class=\"Formatolibre\"><span class=\"None\" style=\"color: #e14d43;\"><b><span lang=\"DE\">GRAFF-OUT<\/span><\/b><\/span> <span class=\"Ninguno\"><span lang=\"DE\">kann so oft wie n\u00f6tig auf die mit<\/span><\/span> <a href=\"https:\/\/www.lineacor.com\/de\/produkt\/bz-cor-finish-anti-graffiti-matt\/\"><span class=\"Ninguno\" style=\"color: #e14d43;\"><b><span lang=\"DE\">bz-COR FINISH Antigraffiti<\/span><\/b><\/span><\/a> <span class=\"Ninguno\"><span lang=\"DE\">behandelte Oberfl\u00e4che aufgetragen werden, ohne, dass hierdurch die Oberfl\u00e4che oder die Farbe ver\u00e4ndert werden. Wenn durch eine gro\u00dfe Menge an Graffitis viel Reinigung erforderlich ist, kann die sch\u00fctzende Lackschicht besch\u00e4digt werden, was durch Auftragen einer neuen Schicht behoben werden kann.<\/span><\/span><\/p>\n<\/div>\n<\/div>\n<\/div>\n","protected":false},"excerpt":{"rendered":"<p>GRAFF-OUT Graffiti Entfernen GRAFF-OUT ist ein Produkt, das entwickelt wurde, um Graffitis, die mit Spr\u00fchfarbe, Filzstiften und \u00e4hnlichem gemacht wurden, zu entfernen, insbesondere auf Cor-Ten\u00a9-Stahl, der zuvor mit unserem bz-COR FINISH Antigraffiti-Lack gesch\u00fctzt wurde. Um Graffitis oder Spr\u00fchereien von der Oberfl\u00e4che zu entfernen, diese einfach mit GRAFF-OUT bespr\u00fchen und etwa 30 Sekunden einwirken lassen. Spr\u00fchen [&#8230;]\n","protected":false},"featured_media":2363,"comment_status":"closed","ping_status":"closed","template":"","meta":[],"product_brand":[],"product_cat":[9],"product_tag":[],"class_list":{"0":"post-2273","1":"product","2":"type-product","3":"status-publish","4":"has-post-thumbnail","6":"product_cat-andere-produkte","8":"first","9":"instock","10":"taxable","11":"shipping-taxable","12":"purchasable","13":"product-type-variable"},"_links":{"self":[{"href":"https:\/\/www.lineacor.com\/de\/wp-json\/wp\/v2\/product\/2273","targetHints":{"allow":["GET"]}}],"collection":[{"href":"https:\/\/www.lineacor.com\/de\/wp-json\/wp\/v2\/product"}],"about":[{"href":"https:\/\/www.lineacor.com\/de\/wp-json\/wp\/v2\/types\/product"}],"replies":[{"embeddable":true,"href":"https:\/\/www.lineacor.com\/de\/wp-json\/wp\/v2\/comments?post=2273"}],"wp:featuredmedia":[{"embeddable":true,"href":"https:\/\/www.lineacor.com\/de\/wp-json\/wp\/v2\/media\/2363"}],"wp:attachment":[{"href":"https:\/\/www.lineacor.com\/de\/wp-json\/wp\/v2\/media?parent=2273"}],"wp:term":[{"taxonomy":"product_brand","embeddable":true,"href":"https:\/\/www.lineacor.com\/de\/wp-json\/wp\/v2\/product_brand?post=2273"},{"taxonomy":"product_cat","embeddable":true,"href":"https:\/\/www.lineacor.com\/de\/wp-json\/wp\/v2\/product_cat?post=2273"},{"taxonomy":"product_tag","embeddable":true,"href":"https:\/\/www.lineacor.com\/de\/wp-json\/wp\/v2\/product_tag?post=2273"}],"curies":[{"name":"wp","href":"https:\/\/api.w.org\/{rel}","templated":true}]}}