{"id":42,"date":"2021-11-01T00:14:24","date_gmt":"2021-10-31T23:14:24","guid":{"rendered":"https:\/\/lineacor.com\/lineacor\/?post_type=product&#038;p=42"},"modified":"2026-04-11T06:02:06","modified_gmt":"2026-04-11T05:02:06","slug":"ds-cor-degreasing-agent","status":"publish","type":"product","link":"https:\/\/www.lineacor.com\/de\/produkt\/ds-cor-degreasing-agent\/","title":{"rendered":"ds-COR Entfetter"},"content":{"rendered":"<h1><strong>ds-COR Entfetter<\/strong><\/h1>\n<p>Es ist ein leistungsstarker Reiniger und Entfetter f\u00fcr Stahl und Cortenstahl, der durch Kaltwalzen hergestellt wurde. Es wird dringend empfohlen die Oberfl\u00e4che f\u00fcr die Oxidationbehandlung damit vorzubereiten. Obwohl kaltgewalzte Blechoberfl\u00e4chen relativ sauber genug erscheinen m\u00f6gen, begrenzt ein geringer Fettschmutzfilm an der Oberfl\u00e4che die Durchl\u00e4ssigkeit und Wirkung des Aktivators.<\/p>\n<p>Es ist eine w\u00e4ssrig-alkalische Verbindung, nicht brennbar und geruchlos, die wir auf die Oberfl\u00e4che aufspr\u00fchen. Es ist nicht notwendig, dass die Oberfl\u00e4che im Voraus gereinigt wird. <strong>Bitte nicht vor Gebrauch sch\u00fctteln<\/strong> da eine Schaumbildung Spuren auf der Stahloberfl\u00e4che hinterlassen kann und die\u00a0 Oxidation negativ beeintr\u00e4chtigt.<\/p>\n<p><strong>SEHR WICHTIG:<\/strong> Sobald die Oberfl\u00e4che mit <span style=\"color: #e14d43;\"><strong>ds-COR<\/strong><\/span> gereinigt ist, ist es notwendig, alle verbleibenden Produkte vollst\u00e4ndig zu entfernen, da, wenn es mit dem Oxidaktivator (<a href=\"https:\/\/www.lineacor.com\/de\/produkt\/act-cor-rostaktivator\/\"><span style=\"color: #e14d43;\"><strong>act-COR<\/strong><\/span><\/a>) in Ber\u00fchrung kam, es reagieren w\u00fcrde, in der Lage, nicht oxidierbare Bereiche zu verlassen.<\/p>\n<p>Bitte lesen und beachten Sie das techn. Merkblatt f\u00fcr die Anwendungstechnik und das Sicherheitsdatenblatt f\u00fcr die zu ber\u00fccksichtigenden Umwelt- und Sicherheitsstandards<\/p>\n<p>&nbsp;<\/p>\n","protected":false},"excerpt":{"rendered":"<p>ds-COR Entfetter Es ist ein leistungsstarker Reiniger und Entfetter f\u00fcr Stahl und Cortenstahl, der durch Kaltwalzen hergestellt wurde. Es wird dringend empfohlen die Oberfl\u00e4che f\u00fcr die Oxidationbehandlung damit vorzubereiten. Obwohl kaltgewalzte Blechoberfl\u00e4chen relativ sauber genug erscheinen m\u00f6gen, begrenzt ein geringer Fettschmutzfilm an der Oberfl\u00e4che die Durchl\u00e4ssigkeit und Wirkung des Aktivators. Es ist eine w\u00e4ssrig-alkalische Verbindung, [&#8230;]\n","protected":false},"featured_media":2319,"comment_status":"closed","ping_status":"closed","template":"","meta":[],"product_brand":[],"product_cat":[6],"product_tag":[],"class_list":{"0":"post-42","1":"product","2":"type-product","3":"status-publish","4":"has-post-thumbnail","6":"product_cat-preparation","8":"first","9":"instock","10":"taxable","11":"shipping-taxable","12":"purchasable","13":"product-type-variable"},"_links":{"self":[{"href":"https:\/\/www.lineacor.com\/de\/wp-json\/wp\/v2\/product\/42","targetHints":{"allow":["GET"]}}],"collection":[{"href":"https:\/\/www.lineacor.com\/de\/wp-json\/wp\/v2\/product"}],"about":[{"href":"https:\/\/www.lineacor.com\/de\/wp-json\/wp\/v2\/types\/product"}],"replies":[{"embeddable":true,"href":"https:\/\/www.lineacor.com\/de\/wp-json\/wp\/v2\/comments?post=42"}],"wp:featuredmedia":[{"embeddable":true,"href":"https:\/\/www.lineacor.com\/de\/wp-json\/wp\/v2\/media\/2319"}],"wp:attachment":[{"href":"https:\/\/www.lineacor.com\/de\/wp-json\/wp\/v2\/media?parent=42"}],"wp:term":[{"taxonomy":"product_brand","embeddable":true,"href":"https:\/\/www.lineacor.com\/de\/wp-json\/wp\/v2\/product_brand?post=42"},{"taxonomy":"product_cat","embeddable":true,"href":"https:\/\/www.lineacor.com\/de\/wp-json\/wp\/v2\/product_cat?post=42"},{"taxonomy":"product_tag","embeddable":true,"href":"https:\/\/www.lineacor.com\/de\/wp-json\/wp\/v2\/product_tag?post=42"}],"curies":[{"name":"wp","href":"https:\/\/api.w.org\/{rel}","templated":true}]}}