{"id":579,"date":"2018-04-24T22:33:43","date_gmt":"2018-04-24T21:33:43","guid":{"rendered":"https:\/\/www.lineacor.com\/de\/?post_type=product&#038;p=579"},"modified":"2021-01-07T02:24:48","modified_gmt":"2021-01-07T01:24:48","slug":"din-a4-corten-steel-sample","status":"publish","type":"product","link":"https:\/\/www.lineacor.com\/de\/produkt\/din-a4-corten-steel-sample\/","title":{"rendered":"Cortenstahl-Muster mit Act-COR"},"content":{"rendered":"<p>1,5 mm Cortenstahl in der <strong>Gr\u00f6\u00dfe DIN A4 oder DIN A3, <\/strong>nur mit unserem act-COR-Oxidaktivator behandelt.<\/p>\n<p>Pr\u00fcfen Sie selbst, wie das Produkt bereits auf einem Cortenstahlblech aufgetragen ist. Wir haben diese St\u00fccke so konzipiert, dass sowohl Architekten, Bauherren, Industrie usw. die Qualit\u00e4t und das Finish zu sch\u00e4tzen wissen und ob sie den Qualit\u00e4tsanforderungen ihres Projektes entsprechen.<\/p>\n<p>ACHTUNG: Diese Muster ben\u00f6tigen eine Bearbeitungszeit von 5 Tagen, sobald die Bestellung aufgegeben wurde.<\/p>\n<p>&nbsp;<\/p>\n","protected":false},"excerpt":{"rendered":"<p>1,5 mm Cortenstahl in der Gr\u00f6\u00dfe DIN A4 oder DIN A3, nur mit unserem act-COR-Oxidaktivator behandelt. Pr\u00fcfen Sie selbst, wie das Produkt bereits auf einem Cortenstahlblech aufgetragen ist. Wir haben diese St\u00fccke so konzipiert, dass sowohl Architekten, Bauherren, Industrie usw. die Qualit\u00e4t und das Finish zu sch\u00e4tzen wissen und ob sie den Qualit\u00e4tsanforderungen ihres Projektes [&#8230;]\n","protected":false},"featured_media":585,"comment_status":"closed","ping_status":"closed","template":"","meta":[],"product_brand":[],"product_cat":[9],"product_tag":[],"class_list":{"0":"post-579","1":"product","2":"type-product","3":"status-publish","4":"has-post-thumbnail","6":"product_cat-andere-produkte","7":"pa_tamano-din-a3","8":"pa_tamano-din-a4","10":"first","11":"instock","12":"taxable","13":"shipping-taxable","14":"purchasable","15":"product-type-variable"},"_links":{"self":[{"href":"https:\/\/www.lineacor.com\/de\/wp-json\/wp\/v2\/product\/579","targetHints":{"allow":["GET"]}}],"collection":[{"href":"https:\/\/www.lineacor.com\/de\/wp-json\/wp\/v2\/product"}],"about":[{"href":"https:\/\/www.lineacor.com\/de\/wp-json\/wp\/v2\/types\/product"}],"replies":[{"embeddable":true,"href":"https:\/\/www.lineacor.com\/de\/wp-json\/wp\/v2\/comments?post=579"}],"wp:featuredmedia":[{"embeddable":true,"href":"https:\/\/www.lineacor.com\/de\/wp-json\/wp\/v2\/media\/585"}],"wp:attachment":[{"href":"https:\/\/www.lineacor.com\/de\/wp-json\/wp\/v2\/media?parent=579"}],"wp:term":[{"taxonomy":"product_brand","embeddable":true,"href":"https:\/\/www.lineacor.com\/de\/wp-json\/wp\/v2\/product_brand?post=579"},{"taxonomy":"product_cat","embeddable":true,"href":"https:\/\/www.lineacor.com\/de\/wp-json\/wp\/v2\/product_cat?post=579"},{"taxonomy":"product_tag","embeddable":true,"href":"https:\/\/www.lineacor.com\/de\/wp-json\/wp\/v2\/product_tag?post=579"}],"curies":[{"name":"wp","href":"https:\/\/api.w.org\/{rel}","templated":true}]}}