{"id":82,"date":"2021-11-01T00:12:44","date_gmt":"2021-10-31T23:12:44","guid":{"rendered":"https:\/\/lineacor.com\/lineacor\/?post_type=product&#038;p=82"},"modified":"2026-03-30T07:33:54","modified_gmt":"2026-03-30T06:33:54","slug":"dx-cor-walzhaut-entferner","status":"publish","type":"product","link":"https:\/\/www.lineacor.com\/de\/produkt\/dx-cor-walzhaut-entferner\/","title":{"rendered":"dx-COR Walzhaut-Entferner"},"content":{"rendered":"<h1><strong>dx-COR Walzhaut-Entferner<\/strong><\/h1>\n<p>Dieses Produkt ist eine Alternative zum Sand- oder Alusilikat-Strahlen und dient zur Entfernung der <strong>WALZHAUT<\/strong> bei Warmwalzblechen. Die Walzhaut ist eine dunkelgraue Schicht, die auf der Oberfl\u00e4che der Bleche bei der Herstellung (Warmwalzen) entsteht und vollst\u00e4ndig vor jeder Art der Behandlung entfernt werden muss.<span style=\"color: #e14d43;\"><strong> dx-COR<\/strong><\/span> besteht aus einer sorgf\u00e4ltigen Auswahl an S\u00e4uren mit enormer Effizienz um die Walzhaut zu entfernen ohne den Stahl zu besch\u00e4digen.<\/p>\n<p><span style=\"color: #e14d43;\"><strong>dx-COR<\/strong><\/span> wird besonders dann empfohlen, wenn die zu behandelnde Oberfl\u00e4che nicht zu umfangreich und\/oder eine Sandstrahlung nicht optimal ist (z. B. Verzugsgefahr bei d\u00fcnnen Blechen). Es ist auch eine L\u00f6sung wenn der Stahl \/Cortenstahl bereits installiert ist oder das Geb\u00e4ude bereits in Gebrauch ist. Es wird auch empfohlen, wenn die Umgebung wahrscheinlich durch den Staub einer Strahlung kontaminiert wird, oder es wird vermieden Teile in eine Sandstrahlwerkstatt zu bringen.<\/p>\n<p><span style=\"color: #e14d43;\"><strong>dx-COR<\/strong><\/span> ist auch im <a href=\"https:\/\/www.lineacor.com\/de\/produkt\/dx-cor-gel-walzhaut-entferner\/\"><span style=\"color: #e14d43;\"><strong>GEL-Format<\/strong><\/span><\/a> mit optimalen Eigenschaften f\u00fcr Anwendungen an schwer zug\u00e4nglichen Stellen, vertikalen Oberfl\u00e4chen usw. erh\u00e4ltlich.<\/p>\n<p><strong>SEHR WICHTIG:<\/strong> Wenn die <strong>WALZHAUT<\/strong> nicht vollst\u00e4ndig entfernt und eliminiert wird, ist der anschlie\u00dfende Oxidationsprozess nicht kontrollierbar und es besteht die Gefahr das die Oxidationsschicht und\/oder aufgetragene Versiegelungen, in Abh\u00e4ngigkeit der Umgebungsbedingungen und mit der Zeit, rissig werden oder sich verf\u00e4rben (Osmose).<\/p>\n<p>Bitte lesen und beachten Sie das techn. Produktdatenblatt und die Anwendungstechnik und das Sicherheitsdatenblatt mit den Umwelt- und Sicherheitsstandards.<\/p>\n","protected":false},"excerpt":{"rendered":"<p>dx-COR Walzhaut-Entferner Dieses Produkt ist eine Alternative zum Sand- oder Alusilikat-Strahlen und dient zur Entfernung der WALZHAUT bei Warmwalzblechen. Die Walzhaut ist eine dunkelgraue Schicht, die auf der Oberfl\u00e4che der Bleche bei der Herstellung (Warmwalzen) entsteht und vollst\u00e4ndig vor jeder Art der Behandlung entfernt werden muss. dx-COR besteht aus einer sorgf\u00e4ltigen Auswahl an S\u00e4uren mit [&#8230;]\n","protected":false},"featured_media":2330,"comment_status":"closed","ping_status":"closed","template":"","meta":[],"product_brand":[],"product_cat":[6],"product_tag":[],"class_list":{"0":"post-82","1":"product","2":"type-product","3":"status-publish","4":"has-post-thumbnail","6":"product_cat-preparation","8":"first","9":"instock","10":"taxable","11":"shipping-taxable","12":"purchasable","13":"product-type-variable"},"_links":{"self":[{"href":"https:\/\/www.lineacor.com\/de\/wp-json\/wp\/v2\/product\/82","targetHints":{"allow":["GET"]}}],"collection":[{"href":"https:\/\/www.lineacor.com\/de\/wp-json\/wp\/v2\/product"}],"about":[{"href":"https:\/\/www.lineacor.com\/de\/wp-json\/wp\/v2\/types\/product"}],"replies":[{"embeddable":true,"href":"https:\/\/www.lineacor.com\/de\/wp-json\/wp\/v2\/comments?post=82"}],"wp:featuredmedia":[{"embeddable":true,"href":"https:\/\/www.lineacor.com\/de\/wp-json\/wp\/v2\/media\/2330"}],"wp:attachment":[{"href":"https:\/\/www.lineacor.com\/de\/wp-json\/wp\/v2\/media?parent=82"}],"wp:term":[{"taxonomy":"product_brand","embeddable":true,"href":"https:\/\/www.lineacor.com\/de\/wp-json\/wp\/v2\/product_brand?post=82"},{"taxonomy":"product_cat","embeddable":true,"href":"https:\/\/www.lineacor.com\/de\/wp-json\/wp\/v2\/product_cat?post=82"},{"taxonomy":"product_tag","embeddable":true,"href":"https:\/\/www.lineacor.com\/de\/wp-json\/wp\/v2\/product_tag?post=82"}],"curies":[{"name":"wp","href":"https:\/\/api.w.org\/{rel}","templated":true}]}}