{"id":89,"date":"2021-11-01T00:13:32","date_gmt":"2021-10-31T23:13:32","guid":{"rendered":"https:\/\/lineacor.com\/lineacor\/?post_type=product&#038;p=89"},"modified":"2025-01-30T07:43:54","modified_gmt":"2025-01-30T06:43:54","slug":"b-cor-metal-base","status":"publish","type":"product","link":"https:\/\/www.lineacor.com\/de\/produkt\/b-cor-metal-base\/","title":{"rendered":"b-COR Rosteffekt-Farbe"},"content":{"rendered":"<h1><strong>b-COR Rosteffekt-Farbe<\/strong><\/h1>\n<p>Ein Produkt mit Metallpartikeln zur Anwendung auf verschiedenen Oberfl\u00e4chen wie Holz, Kunststoff, etc. Einmal mit <a href=\"https:\/\/www.lineacor.com\/de\/produkt\/act-cor-rostaktivator\/\"><span style=\"color: #e14d43;\"><strong>act-COR<\/strong><\/span><\/a> aktiviert, erhalten diese ein \u00e4hnliches Aussehen wie verrosteter Stahl. Aufgrund der Textur des Produktes (Emulsion mit metallischen Partikeln) k\u00f6nnen verschiedene Dicken &#8211; auch mit etwas mehr und \/ oder weniger akzentuierten Oxidt\u00f6nen &#8211; gebildet werden.<\/p>\n<p><span style=\"color: #e14d43;\"><strong>b-COR<\/strong><\/span> besitzt eine gute Haftung bei mittlere Festigkeit (ohne weitere Schutzversiegelung) und mit geringem Weiterrosten im Laufe der Zeit. Nachdem <span style=\"color: #e14d43;\"><strong>b-COR<\/strong><\/span> richtig aufgebracht und getrocknet ist wird die Oxidation der Oberfl\u00e4che mit <a href=\"https:\/\/www.lineacor.com\/de\/produkt\/act-cor-rostaktivator\/\"><span style=\"color: #e14d43;\"><strong>act-COR<\/strong><\/span><\/a> aktiviert.<\/p>\n<p><strong>SEHR WICHTIG: Es ist von entscheidender Bedeutung,<\/strong> <span style=\"color: #e14d43;\"><strong>b-COR<\/strong><\/span> sehr gut aufzur\u00fchren und zu homogenisieren da sich die schweren Metallpartikel schnell am Beh\u00e4lterbden absetzen. Halten Sie die Aufmischung solange homogen bis die Arbeit abgeschlossen ist.<\/p>\n<p>Zu ihrer Sicherheit und f\u00fcr den Umweltschutz lesen und beachten Sie bitte das technische Datenblatt und das Sicherheitsdatenblatt. Lesen Sie auch die Anwendungsbeschreibung f\u00fcr die ordnungsgem\u00e4\u00dfe Verwendung um die gew\u00fcnschten Ergebnisse zu erzielen.<\/p>\n","protected":false},"excerpt":{"rendered":"<p>b-COR Rosteffekt-Farbe Ein Produkt mit Metallpartikeln zur Anwendung auf verschiedenen Oberfl\u00e4chen wie Holz, Kunststoff, etc. Einmal mit act-COR aktiviert, erhalten diese ein \u00e4hnliches Aussehen wie verrosteter Stahl. Aufgrund der Textur des Produktes (Emulsion mit metallischen Partikeln) k\u00f6nnen verschiedene Dicken &#8211; auch mit etwas mehr und \/ oder weniger akzentuierten Oxidt\u00f6nen &#8211; gebildet werden. b-COR besitzt [&#8230;]\n","protected":false},"featured_media":2315,"comment_status":"closed","ping_status":"closed","template":"","meta":[],"product_brand":[],"product_cat":[6],"product_tag":[],"class_list":{"0":"post-89","1":"product","2":"type-product","3":"status-publish","4":"has-post-thumbnail","6":"product_cat-preparation","8":"first","9":"instock","10":"taxable","11":"shipping-taxable","12":"purchasable","13":"product-type-variable"},"_links":{"self":[{"href":"https:\/\/www.lineacor.com\/de\/wp-json\/wp\/v2\/product\/89","targetHints":{"allow":["GET"]}}],"collection":[{"href":"https:\/\/www.lineacor.com\/de\/wp-json\/wp\/v2\/product"}],"about":[{"href":"https:\/\/www.lineacor.com\/de\/wp-json\/wp\/v2\/types\/product"}],"replies":[{"embeddable":true,"href":"https:\/\/www.lineacor.com\/de\/wp-json\/wp\/v2\/comments?post=89"}],"wp:featuredmedia":[{"embeddable":true,"href":"https:\/\/www.lineacor.com\/de\/wp-json\/wp\/v2\/media\/2315"}],"wp:attachment":[{"href":"https:\/\/www.lineacor.com\/de\/wp-json\/wp\/v2\/media?parent=89"}],"wp:term":[{"taxonomy":"product_brand","embeddable":true,"href":"https:\/\/www.lineacor.com\/de\/wp-json\/wp\/v2\/product_brand?post=89"},{"taxonomy":"product_cat","embeddable":true,"href":"https:\/\/www.lineacor.com\/de\/wp-json\/wp\/v2\/product_cat?post=89"},{"taxonomy":"product_tag","embeddable":true,"href":"https:\/\/www.lineacor.com\/de\/wp-json\/wp\/v2\/product_tag?post=89"}],"curies":[{"name":"wp","href":"https:\/\/api.w.org\/{rel}","templated":true}]}}