{"id":93,"date":"2021-11-01T00:54:24","date_gmt":"2021-10-31T23:54:24","guid":{"rendered":"https:\/\/lineacor.com\/lineacor\/?post_type=product&#038;p=93"},"modified":"2026-04-11T06:02:06","modified_gmt":"2026-04-11T05:02:06","slug":"act-cor-rostaktivator","status":"publish","type":"product","link":"https:\/\/www.lineacor.com\/de\/produkt\/act-cor-rostaktivator\/","title":{"rendered":"act-COR Rostaktivator"},"content":{"rendered":"<h1><strong>act-COR Rostaktivator<\/strong><\/h1>\n<p>Der <span style=\"color: #993300;\"><strong>act-COR<\/strong><\/span> Oxidaktivator ist in der Lage, die Oxidation von Metalloberfl\u00e4chen wie Stahl oder Cor-Ten\u00a9-Stahl in Rekordzeit zu erreichen und garantiert so die besten Ergebnisse in kontrollierter Weise und mit optimaler Leistung. Es ist ein sicheres Produkt, bestehend aus Oxidderivaten auf w\u00e4ssriger Basis, das eine Oxidation auf der Oberfl\u00e4che vom Stahl erzeugt. Bei Blechen mit weniger als 0,8 mm Dicke k\u00f6nnte die k\u00fcnstliche Oxidation die Struktur des Bleches negativ beeinflussen.Bei kaltgewalztem Blech ist es notwendig die Oberfl\u00e4che vorm Auftragen gut zu s\u00e4ubern und zu entfetten, bei warmgewalzten Blech sollte die Walzhaut vorher entfernt werden.<\/p>\n<p>Die Oxidation wird durch das Auftragen von zwei oder drei Schichten in einer Trocknungszeit des Produkts in 90-Minuten-Intervallen erreicht. Es ist m\u00f6glich, verschiedene Schattierungen der Oxidation zu erzielen (klar, dunkel, gleichm\u00e4\u00dfig, ungleichm\u00e4\u00dfig, etc.). Dies h\u00e4ngt ab von Faktoren wie Feuchtigkeit, Temperatur, Sonneneinstrahlung, etc.\u00a0 und nach den verschiedenen Verfahren bei der Anwendung.<\/p>\n<p><span style=\"color: #993300;\"><strong>act-COR<\/strong><\/span> existiert auch im Gelformat mit optimalen Eigenschaften f\u00fcr Anwendungen an schwer zug\u00e4nglichen Stellen, vertikalen Oberfl\u00e4chen usw. Aber auch mit <a href=\"https:\/\/www.lineacor.com\/de\/produkt\/act-cor-geloxid-rostaktivator\/\"><span style=\"color: #993300;\"><strong>act-COR-Gel<\/strong><\/span><\/a> wird eine gr\u00f6\u00dfere &#8222;Modellierung&#8220; der Oxidation erreicht.<\/p>\n<p><strong>SEHR WICHTIG:<\/strong> Wenn eine WALZHAUT nicht vollst\u00e4ndig entfernt wird, ist der Oxidationsprozess nicht kontrollierbar und nat\u00fcrlich wird jede Behandlung, die auf den Stahl angewendet wird, nach einer Zeit, die von den Umgebungsbedingungen abh\u00e4ngt, denen er ausgesetzt ist, unregelm\u00e4\u00dfig.<\/p>\n<p>Bitte lesen Sie das techn. Produktdatenblatt und das Sicherheitsdatenblatt sorgf\u00e4ltig f\u00fcr die ordnungsgem\u00e4\u00dfe Verwendung, sowohl f\u00fcr die Anwendungstechnik, um die gew\u00fcnschten Ergebnisse zu erzielen, als auch um Sicherheits- und Umweltschutzstandards zu erf\u00fcllen.<\/p>\n","protected":false},"excerpt":{"rendered":"<p>act-COR Rostaktivator Der act-COR Oxidaktivator ist in der Lage, die Oxidation von Metalloberfl\u00e4chen wie Stahl oder Cor-Ten\u00a9-Stahl in Rekordzeit zu erreichen und garantiert so die besten Ergebnisse in kontrollierter Weise und mit optimaler Leistung. Es ist ein sicheres Produkt, bestehend aus Oxidderivaten auf w\u00e4ssriger Basis, das eine Oxidation auf der Oberfl\u00e4che vom Stahl erzeugt. Bei [&#8230;]\n","protected":false},"featured_media":2338,"comment_status":"closed","ping_status":"closed","template":"","meta":[],"product_brand":[],"product_cat":[7],"product_tag":[],"class_list":{"0":"post-93","1":"product","2":"type-product","3":"status-publish","4":"has-post-thumbnail","6":"product_cat-oxidation","8":"first","9":"instock","10":"taxable","11":"shipping-taxable","12":"purchasable","13":"product-type-variable"},"_links":{"self":[{"href":"https:\/\/www.lineacor.com\/de\/wp-json\/wp\/v2\/product\/93","targetHints":{"allow":["GET"]}}],"collection":[{"href":"https:\/\/www.lineacor.com\/de\/wp-json\/wp\/v2\/product"}],"about":[{"href":"https:\/\/www.lineacor.com\/de\/wp-json\/wp\/v2\/types\/product"}],"replies":[{"embeddable":true,"href":"https:\/\/www.lineacor.com\/de\/wp-json\/wp\/v2\/comments?post=93"}],"wp:featuredmedia":[{"embeddable":true,"href":"https:\/\/www.lineacor.com\/de\/wp-json\/wp\/v2\/media\/2338"}],"wp:attachment":[{"href":"https:\/\/www.lineacor.com\/de\/wp-json\/wp\/v2\/media?parent=93"}],"wp:term":[{"taxonomy":"product_brand","embeddable":true,"href":"https:\/\/www.lineacor.com\/de\/wp-json\/wp\/v2\/product_brand?post=93"},{"taxonomy":"product_cat","embeddable":true,"href":"https:\/\/www.lineacor.com\/de\/wp-json\/wp\/v2\/product_cat?post=93"},{"taxonomy":"product_tag","embeddable":true,"href":"https:\/\/www.lineacor.com\/de\/wp-json\/wp\/v2\/product_tag?post=93"}],"curies":[{"name":"wp","href":"https:\/\/api.w.org\/{rel}","templated":true}]}}