{"id":99,"date":"2021-11-01T00:51:54","date_gmt":"2021-10-31T23:51:54","guid":{"rendered":"https:\/\/lineacor.com\/lineacor\/?post_type=product&#038;p=99"},"modified":"2026-03-17T14:01:40","modified_gmt":"2026-03-17T13:01:40","slug":"bp-cor-stoppbad","status":"publish","type":"product","link":"https:\/\/www.lineacor.com\/de\/produkt\/bp-cor-stoppbad\/","title":{"rendered":"bp-COR Stoppbad"},"content":{"rendered":"<div>\n<h1><b><i><span lang=\"DE\">bp-COR Stoppbad<\/span><\/i><\/b><\/h1>\n<p><span lang=\"DE\">Ist ein Produkt auf Wasserbasis, das entwickelt wurde, um die Oxidation zu stoppen, die durch unseren Rostaktivator <span style=\"color: #e14d43;\"><a style=\"color: #e14d43;\" href=\"https:\/\/www.lineacor.com\/de\/produkt\/act-cor-rust-activator\/\"><b>act-COR<\/b><\/a><\/span> oder <span style=\"color: #e14d43;\"><a style=\"color: #e14d43;\" href=\"https:\/\/www.lineacor.com\/de\/produkt\/act-cor-oxidation-activator-gel\/\"><b>act-COR Gel<\/b><\/a><\/span> entsteht. Diese Emulsion, die ein milchiges Aussehen hat, hinterl\u00e4sst nach dem Auftragen eine wei\u00dfliche Oberfl\u00e4che, die nach dem Trocknen transparent wird. Nach etwa 45 Minuten ist die Oberfl\u00e4che ber\u00fchrungstrocken, wobei 24 Stunden erforderlich sind, wenn die Oberfl\u00e4che lackiert werden soll.<\/span><\/p>\n<p>Neben dem Stoppen des Oxidationsprozesses, den wir mit <span style=\"color: #e14d43;\"><strong><a style=\"color: #e14d43;\" href=\"https:\/\/www.lineacor.com\/de\/produkt\/act-cor-rust-activator\/\">act-COR<\/a><\/strong><\/span> eingeleitet haben, ist <span style=\"color: #e14d43;\"><strong>bp-COR<\/strong><\/span> unerl\u00e4sslich, wenn wir die Oxidverschleppung so weit wie m\u00f6glich reduzieren wollen und wenn wir beabsichtigen, die Behandlung von Cor-Ten\u00a9-Stahl mit einem Lack fortzusetzen, da es die Oberfl\u00e4che so vorbereitet, dass der Lack eine gute Haftung hat. Wenn wir beabsichtigen, den Cor-Ten\u00a9-Stahl ohne Lackierung zu belassen und er sich im Au\u00dfenbereich befindet, empfehlen wir die Verwendung von <span style=\"color: #993300;\"><span style=\"color: #ff6600;\"><a style=\"color: #ff6600;\" href=\"https:\/\/www.lineacor.com\/de\/produkt\/bp-cor-xtrem-stoppbad\/\"><strong><span style=\"color: #e14d43;\">bp-COR Xtrem<\/span><\/strong><\/a><\/span>,<\/span> das als Endbeschichtung vorgesehen ist und dem Cor-Ten\u00a9-Stahl einen zus\u00e4tzlichen Schutz gegen Witterungseinfl\u00fcsse verleiht.<\/p>\n<div>\n<div>\n<div>\n<div>\n<div>\n<p><span lang=\"DE\">Der Name \u201eStoppbad\u201c geht auf den Ursprung des Produkts zur\u00fcck, da die verrosteten Cortenstahlteile, um den Rostprozess zu stoppen oder aufzuhalten, in einen mit dem Produkt gef\u00fcllten Eimer getaucht wurden, in dem sie gebadet wurden, und anschlie\u00dfend zum Trocknen ins Freie gebracht wurden. Sp\u00e4ter wurde das Produkt neu formuliert, um seine Verwendung mit verschiedenen Auftragstechniken wie Walzen, Kompressor- und Turbinenpistolen usw. zu erleichtern.<\/span><\/p>\n<\/div>\n<\/div>\n<\/div>\n<\/div>\n<\/div>\n<\/div>\n<div><strong><span lang=\"DE\">SEHR WICHTIG: <\/span><\/strong><\/div>\n<div><span lang=\"DE\">Lesen Sie das technische Datenblatt und das Sicherheitsdatenblatt des Produkts sorgf\u00e4ltig durch, um die richtige Anwendung zu finden, sowohl f\u00fcr die Anwendungstechnik, um die gew\u00fcnschten Ergebnisse zu erzielen, als auch f\u00fcr die Einhaltung der Sicherheits-<\/span>und Umweltschutzvorschriften.<\/div>\n<p>&nbsp;<\/p>\n","protected":false},"excerpt":{"rendered":"<p>bp-COR Stoppbad Ist ein Produkt auf Wasserbasis, das entwickelt wurde, um die Oxidation zu stoppen, die durch unseren Rostaktivator act-COR oder act-COR Gel entsteht. Diese Emulsion, die ein milchiges Aussehen hat, hinterl\u00e4sst nach dem Auftragen eine wei\u00dfliche Oberfl\u00e4che, die nach dem Trocknen transparent wird. Nach etwa 45 Minuten ist die Oberfl\u00e4che ber\u00fchrungstrocken, wobei 24 Stunden [&#8230;]\n","protected":false},"featured_media":2350,"comment_status":"closed","ping_status":"closed","template":"","meta":[],"product_brand":[],"product_cat":[7],"product_tag":[],"class_list":{"0":"post-99","1":"product","2":"type-product","3":"status-publish","4":"has-post-thumbnail","6":"product_cat-oxidation","8":"first","9":"instock","10":"taxable","11":"shipping-taxable","12":"purchasable","13":"product-type-variable"},"_links":{"self":[{"href":"https:\/\/www.lineacor.com\/de\/wp-json\/wp\/v2\/product\/99","targetHints":{"allow":["GET"]}}],"collection":[{"href":"https:\/\/www.lineacor.com\/de\/wp-json\/wp\/v2\/product"}],"about":[{"href":"https:\/\/www.lineacor.com\/de\/wp-json\/wp\/v2\/types\/product"}],"replies":[{"embeddable":true,"href":"https:\/\/www.lineacor.com\/de\/wp-json\/wp\/v2\/comments?post=99"}],"wp:featuredmedia":[{"embeddable":true,"href":"https:\/\/www.lineacor.com\/de\/wp-json\/wp\/v2\/media\/2350"}],"wp:attachment":[{"href":"https:\/\/www.lineacor.com\/de\/wp-json\/wp\/v2\/media?parent=99"}],"wp:term":[{"taxonomy":"product_brand","embeddable":true,"href":"https:\/\/www.lineacor.com\/de\/wp-json\/wp\/v2\/product_brand?post=99"},{"taxonomy":"product_cat","embeddable":true,"href":"https:\/\/www.lineacor.com\/de\/wp-json\/wp\/v2\/product_cat?post=99"},{"taxonomy":"product_tag","embeddable":true,"href":"https:\/\/www.lineacor.com\/de\/wp-json\/wp\/v2\/product_tag?post=99"}],"curies":[{"name":"wp","href":"https:\/\/api.w.org\/{rel}","templated":true}]}}