{"id":1344,"date":"2019-07-25T11:59:13","date_gmt":"2019-07-25T10:59:13","guid":{"rendered":"https:\/\/www.lineacor.com\/fr\/?page_id=1344"},"modified":"2020-07-20T23:09:09","modified_gmt":"2020-07-20T22:09:09","slug":"calculatrice","status":"publish","type":"page","link":"https:\/\/www.lineacor.com\/fr\/calculatrice\/","title":{"rendered":"Calculatrice"},"content":{"rendered":"\n\n  <div class=\"banner has-hover has-parallax\" id=\"banner-2022657959\">\n          <div class=\"banner-inner fill\">\n        <div class=\"banner-bg fill\" data-parallax=\"-8\" data-parallax-container=\".banner\" data-parallax-background>\n            <img decoding=\"async\" width=\"677\" height=\"260\" src=\"https:\/\/www.lineacor.com\/fr\/wp-content\/uploads\/sites\/2\/2020\/07\/Banner-calculator.jpg\" class=\"bg attachment-original size-original\" alt=\"\" \/>                        <div class=\"overlay\"><\/div>            \n\t<div class=\"is-border\"\n\t\tstyle=\"border-width:0px 0px 0px 0px;margin:0px 0px 0px 0;\">\n\t<\/div>\n                    <\/div>\n\t\t\n        <div class=\"banner-layers container\">\n            <div class=\"fill banner-link\"><\/div>            \n\n   <div id=\"text-box-1186363687\" class=\"text-box banner-layer x50 md-x50 lg-x50 y50 md-y50 lg-y50 res-text\">\n                                <div class=\"text-box-content text dark\">\n              \n              <div class=\"text-inner text-center\">\n                  \n\n<h3 class=\"uppercase\" style=\"text-align: left;\"><span style=\"font-size: 120%;\"><strong>S\u00e9lecteur de produits<\/strong><\/span><\/h3>\n<p style=\"text-align: left;\">&nbsp;<\/p>\n\n              <\/div>\n           <\/div>\n                            \n<style>\n#text-box-1186363687 {\n  margin: 100px 0px 0px 0;\n  width: 60%;\n}\n#text-box-1186363687 .text-box-content {\n  font-size: 110%;\n}\n@media (min-width:550px) {\n  #text-box-1186363687 {\n    width: 100%;\n  }\n}\n<\/style>\n    <\/div>\n \n\n        <\/div>\n      <\/div>\n\n            \n<style>\n#banner-2022657959 {\n  padding-top: 400px;\n  background-color: rgba(237, 237, 237, 0.98);\n}\n#banner-2022657959 .overlay {\n  background-color: rgba(120, 62, 41, 0.72);\n}\n#banner-2022657959 .banner-bg img {\n  object-position: 93% 66%;\n}\n<\/style>\n  <\/div>\n\n\n<div class=\"row row-small align-middle align-center\"  id=\"row-775019135\">\n\n\n\t<div id=\"col-180645717\" class=\"col small-10 large-12 col-divided\"  >\n\t\t\t\t<div class=\"col-inner text-left\"  >\n\t\t\t\n\t\t\t\n\n<p><span style=\"font-size: 140%; color: #993300;\">D\u00e9couvrez en 5 clics de quels produits vous avez besoin pour votre projet, suivant la quantit\u00e9 de surface \u00e0 traiter, la finition souhait\u00e9e et o\u00f9 il sera install\u00e9.<\/span><\/p>\n\n\t\t<\/div>\n\t\t\t\t\t<\/div>\n\n\t\n\n<\/div>\n<p><iframe id=\"JotFormIFrame-91294137429361\" title=\"Calculadora\" onload=\"window.parent.scrollTo(0,0)\" allowtransparency=\"true\" allowfullscreen=\"true\" allow=\"geolocation; microphone; camera\" src=\"https:\/\/form.jotformeu.com\/91294137429361\" frameborder=\"0\" style=\"width: 1px; min-width: 100%; height:539px; border:none;\" scrolling=\"no\"> <\/iframe> <script type=\"text\/javascript\"> var ifr = document.getElementById(\"JotFormIFrame-91294137429361\"); if(window.location.href && window.location.href.indexOf(\"?\") > -1) { var get = window.location.href.substr(window.location.href.indexOf(\"?\") + 1); if(ifr && get.length > 0) { var src = ifr.src; src = src.indexOf(\"?\") > -1 ? src + \"&\" + get : src + \"?\" + get; ifr.src = src; } } window.handleIFrameMessage = function(e) { if (typeof e.data === 'object') { return; } var args = e.data.split(\":\"); if (args.length > 2) { iframe = document.getElementById(\"JotFormIFrame-\" + args[(args.length - 1)]); } else { iframe = document.getElementById(\"JotFormIFrame\"); } if (!iframe) { return; } switch (args[0]) { case \"scrollIntoView\": iframe.scrollIntoView(); break; case \"setHeight\": iframe.style.height = args[1] + \"px\"; break; case \"collapseErrorPage\": if (iframe.clientHeight > window.innerHeight) { iframe.style.height = window.innerHeight + \"px\"; } break; case \"reloadPage\": window.location.reload(); break; case \"loadScript\": var src = args[1]; if (args.length > 3) { src = args[1] + ':' + args[2]; } var script = document.createElement('script'); script.src = src; script.type = 'text\/javascript'; document.body.appendChild(script); break; case \"exitFullscreen\": if (window.document.exitFullscreen) window.document.exitFullscreen(); else if (window.document.mozCancelFullScreen) window.document.mozCancelFullScreen(); else if (window.document.mozCancelFullscreen) window.document.mozCancelFullScreen(); else if (window.document.webkitExitFullscreen) window.document.webkitExitFullscreen(); else if (window.document.msExitFullscreen) window.document.msExitFullscreen(); break; } var isJotForm = (e.origin.indexOf(\"jotform\") > -1) ? true : false; if(isJotForm && \"contentWindow\" in iframe && \"postMessage\" in iframe.contentWindow) { var urls = {\"docurl\":encodeURIComponent(document.URL),\"referrer\":encodeURIComponent(document.referrer)}; iframe.contentWindow.postMessage(JSON.stringify({\"type\":\"urls\",\"value\":urls}), \"*\"); } }; if (window.addEventListener) { window.addEventListener(\"message\", handleIFrameMessage, false); } else if (window.attachEvent) { window.attachEvent(\"onmessage\", handleIFrameMessage); } <\/script><\/p>\n\n\t<section class=\"section\" id=\"section_620297128\">\n\t\t<div class=\"section-bg fill\" >\n\t\t\t\t\t\t\t\t\t\n\t\t\t\n\n\t\t<\/div>\n\n\t\t\n\n\t\t<div class=\"section-content relative\">\n\t\t\t\n\n\n\t\t<\/div>\n\n\t\t\n<style>\n#section_620297128 {\n  padding-top: 15px;\n  padding-bottom: 15px;\n}\n<\/style>\n\t<\/section>\n\t\n\n","protected":false},"excerpt":{"rendered":"","protected":false},"author":1,"featured_media":0,"parent":0,"menu_order":0,"comment_status":"closed","ping_status":"closed","template":"page-blank.php","meta":{"footnotes":""},"class_list":["post-1344","page","type-page","status-publish","hentry"],"_links":{"self":[{"href":"https:\/\/www.lineacor.com\/fr\/wp-json\/wp\/v2\/pages\/1344","targetHints":{"allow":["GET"]}}],"collection":[{"href":"https:\/\/www.lineacor.com\/fr\/wp-json\/wp\/v2\/pages"}],"about":[{"href":"https:\/\/www.lineacor.com\/fr\/wp-json\/wp\/v2\/types\/page"}],"author":[{"embeddable":true,"href":"https:\/\/www.lineacor.com\/fr\/wp-json\/wp\/v2\/users\/1"}],"replies":[{"embeddable":true,"href":"https:\/\/www.lineacor.com\/fr\/wp-json\/wp\/v2\/comments?post=1344"}],"version-history":[{"count":0,"href":"https:\/\/www.lineacor.com\/fr\/wp-json\/wp\/v2\/pages\/1344\/revisions"}],"wp:attachment":[{"href":"https:\/\/www.lineacor.com\/fr\/wp-json\/wp\/v2\/media?parent=1344"}],"curies":[{"name":"wp","href":"https:\/\/api.w.org\/{rel}","templated":true}]}}