{"id":1687,"date":"2020-08-31T20:21:37","date_gmt":"2020-08-31T19:21:37","guid":{"rendered":"https:\/\/www.lineacor.com\/fr\/?page_id=1687"},"modified":"2020-09-01T10:55:40","modified_gmt":"2020-09-01T09:55:40","slug":"nos-services","status":"publish","type":"page","link":"https:\/\/www.lineacor.com\/fr\/nos-services\/","title":{"rendered":"Nos Services"},"content":{"rendered":"\n\n  <div class=\"banner has-hover has-parallax\" id=\"banner-1783635631\">\n          <div class=\"banner-inner fill\">\n        <div class=\"banner-bg fill\" data-parallax=\"-5\" data-parallax-container=\".banner\" data-parallax-background>\n            <img decoding=\"async\" width=\"1020\" height=\"574\" src=\"https:\/\/www.lineacor.com\/fr\/wp-content\/uploads\/sites\/2\/2020\/07\/Slider-Our-Services-1024x576.jpg\" class=\"bg attachment-large size-large\" alt=\"\" \/>                        <div class=\"overlay\"><\/div>            \n                    <\/div>\n\t\t\n        <div class=\"banner-layers container\">\n            <div class=\"fill banner-link\"><\/div>            \n\n   <div id=\"text-box-1098338397\" class=\"text-box banner-layer x0 md-x0 lg-x0 y85 md-y85 lg-y85 res-text\">\n                                <div class=\"text-box-content text dark\">\n              \n              <div class=\"text-inner text-center\">\n                  \n\n<div class=\"container section-title-container\" style=\"margin-bottom:75px;\"><h1 class=\"section-title section-title-bold\"><b><\/b><span class=\"section-title-main\" style=\"color:rgba(255, 255, 255, 0.82);\"><i class=\"icon-plus\" ><\/i>NOS SERVICES<\/span><b><\/b><\/h1><\/div>\n\n\n              <\/div>\n           <\/div>\n                            \n<style>\n#text-box-1098338397 {\n  width: 68%;\n}\n#text-box-1098338397 .text-box-content {\n  font-size: 100%;\n}\n<\/style>\n    <\/div>\n \n\n        <\/div>\n      <\/div>\n\n            \n<style>\n#banner-1783635631 {\n  padding-top: 400px;\n}\n#banner-1783635631 .overlay {\n  background-color: rgba(0, 0, 0, 0.4);\n}\n#banner-1783635631 .banner-bg img {\n  object-position: 100% 81%;\n}\n<\/style>\n  <\/div>\n\n\n<div class=\"row align-center\" style=\"max-width:80%\" id=\"row-776647083\">\n\n\n\t<div id=\"col-1892115998\" class=\"col medium-5 small-10 large-5\"  >\n\t\t\t\t<div class=\"col-inner\"  >\n\t\t\t\n\t\t\t\n\n<h1 class=\"uppercase\">NOUS SAVONS TOUS QU\u2019UNE CONSULTATION PROFESSIONNELLE \u00c0 TEMPS PEUT \u00c9VITER DES PROBL\u00c8MES \u00c0 L&rsquo;AVENIR&#8230;<\/h1>\n\n\t\t<\/div>\n\t\t\t\t\t<\/div>\n\n\t\n\n\t<div id=\"col-1726892758\" class=\"col medium-7 small-10 large-7\"  >\n\t\t\t\t<div class=\"col-inner\"  >\n\t\t\t\n\t\t\t\n\n<h4>&#8230;Et emp\u00eacher autant que possible qu\u2019un chantier se termine mal. Nous le disons en connaissance de cause, car nous avons d\u00fb intervenir dans de nombreux projets achev\u00e9s, que la direction de chantier ou le client lui-m\u00eame ne veulent pas r\u00e9ceptionner, en raison de la mauvaise qualit\u00e9 des produits de traitement utilis\u00e9s ou peut-\u00eatre en raison d\u2019une application incorrecte de ces produits. Dans certains cas, c\u2019est imm\u00e9diatement \u00e9vident, mais dans d\u2019autres, ces d\u00e9fauts apparaissent au bout d\u2019un an et la seule solution est de tout restaurer \u00e0 nouveau. Cela veut dire recommencer tout le processus, poncer toutes les surfaces, refaire tous les traitements, etc. et cela entra\u00eene une augmentation significative du co\u00fbt final du projet.<\/h4>\n\n\t\t<\/div>\n\t\t\t\t\t<\/div>\n\n\t\n\n\n<style>\n#row-776647083 > .col > .col-inner {\n  padding: 30px 0px 0px 0px;\n}\n<\/style>\n<\/div>\n\n\t<section class=\"section\" id=\"section_1576145065\">\n\t\t<div class=\"section-bg fill\" >\n\t\t\t\t\t\t\t\t\t\n\t\t\t\n\n\t\t<\/div>\n\n\t\t\n\n\t\t<div class=\"section-content relative\">\n\t\t\t\n\n\t<div id=\"gap-1804440127\" class=\"gap-element clearfix\" style=\"display:block; height:auto;\">\n\t\t\n<style>\n#gap-1804440127 {\n  padding-top: 20px;\n}\n<\/style>\n\t<\/div>\n\t\n\n<div class=\"row row-small\" style=\"max-width:90%\" id=\"row-1100633638\">\n\n\n\t<div id=\"col-990867379\" class=\"col medium-6 small-12 large-6\"  data-animate=\"fadeInUp\">\n\t\t\t\t<div class=\"col-inner box-shadow-3-hover text-shadow-3\" style=\"background-color:rgb(61, 19, 4);\" >\n\t\t\t\n\t\t\t\n\n\n  <div class=\"banner has-hover bg-zoom-fade\" id=\"banner-604882432\">\n          <div class=\"banner-inner fill\">\n        <div class=\"banner-bg fill\" >\n            <img decoding=\"async\" width=\"1020\" height=\"680\" src=\"https:\/\/www.lineacor.com\/fr\/wp-content\/uploads\/sites\/2\/2020\/07\/iron-rods-474800_1920-1024x683.jpg\" class=\"bg attachment-large size-large\" alt=\"\" \/>                        <div class=\"overlay\"><\/div>            \n                    <\/div>\n\t\t\n        <div class=\"banner-layers container\">\n            <div class=\"fill banner-link\"><\/div>            \n\n   <div id=\"text-box-1884436357\" class=\"text-box banner-layer x10 md-x10 lg-x10 y50 md-y50 lg-y50 res-text\">\n                                <div class=\"text-box-content text dark\">\n              \n              <div class=\"text-inner text-left\">\n                  \n\n<h2><span style=\"font-size: 105%;\"><strong> CONSEIL <\/strong><\/span><\/h2>\n<h3><span style=\"font-size: 100%;\">Nous vous proposons des conseils sur les projets en acier corten, soit d\u00e8s le d\u00e9but du projet, soit une fois d\u00e9marr\u00e9.<\/span><\/h3>\n<a class=\"button white is-link\"  >\n\t\t<span><\/span>\n\t<\/a>\n\n\n\n              <\/div>\n           <\/div>\n                            \n<style>\n#text-box-1884436357 {\n  width: 74%;\n}\n#text-box-1884436357 .text-box-content {\n  font-size: 100%;\n}\n<\/style>\n    <\/div>\n \n\n        <\/div>\n      <\/div>\n\n            \n<style>\n#banner-604882432 {\n  padding-top: 400px;\n}\n#banner-604882432 .overlay {\n  background-color: rgba(77, 20, 0, 0.63);\n}\n<\/style>\n  <\/div>\n\n\n\n\t\t<\/div>\n\t\t\t\t\n<style>\n#col-990867379 > .col-inner {\n  padding: 20px 20px 20px 20px;\n  margin: 0px 0 0px 0px;\n}\n<\/style>\n\t<\/div>\n\n\t\n\n\t<div id=\"col-968388376\" class=\"col medium-6 small-12 large-6\"  data-animate=\"fadeInUp\">\n\t\t\t\t<div class=\"col-inner text-shadow-3\" style=\"background-color:rgb(61, 19, 4);\" >\n\t\t\t\n\t\t\t\n\n\n  <div class=\"banner has-hover bg-zoom-fade\" id=\"banner-195090143\">\n          <div class=\"banner-inner fill\">\n        <div class=\"banner-bg fill\" >\n            <img decoding=\"async\" width=\"600\" height=\"800\" src=\"https:\/\/www.lineacor.com\/fr\/wp-content\/uploads\/sites\/2\/2020\/07\/Construction-Management-LINEACOR.jpg\" class=\"bg attachment-large size-large\" alt=\"\" \/>                        <div class=\"overlay\"><\/div>            \n                    <\/div>\n\t\t\n        <div class=\"banner-layers container\">\n            <div class=\"fill banner-link\"><\/div>            \n\n   <div id=\"text-box-940067764\" class=\"text-box banner-layer x10 md-x10 lg-x10 y50 md-y50 lg-y50 res-text\">\n                                <div class=\"text-box-content text dark\">\n              \n              <div class=\"text-inner text-left\">\n                  \n\n<h2 class=\"thin-font\"><span style=\"font-size: 95%;\"><strong>GESTION DE LA CONSTRUCTION<\/strong><\/span><\/h2>\n<h3><span style=\"font-size: 100%;\">Nous mettons \u00e0 votre disposition nos connaissances approfondies pour r\u00e9aliser la gestion du chantier concernant le traitement de l\u2019acier corten.<\/span><\/h3>\n<a class=\"button white is-link\"  >\n\t\t<span><\/span>\n\t<\/a>\n\n\n\n              <\/div>\n           <\/div>\n                            \n<style>\n#text-box-940067764 {\n  width: 76%;\n}\n#text-box-940067764 .text-box-content {\n  font-size: 100%;\n}\n<\/style>\n    <\/div>\n \n\n        <\/div>\n      <\/div>\n\n            \n<style>\n#banner-195090143 {\n  padding-top: 400px;\n}\n#banner-195090143 .overlay {\n  background-color: rgba(190, 57, 9, 0.2);\n}\n<\/style>\n  <\/div>\n\n\n\n\t\t<\/div>\n\t\t\t\t\n<style>\n#col-968388376 > .col-inner {\n  padding: 20px 20px 20px 20px;\n  margin: 0 0px 0px 0px;\n}\n<\/style>\n\t<\/div>\n\n\t\n\n\t<div id=\"col-579928825\" class=\"col medium-6 small-12 large-6\"  data-animate=\"fadeInUp\">\n\t\t\t\t<div class=\"col-inner text-shadow-3\" style=\"background-color:rgb(61, 19, 4);\" >\n\t\t\t\n\t\t\t\n\n\n  <div class=\"banner has-hover bg-zoom-fade\" id=\"banner-1087775217\">\n          <div class=\"banner-inner fill\">\n        <div class=\"banner-bg fill\" >\n            <img decoding=\"async\" width=\"747\" height=\"1000\" src=\"https:\/\/www.lineacor.com\/fr\/wp-content\/uploads\/sites\/2\/2020\/07\/Recovery-corten-service-01.jpg\" class=\"bg attachment-large size-large\" alt=\"\" \/>                        <div class=\"overlay\"><\/div>            \n                    <\/div>\n\t\t\n        <div class=\"banner-layers container\">\n            <div class=\"fill banner-link\"><\/div>            \n\n   <div id=\"text-box-2061396629\" class=\"text-box banner-layer x10 md-x10 lg-x10 y50 md-y50 lg-y50 res-text\">\n                                <div class=\"text-box-content text dark\">\n              \n              <div class=\"text-inner text-left\">\n                  \n\n<h2><span style=\"font-size: 100%;\"><strong> RESTAURATION<\/strong><\/span><\/h2>\n<h3><span style=\"font-size: 100%;\">Nous encadrons la restauration d\u2019un traitement sur les surfaces en acier corten et m\u00eame sa r\u00e9paration structurelle.<\/span><\/h3>\n<a class=\"button white is-link\"  >\n\t\t<span><\/span>\n\t<\/a>\n\n\n\n              <\/div>\n           <\/div>\n                            \n<style>\n#text-box-2061396629 {\n  width: 64%;\n}\n#text-box-2061396629 .text-box-content {\n  font-size: 100%;\n}\n<\/style>\n    <\/div>\n \n\n        <\/div>\n      <\/div>\n\n            \n<style>\n#banner-1087775217 {\n  padding-top: 400px;\n}\n#banner-1087775217 .overlay {\n  background-color: rgba(77, 20, 0, 0.48);\n}\n<\/style>\n  <\/div>\n\n\n\n\t\t<\/div>\n\t\t\t\t\n<style>\n#col-579928825 > .col-inner {\n  padding: 20px 20px 20px 20px;\n}\n<\/style>\n\t<\/div>\n\n\t\n\n\t<div id=\"col-1262077386\" class=\"col medium-6 small-12 large-6\"  data-animate=\"fadeInUp\">\n\t\t\t\t<div class=\"col-inner text-shadow-3\" style=\"background-color:rgb(61, 19, 4);\" >\n\t\t\t\n\t\t\t\n\n\n  <div class=\"banner has-hover bg-zoom-fade\" id=\"banner-551879381\">\n          <div class=\"banner-inner fill\">\n        <div class=\"banner-bg fill\" >\n            <img decoding=\"async\" width=\"722\" height=\"480\" src=\"https:\/\/www.lineacor.com\/fr\/wp-content\/uploads\/sites\/2\/2020\/07\/Obra-Jaen-LINEACOR.jpg\" class=\"bg attachment-large size-large\" alt=\"\" \/>                        <div class=\"overlay\"><\/div>            \n                    <\/div>\n\t\t\n        <div class=\"banner-layers container\">\n            <div class=\"fill banner-link\"><\/div>            \n\n   <div id=\"text-box-517648609\" class=\"text-box banner-layer x10 md-x10 lg-x10 y50 md-y50 lg-y50 res-text\">\n                                <div class=\"text-box-content text dark\">\n              \n              <div class=\"text-inner text-left\">\n                  \n\n<h2 class=\"thin-font\"><span style=\"font-size: 105%;\"><strong>CL\u00c9 EN MAIN<\/strong><\/span><\/h2>\n<h3><span style=\"font-size: 100%;\">Nous vous proposons \u00e9galement de r\u00e9aliser l\u2019installation et le traitement de l\u2019acier corten.<\/span><\/h3>\n<a class=\"button white is-link\"  >\n\t\t<span><\/span>\n\t<\/a>\n\n\n\n              <\/div>\n           <\/div>\n                            \n<style>\n#text-box-517648609 {\n  width: 77%;\n}\n#text-box-517648609 .text-box-content {\n  font-size: 100%;\n}\n<\/style>\n    <\/div>\n \n\n        <\/div>\n      <\/div>\n\n            \n<style>\n#banner-551879381 {\n  padding-top: 400px;\n}\n#banner-551879381 .overlay {\n  background-color: rgba(190, 57, 9, 0.2);\n}\n<\/style>\n  <\/div>\n\n\n\n\t\t<\/div>\n\t\t\t\t\n<style>\n#col-1262077386 > .col-inner {\n  padding: 20px 20px 20px 20px;\n  margin: 0 0px 0px 0px;\n}\n<\/style>\n\t<\/div>\n\n\t\n\n<\/div>\n\n\t\t<\/div>\n\n\t\t\n<style>\n#section_1576145065 {\n  padding-top: 1px;\n  padding-bottom: 1px;\n  background-color: rgb(61, 19, 4);\n}\n<\/style>\n\t<\/section>\n\t\n\n  <div class=\"banner has-hover is-full-height\" id=\"banner-1036958081\">\n          <div class=\"banner-inner fill\">\n        <div class=\"banner-bg fill\" >\n            <img decoding=\"async\" width=\"722\" height=\"480\" src=\"https:\/\/www.lineacor.com\/fr\/wp-content\/uploads\/sites\/2\/2020\/07\/Fons-Formulari-servicios.jpg\" class=\"bg attachment-large size-large\" alt=\"\" \/>                        <div class=\"overlay\"><\/div>            \n\t<div class=\"is-border\"\n\t\tstyle=\"border-width:0px 0px 0px 0px;\">\n\t<\/div>\n                    <\/div>\n\t\t\n        <div class=\"banner-layers container\">\n            <div class=\"fill banner-link\"><\/div>            \n\n   <div id=\"text-box-839075892\" class=\"text-box banner-layer x50 md-x50 lg-x50 y50 md-y50 lg-y50 res-text\">\n              <div data-parallax=\"1\" data-parallax-fade=\"true\">       <div data-animate=\"fadeInUp\">           <div class=\"text-box-content text \">\n              \n              <div class=\"text-inner text-center\">\n                  \n\n\t<div id=\"gap-1924270298\" class=\"gap-element clearfix\" style=\"display:block; height:auto;\">\n\t\t\n<style>\n#gap-1924270298 {\n  padding-top: 50px;\n}\n<\/style>\n\t<\/div>\n\t\n\n<h2 class=\"uppercase\"><strong><span style=\"color: #993300;\">POUVONS-NOUS VOUS AIDER EN CAS DE DOUTE?<\/span><\/strong><\/h2>\n<p style=\"text-align: left;\"><span style=\"font-size: 120%; color: #630404;\">Si vous avez un nouveau projet \u00e0 d\u00e9velopper, si vous avez besoin d&rsquo;aide pour poursuivre votre projet, si vous avez besoin de quelques indications pour poursuivre ou vous avez besoin de plus, n&rsquo;h\u00e9sitez pas \u00e0 nous en faire part, ensemble nous trouverons la meilleure solution.<\/span><\/p>\n\t<div id=\"gap-392712488\" class=\"gap-element clearfix\" style=\"display:block; height:auto;\">\n\t\t\n<style>\n#gap-392712488 {\n  padding-top: 24px;\n}\n<\/style>\n\t<\/div>\n\t\n\n\n<div class=\"wpcf7 no-js\" id=\"wpcf7-f1551-o1\" lang=\"ca\" dir=\"ltr\" data-wpcf7-id=\"1551\">\n<div class=\"screen-reader-response\"><p role=\"status\" aria-live=\"polite\" aria-atomic=\"true\"><\/p> <ul><\/ul><\/div>\n<form action=\"\/fr\/wp-json\/wp\/v2\/pages\/1687#wpcf7-f1551-o1\" method=\"post\" class=\"wpcf7-form init\" aria-label=\"Formulari de contacte\" novalidate=\"novalidate\" data-status=\"init\">\n<fieldset class=\"hidden-fields-container\"><input type=\"hidden\" name=\"_wpcf7\" value=\"1551\" \/><input type=\"hidden\" name=\"_wpcf7_version\" value=\"6.1.5\" \/><input type=\"hidden\" name=\"_wpcf7_locale\" value=\"ca\" \/><input type=\"hidden\" name=\"_wpcf7_unit_tag\" value=\"wpcf7-f1551-o1\" \/><input type=\"hidden\" name=\"_wpcf7_container_post\" value=\"0\" \/><input type=\"hidden\" name=\"_wpcf7_posted_data_hash\" value=\"\" \/><input type=\"hidden\" name=\"_wpcf7_recaptcha_response\" value=\"\" \/>\n<\/fieldset>\n<p><label> Nom (obligatoire)<br \/>\n<span class=\"wpcf7-form-control-wrap\" data-name=\"your-name\"><input size=\"40\" maxlength=\"400\" class=\"wpcf7-form-control wpcf7-text wpcf7-validates-as-required\" aria-required=\"true\" aria-invalid=\"false\" value=\"\" type=\"text\" name=\"your-name\" \/><\/span> <\/label>\n<\/p>\n<p><label> T\u00e9l\u00e9phone<br \/>\n<span class=\"wpcf7-form-control-wrap\" data-name=\"tel-984\"><input size=\"40\" maxlength=\"400\" class=\"wpcf7-form-control wpcf7-tel wpcf7-text wpcf7-validates-as-tel\" aria-invalid=\"false\" value=\"\" type=\"tel\" name=\"tel-984\" \/><\/span> <\/label>\n<\/p>\n<p><label> Email (obligatoire)<br \/>\n<span class=\"wpcf7-form-control-wrap\" data-name=\"your-email\"><input size=\"40\" maxlength=\"400\" class=\"wpcf7-form-control wpcf7-email wpcf7-validates-as-required wpcf7-text wpcf7-validates-as-email\" aria-required=\"true\" aria-invalid=\"false\" value=\"\" type=\"email\" name=\"your-email\" \/><\/span> <\/label>\n<\/p>\n<p><label> Objet<br \/>\n<span class=\"wpcf7-form-control-wrap\" data-name=\"your-subject\"><input size=\"40\" maxlength=\"400\" class=\"wpcf7-form-control wpcf7-text\" aria-invalid=\"false\" value=\"\" type=\"text\" name=\"your-subject\" \/><\/span> <\/label>\n<\/p>\n<p><label> Votre message<br \/>\n<span class=\"wpcf7-form-control-wrap\" data-name=\"your-message\"><textarea cols=\"40\" rows=\"10\" maxlength=\"2000\" class=\"wpcf7-form-control wpcf7-textarea\" aria-invalid=\"false\" name=\"your-message\"><\/textarea><\/span> <\/label>\n<\/p>\n<p><span class=\"wpcf7-form-control-wrap\" data-name=\"acceptance-883\"><span class=\"wpcf7-form-control wpcf7-acceptance\"><span class=\"wpcf7-list-item\"><input type=\"checkbox\" name=\"acceptance-883\" value=\"1\" aria-invalid=\"false\" \/><\/span><\/span><\/span><label class=\"accept-checkbox\"> J'accepte la politique de confidentialit\u00e9 du site.<\/label><label><br \/>\n<input class=\"wpcf7-form-control wpcf7-submit has-spinner\" type=\"submit\" value=\"ENVOYER\" \/><\/label>\n<\/p><p style=\"display: none !important;\" class=\"akismet-fields-container\" data-prefix=\"_wpcf7_ak_\"><label>&#916;<textarea name=\"_wpcf7_ak_hp_textarea\" cols=\"45\" rows=\"8\" maxlength=\"100\"><\/textarea><\/label><input type=\"hidden\" id=\"ak_js_1\" name=\"_wpcf7_ak_js\" value=\"175\"\/><script>document.getElementById( \"ak_js_1\" ).setAttribute( \"value\", ( new Date() ).getTime() );<\/script><\/p><div class=\"wpcf7-response-output\" aria-hidden=\"true\"><\/div>\n<\/form>\n<\/div>\n\n\n\n              <\/div>\n           <\/div>\n       <\/div>       <\/div>              \n<style>\n#text-box-839075892 {\n  width: 78%;\n}\n#text-box-839075892 .text-box-content {\n  font-size: 100%;\n}\n@media (min-width:550px) {\n  #text-box-839075892 {\n    width: 82%;\n  }\n}\n<\/style>\n    <\/div>\n \n\n        <\/div>\n      <\/div>\n\n            \n<style>\n#banner-1036958081 {\n  padding-top: 1000px;\n  background-color: rgba(110, 110, 110, 0.12);\n}\n#banner-1036958081 .overlay {\n  background-color: rgba(255, 255, 255, 0.5);\n}\n@media (min-width:550px) {\n  #banner-1036958081 {\n    padding-top: 100%;\n  }\n}\n<\/style>\n  <\/div>\n\n\n\t<div id=\"gap-1641997857\" class=\"gap-element clearfix\" style=\"display:block; height:auto;\">\n\t\t\n<style>\n#gap-1641997857 {\n  padding-top: 50px;\n}\n<\/style>\n\t<\/div>\n\t\n\n\n","protected":false},"excerpt":{"rendered":"","protected":false},"author":3,"featured_media":0,"parent":0,"menu_order":0,"comment_status":"closed","ping_status":"closed","template":"page-blank.php","meta":{"footnotes":""},"class_list":["post-1687","page","type-page","status-publish","hentry"],"_links":{"self":[{"href":"https:\/\/www.lineacor.com\/fr\/wp-json\/wp\/v2\/pages\/1687","targetHints":{"allow":["GET"]}}],"collection":[{"href":"https:\/\/www.lineacor.com\/fr\/wp-json\/wp\/v2\/pages"}],"about":[{"href":"https:\/\/www.lineacor.com\/fr\/wp-json\/wp\/v2\/types\/page"}],"author":[{"embeddable":true,"href":"https:\/\/www.lineacor.com\/fr\/wp-json\/wp\/v2\/users\/3"}],"replies":[{"embeddable":true,"href":"https:\/\/www.lineacor.com\/fr\/wp-json\/wp\/v2\/comments?post=1687"}],"version-history":[{"count":0,"href":"https:\/\/www.lineacor.com\/fr\/wp-json\/wp\/v2\/pages\/1687\/revisions"}],"wp:attachment":[{"href":"https:\/\/www.lineacor.com\/fr\/wp-json\/wp\/v2\/media?parent=1687"}],"curies":[{"name":"wp","href":"https:\/\/api.w.org\/{rel}","templated":true}]}}