{"id":314,"date":"2017-06-02T12:25:41","date_gmt":"2017-06-02T11:25:41","guid":{"rendered":"https:\/\/www.lineacor.com\/fr\/?page_id=314"},"modified":"2017-06-29T15:30:31","modified_gmt":"2017-06-29T14:30:31","slug":"politique-de-confidentialite","status":"publish","type":"page","link":"https:\/\/www.lineacor.com\/fr\/politique-de-confidentialite\/","title":{"rendered":"Politique de confidentialit\u00e9"},"content":{"rendered":"<p>Par la pr\u00e9sente politique de confidentialit\u00e9, OXIDACI\u00d3N VIDMETAL, S.L. d\u00e9taille aux utilisateurs de ce site, conform\u00e9ment \u00e0 la loi organique 15\/1999 du 13 D\u00e9cembre sur  la protection des donn\u00e9es personnelles (LOPD), sa politique de protection des donn\u00e9es personnelles afin qu&rsquo;ils d\u00e9cident express\u00e9ment, librement et volontairement s&rsquo;ils  souhaitent fournir \u00e0 OXIDACI\u00d3N VIDMETAL, S.L. les donn\u00e9es \u00e0 caract\u00e8re personnel qui sont demand\u00e9es.<br \/>\nOXIDACI\u00d3N VIDMETAL, S.L.\u00a0se r\u00e9serve le droit de modifier cette politique, en informant pr\u00e9alablement les utilisateurs des changements \u00e0 travers cet avis.<br \/>\nEn fournissant volontairement des renseignements personnels via les  formulaires de cette page web ou par courriel et en acceptant leur envoi, vous autorisez express\u00e9ment l&rsquo;int\u00e9gration et le traitement des donn\u00e9es par OXIDACI\u00d3N VIDMETAL, S.L. dans une base de donn\u00e9es appartenant \u00e0 OXIDACI\u00d3N VIDMETAL, S.L. et d\u00fbment enregistr\u00e9e aupr\u00e8s de l&rsquo;Agence de Protection des Donn\u00e9es.<br \/>\nDans chacun des formulaires dans lesquels les donn\u00e9es personnelles de l&rsquo;utilisateur sont collect\u00e9es, l&rsquo;utilisateur recevra de OXIDACI\u00d3N VIDMETAL, S.L. des informations d\u00e9taill\u00e9es sur le traitement, la finalit\u00e9 et l&rsquo;utilisation de ses donn\u00e9es, le caract\u00e8re obligatoire ou facultatif des r\u00e9ponses, les cons\u00e9quences d&rsquo;un refus de les fournir et, en g\u00e9n\u00e9ral, toutes les informations requises par la loi applicable sur la protection des donn\u00e9es \u00e0 caract\u00e8re personnel, qui, dans tous les cas, devront \u00eatre express\u00e9ment accept\u00e9es par l&rsquo;utilisateur.<br \/>\nOXIDACI\u00d3N VIDMETAL, S.L.\u00a0s&rsquo;engage \u00e0 traiter les donn\u00e9es \u00e0 caract\u00e8re personnel de l&rsquo;utilisateur en conformit\u00e9 avec les dispositions de la l\u00e9gislation actuelle sur la protection des donn\u00e9es.\u2028L&rsquo;utilisateur s&rsquo;engage \u00e0 maintenir d\u00fbment actualis\u00e9es les donn\u00e9es fournies \u00e0\u00a0OXIDACI\u00d3N VIDMETAL, S.L..<br \/>\nOXIDACI\u00d3N VIDMETAL, S.L.\u00a0dispose de profils sur les principaux r\u00e9seaux sociaux et se reconna\u00eet responsable dans tous les cas du traitement des donn\u00e9es de ses suiveurs, fans, abonn\u00e9s, commentateurs et autres profils d&rsquo;utilisateur. Le traitement que OXIDACI\u00d3N VIDMETAL, S.L. appliquera \u00e0 ces donn\u00e9es sera, tout au plus, celui que les r\u00e9seaux sociaux permettent \u00e0 des profils d&rsquo;entreprises.\u2028\u00a0<br \/>\nEn aucun cas\u00a0OXIDACI\u00d3N VIDMETAL, S.L.\u00a0extraira des donn\u00e9es des r\u00e9seaux sociaux, \u00e0 moins d&rsquo;obtenir l&rsquo;accord expr\u00e8s de l&rsquo;utilisateur \u00e0 cette fin.\u2028\u2028OXIDACI\u00d3N VIDMETAL, S.L.\u00a0a adopt\u00e9 les mesures techniques n\u00e9cessaires pour emp\u00eacher l&rsquo;alt\u00e9ration, la perte ou le traitement non autoris\u00e9 des donn\u00e9es \u00e0 caract\u00e8re personnel que vous nous fournissez, compte tenu des limites d&rsquo;Internet.<br \/>\nVous pouvez exercer vos droits d&rsquo;acc\u00e8s, de rectification, annulation et opposition dans les termes \u00e9tablis dans la l\u00e9gislation actuelle, par e-mail \u00e0 info@lineacor.com ou par \u00e9crit \u00e0 OXIDACI\u00d3N VIDMETAL, S.L.,  C\/ Segle XXI, 84. 08840 Viladecans.<\/p>\n","protected":false},"excerpt":{"rendered":"<p>Par la pr\u00e9sente politique de confidentialit\u00e9, OXIDACI\u00d3N VIDMETAL, S.L. d\u00e9taille aux utilisateurs de ce site, conform\u00e9ment \u00e0 la loi organique 15\/1999 du 13 D\u00e9cembre sur la protection des donn\u00e9es personnelles (LOPD), sa politique de protection des donn\u00e9es personnelles afin qu&rsquo;ils d\u00e9cident express\u00e9ment, librement et volontairement s&rsquo;ils souhaitent fournir \u00e0 OXIDACI\u00d3N VIDMETAL, S.L. les donn\u00e9es \u00e0 [&#8230;]\n","protected":false},"author":1,"featured_media":0,"parent":0,"menu_order":0,"comment_status":"closed","ping_status":"closed","template":"page-blank-title-center.php","meta":{"footnotes":""},"class_list":["post-314","page","type-page","status-publish","hentry"],"_links":{"self":[{"href":"https:\/\/www.lineacor.com\/fr\/wp-json\/wp\/v2\/pages\/314","targetHints":{"allow":["GET"]}}],"collection":[{"href":"https:\/\/www.lineacor.com\/fr\/wp-json\/wp\/v2\/pages"}],"about":[{"href":"https:\/\/www.lineacor.com\/fr\/wp-json\/wp\/v2\/types\/page"}],"author":[{"embeddable":true,"href":"https:\/\/www.lineacor.com\/fr\/wp-json\/wp\/v2\/users\/1"}],"replies":[{"embeddable":true,"href":"https:\/\/www.lineacor.com\/fr\/wp-json\/wp\/v2\/comments?post=314"}],"version-history":[{"count":0,"href":"https:\/\/www.lineacor.com\/fr\/wp-json\/wp\/v2\/pages\/314\/revisions"}],"wp:attachment":[{"href":"https:\/\/www.lineacor.com\/fr\/wp-json\/wp\/v2\/media?parent=314"}],"curies":[{"name":"wp","href":"https:\/\/api.w.org\/{rel}","templated":true}]}}