{"id":106,"date":"2017-03-29T16:47:39","date_gmt":"2017-03-29T15:47:39","guid":{"rendered":"https:\/\/lineacor.com\/lineacor\/?post_type=product&#038;p=106"},"modified":"2026-03-28T13:36:55","modified_gmt":"2026-03-28T12:36:55","slug":"bz-cor-nature-mate","status":"publish","type":"product","link":"https:\/\/www.lineacor.com\/fr\/produits\/bz-cor-nature-mate\/","title":{"rendered":"bz-COR nature mate"},"content":{"rendered":"<p>C&rsquo;est notre vernis de finition mate et avec un aspect tr\u00e8s naturel, pour une utilisation sur des surfaces destin\u00e9es \u00e0 \u00eatre install\u00e9es en int\u00e9rieur. C&rsquo;est un vernis riche en nuances qui se fond tr\u00e8s bien avec le bain d&rsquo;arr\u00eat bp-COR, procurant de la duret\u00e9 \u00e0 la surface oxyd\u00e9e du corten.<\/p>\n<p>Il poss\u00e8de une bonne adh\u00e9rence sur les surfaces o\u00f9 la calamine a \u00e9t\u00e9 extraite, soit par sablage avec du silicate, soit avec notre extracteur de calamine, dx-COR. Il a un temps de s\u00e9chage rapide, bien que plus lent que son homologue bz-COR (satin\u00e9). Au moins 2-3 couches sont recommand\u00e9es pour avoir une duret\u00e9 significative sur la surface.<\/p>\n<p>&nbsp;<\/p>\n<p><strong>TRES IMPORTANT:<\/strong> Lisez attentivement la fiche technique et la fiche de donn\u00e9es de s\u00e9curit\u00e9 du produit pour une application correcte, tant pour la technique d&rsquo;application que pour se conformer aux r\u00e9glementations de s\u00e9curit\u00e9 et de protection de l&rsquo;environnement.<\/p>\n<p>Pour appliquer un vernis, il est indispensable de le faire apr\u00e8s avoir arr\u00eat\u00e9 l&rsquo;oxydation avec le bp-COR et apr\u00e8s l&rsquo;avoir laiss\u00e9 s\u00e9cher pendant au moins 48 heures. Suivant le type de vernis, il sera n\u00e9cessaire en plus d&rsquo;appliquer pr\u00e9alablement le bz-COR comme membrane entre la surface trait\u00e9e (oxydation + bain d&rsquo;arr\u00eat) et le vernis choisi.<\/p>\n","protected":false},"excerpt":{"rendered":"<p>C&rsquo;est notre vernis de finition mate et avec un aspect tr\u00e8s naturel, pour une utilisation sur des surfaces destin\u00e9es \u00e0 \u00eatre install\u00e9es en int\u00e9rieur. C&rsquo;est un vernis riche en nuances qui se fond tr\u00e8s bien avec le bain d&rsquo;arr\u00eat bp-COR, procurant de la duret\u00e9 \u00e0 la surface oxyd\u00e9e du corten. Il poss\u00e8de une bonne adh\u00e9rence [&#8230;]\n","protected":false},"featured_media":57,"comment_status":"closed","ping_status":"closed","template":"","meta":[],"product_brand":[],"product_cat":[8],"product_tag":[],"class_list":{"0":"post-106","1":"product","2":"type-product","3":"status-publish","4":"has-post-thumbnail","6":"product_cat-protection-finition","8":"first","9":"instock","10":"taxable","11":"shipping-taxable","12":"purchasable","13":"product-type-variable"},"_links":{"self":[{"href":"https:\/\/www.lineacor.com\/fr\/wp-json\/wp\/v2\/product\/106","targetHints":{"allow":["GET"]}}],"collection":[{"href":"https:\/\/www.lineacor.com\/fr\/wp-json\/wp\/v2\/product"}],"about":[{"href":"https:\/\/www.lineacor.com\/fr\/wp-json\/wp\/v2\/types\/product"}],"replies":[{"embeddable":true,"href":"https:\/\/www.lineacor.com\/fr\/wp-json\/wp\/v2\/comments?post=106"}],"wp:featuredmedia":[{"embeddable":true,"href":"https:\/\/www.lineacor.com\/fr\/wp-json\/wp\/v2\/media\/57"}],"wp:attachment":[{"href":"https:\/\/www.lineacor.com\/fr\/wp-json\/wp\/v2\/media?parent=106"}],"wp:term":[{"taxonomy":"product_brand","embeddable":true,"href":"https:\/\/www.lineacor.com\/fr\/wp-json\/wp\/v2\/product_brand?post=106"},{"taxonomy":"product_cat","embeddable":true,"href":"https:\/\/www.lineacor.com\/fr\/wp-json\/wp\/v2\/product_cat?post=106"},{"taxonomy":"product_tag","embeddable":true,"href":"https:\/\/www.lineacor.com\/fr\/wp-json\/wp\/v2\/product_tag?post=106"}],"curies":[{"name":"wp","href":"https:\/\/api.w.org\/{rel}","templated":true}]}}