{"id":119,"date":"2017-03-29T16:59:22","date_gmt":"2017-03-29T15:59:22","guid":{"rendered":"https:\/\/lineacor.com\/lineacor\/?post_type=product&#038;p=119"},"modified":"2022-04-15T20:42:26","modified_gmt":"2022-04-15T19:42:26","slug":"turbinecor-pistolet-turbine","status":"publish","type":"product","link":"https:\/\/www.lineacor.com\/fr\/produits\/turbinecor-pistolet-turbine\/","title":{"rendered":"TurbineCOR pistolet turbine"},"content":{"rendered":"<p>Le pistolet TurbineCOR est un pistolet \u00e0 turbine sp\u00e9cialement indiqu\u00e9 pour appliquer les produits de la gamme lineaCOR. Il permet un contr\u00f4le exceptionnel et permet de faire des finitions professionnelles.<\/p>\n","protected":false},"excerpt":{"rendered":"<p>Le pistolet TurbineCOR est un pistolet \u00e0 turbine sp\u00e9cialement indiqu\u00e9 pour appliquer les produits de la gamme lineaCOR. Il permet un contr\u00f4le exceptionnel et permet de faire des finitions professionnelles.<\/p>\n","protected":false},"featured_media":124,"comment_status":"closed","ping_status":"closed","template":"","meta":[],"product_brand":[],"product_cat":[9],"product_tag":[],"class_list":{"0":"post-119","1":"product","2":"type-product","3":"status-publish","4":"has-post-thumbnail","6":"product_cat-autres-produits","8":"first","9":"instock","10":"taxable","11":"shipping-taxable","12":"purchasable","13":"product-type-simple"},"_links":{"self":[{"href":"https:\/\/www.lineacor.com\/fr\/wp-json\/wp\/v2\/product\/119","targetHints":{"allow":["GET"]}}],"collection":[{"href":"https:\/\/www.lineacor.com\/fr\/wp-json\/wp\/v2\/product"}],"about":[{"href":"https:\/\/www.lineacor.com\/fr\/wp-json\/wp\/v2\/types\/product"}],"replies":[{"embeddable":true,"href":"https:\/\/www.lineacor.com\/fr\/wp-json\/wp\/v2\/comments?post=119"}],"wp:featuredmedia":[{"embeddable":true,"href":"https:\/\/www.lineacor.com\/fr\/wp-json\/wp\/v2\/media\/124"}],"wp:attachment":[{"href":"https:\/\/www.lineacor.com\/fr\/wp-json\/wp\/v2\/media?parent=119"}],"wp:term":[{"taxonomy":"product_brand","embeddable":true,"href":"https:\/\/www.lineacor.com\/fr\/wp-json\/wp\/v2\/product_brand?post=119"},{"taxonomy":"product_cat","embeddable":true,"href":"https:\/\/www.lineacor.com\/fr\/wp-json\/wp\/v2\/product_cat?post=119"},{"taxonomy":"product_tag","embeddable":true,"href":"https:\/\/www.lineacor.com\/fr\/wp-json\/wp\/v2\/product_tag?post=119"}],"curies":[{"name":"wp","href":"https:\/\/api.w.org\/{rel}","templated":true}]}}