{"id":199,"date":"2017-05-03T12:04:06","date_gmt":"2017-05-03T11:04:06","guid":{"rendered":"https:\/\/lineacor.com\/lineacor\/?post_type=product&#038;p=199"},"modified":"2026-04-10T06:46:54","modified_gmt":"2026-04-10T05:46:54","slug":"lactivateur-doxyde-act-cor-gel","status":"publish","type":"product","link":"https:\/\/www.lineacor.com\/fr\/produits\/lactivateur-doxyde-act-cor-gel\/","title":{"rendered":"l&rsquo;activateur d&rsquo;oxyde act-COR gel"},"content":{"rendered":"<p>Comme le produit liquide act-COR, ce produit est utilis\u00e9 pour oxyder les surfaces en acier et en acier corten. Il a une couleur verte avec une texture tr\u00e8s visqueuse, et c&rsquo;est la raison pour laquelle nous pouvons mieux le contr\u00f4ler lors de son application. Il est particuli\u00e8rement recommand\u00e9 pour une utilisation sur des surfaces verticales, des plafonds et des endroits difficiles d&rsquo;acc\u00e8s.<\/p>\n<p>Il est \u00e9galement tr\u00e8s utile d\u2019obtenir des suroxydations et des d\u00e9tails en surface, car lorsqu\u2019on accumule une plus grande quantit\u00e9 de produit, le temps de s\u00e9chage est plus long. Il peut \u00eatre \u00e9tal\u00e9 sur la surface \u00e0 l&rsquo;aide de spatules, de rouleaux et de pinceaux suivant nos besoin, ce qui permet un meilleur \u00ab\u00a0modelage\u00a0\u00bb de l&rsquo;oxydation, et ainsi pouvoir beaucoup plus facilement effectuer des finitions irr\u00e9guli\u00e8res. Il pr\u00e9sente \u00e9galement la particularit\u00e9 de \u00ab\u00a0r\u00e9-oxyder\u00a0\u00bb une surface d\u00e9j\u00e0 oxyd\u00e9e depuis longtemps, en redonnant des tons plus clairs. Avec act-COR Gel, nous obtenons une oxydation contr\u00f4l\u00e9e de couleur orange (la couleur initiale de l&rsquo;oxydation) qu&rsquo;il est souvent tr\u00e8s difficile d&rsquo;obtenir, m\u00eame avec l&rsquo;act-COR \u00e0 l&rsquo;\u00e9tat liquide, en raison de diff\u00e9rents facteurs: l&rsquo;humidit\u00e9, la CALAMINE, l&rsquo;\u00e9paisseur de la surface, etc.<\/p>\n<p>Une autre caract\u00e9ristique est que son oxydation laisse une tra\u00een\u00e9e d&rsquo;oxyde moins importante que l&rsquo;act-COR liquide, ce qui facilite son scellement avec le bp-COR, et m\u00eame en la laissant non scell\u00e9e, la tra\u00een\u00e9e d&rsquo;oxyde est plus faible.<\/p>\n<p><strong>TRES IMPORTANT:<\/strong> Ce produit a une plage de temp\u00e9rature d&rsquo;application et de conservation comprise entre 10 et 25\u00baC. En dehors de cette plage, sa caract\u00e9ristique physique change et il devient liquide.<\/p>\n<p>Lisez attentivement la fiche technique et la fiche de donn\u00e9es de s\u00e9curit\u00e9 du produit pour une application correcte, tant pour la technique d&rsquo;application que pour se conformer aux r\u00e9glementations de s\u00e9curit\u00e9 et de protection de l&rsquo;environnement.<\/p>\n","protected":false},"excerpt":{"rendered":"<p>Comme le produit liquide act-COR, ce produit est utilis\u00e9 pour oxyder les surfaces en acier et en acier corten. Il a une couleur verte avec une texture tr\u00e8s visqueuse, et c&rsquo;est la raison pour laquelle nous pouvons mieux le contr\u00f4ler lors de son application. Il est particuli\u00e8rement recommand\u00e9 pour une utilisation sur des surfaces verticales, [&#8230;]\n","protected":false},"featured_media":207,"comment_status":"closed","ping_status":"closed","template":"","meta":[],"product_brand":[],"product_cat":[7],"product_tag":[],"class_list":{"0":"post-199","1":"product","2":"type-product","3":"status-publish","4":"has-post-thumbnail","6":"product_cat-oxydation","8":"first","9":"instock","10":"taxable","11":"shipping-taxable","12":"purchasable","13":"product-type-variable"},"_links":{"self":[{"href":"https:\/\/www.lineacor.com\/fr\/wp-json\/wp\/v2\/product\/199","targetHints":{"allow":["GET"]}}],"collection":[{"href":"https:\/\/www.lineacor.com\/fr\/wp-json\/wp\/v2\/product"}],"about":[{"href":"https:\/\/www.lineacor.com\/fr\/wp-json\/wp\/v2\/types\/product"}],"replies":[{"embeddable":true,"href":"https:\/\/www.lineacor.com\/fr\/wp-json\/wp\/v2\/comments?post=199"}],"wp:featuredmedia":[{"embeddable":true,"href":"https:\/\/www.lineacor.com\/fr\/wp-json\/wp\/v2\/media\/207"}],"wp:attachment":[{"href":"https:\/\/www.lineacor.com\/fr\/wp-json\/wp\/v2\/media?parent=199"}],"wp:term":[{"taxonomy":"product_brand","embeddable":true,"href":"https:\/\/www.lineacor.com\/fr\/wp-json\/wp\/v2\/product_brand?post=199"},{"taxonomy":"product_cat","embeddable":true,"href":"https:\/\/www.lineacor.com\/fr\/wp-json\/wp\/v2\/product_cat?post=199"},{"taxonomy":"product_tag","embeddable":true,"href":"https:\/\/www.lineacor.com\/fr\/wp-json\/wp\/v2\/product_tag?post=199"}],"curies":[{"name":"wp","href":"https:\/\/api.w.org\/{rel}","templated":true}]}}