{"id":223,"date":"2017-05-03T12:14:30","date_gmt":"2017-05-03T11:14:30","guid":{"rendered":"https:\/\/lineacor.com\/lineacor\/?post_type=product&#038;p=223"},"modified":"2024-02-28T15:50:41","modified_gmt":"2024-02-28T14:50:41","slug":"bz-cor-finish-antigraffiti-vernis-exterieur-finition-mate","status":"publish","type":"product","link":"https:\/\/www.lineacor.com\/fr\/produits\/bz-cor-finish-antigraffiti-vernis-exterieur-finition-mate\/","title":{"rendered":"bz-COR FINISH Antigraffiti Vernis (Finition mate)"},"content":{"rendered":"<p>Il s&rsquo;agit d&rsquo;un vernis \u00e0 finition mate con\u00e7u pour prot\u00e9ger la surface de l&rsquo;acier <strong>Cor-Ten\u00ae<\/strong> des actes de vandalisme tels que la peinture, les autocollants et autres actions similaires. Il s&rsquo;agit d&rsquo;un vernis antigraffiti acrylique \u00e0 deux composants, tr\u00e8s dur et r\u00e9sistant aux intemp\u00e9ries. Par cons\u00e9quent, il convient parfaitement \u00e0 une utilisation en int\u00e9rieur et en ext\u00e9rieur, facilitant ainsi le nettoyage des graffitis de mani\u00e8re plus rapide et efficace. Il est tr\u00e8s efficace contre les graffitis en bombe, les marqueurs de peinture, les r\u00e9sidus d&rsquo;adh\u00e9sif laiss\u00e9s par la pose d&rsquo;affiches, les autocollants, ainsi que d&rsquo;autres actes similaires sur la surface de l&rsquo;acier <strong>Cor-Ten\u00ae<\/strong>. Il est disponible en finitions mate, satin\u00e9e ou brillante.<\/p>\n<p>Pour une protection ad\u00e9quate, il est n\u00e9cessaire d&rsquo;appliquer 3 couches de vernis. Une fois le vernis appliqu\u00e9, il est n\u00e9cessaire d&rsquo;attendre entre 5 et 7 jours (selon les conditions environnementales locales) avant d&rsquo;installer l&rsquo;acier <strong>Cor-Ten\u00ae<\/strong> \u00e0 son emplacement final ou avant de le rendre accessible au public.<\/p>\n<p>Il est recommand\u00e9 de l&rsquo;appliquer toujours sur de l&rsquo;acier <strong>Cor-Ten\u00ae<\/strong> fabriqu\u00e9 par laminage \u00e0 froid, mais s&rsquo;il est appliqu\u00e9 sur de l&rsquo;acier <strong>Cor-Ten\u00ae<\/strong> lamin\u00e9 \u00e0 chaud, il doit \u00eatre sabl\u00e9 au pr\u00e9alable pour \u00e9liminer compl\u00e8tement la calamine pr\u00e9sente \u00e0 la surface, en raison de sa m\u00e9thode de fabrication.<\/p>\n<p>Si une surface prot\u00e9g\u00e9e avec le vernis <strong>bz-COR FINISH Antigraffiti<\/strong> est victime d&rsquo;un graffiti, celui-ci peut \u00eatre retir\u00e9 en le nettoyant avec notre produit nettoyant sp\u00e9cifique <strong>GRAFF-OUT<\/strong>, en utilisant un ou plusieurs chiffons propres (selon la quantit\u00e9 de peinture). N&rsquo;utilisez jamais d&rsquo;autres produits car ils peuvent contenir des abrasifs, de l&rsquo;alcool ou des solvants, ce qui endommagerait le vernis et ferait perdre ses propri\u00e9t\u00e9s protectrices pour toujours.<\/p>\n<p>Ce vernis a \u00e9t\u00e9 test\u00e9 sur diff\u00e9rents mat\u00e9riaux tels que la pierre, le bois, le b\u00e9ton, les plastiques, etc., offrant des r\u00e9sultats presque identiques \u00e0 ceux obtenus avec l&rsquo;acier <strong>Cor-Ten\u00ae<\/strong>. Si vous avez besoin de prot\u00e9ger une surface autre que l&rsquo;acier ou l&rsquo;acier <strong>Cor-Ten\u00ae<\/strong>, veuillez nous consulter. En ce qui concerne l&rsquo;acier <strong>Cor-Ten\u00ae<\/strong>, ce vernis a \u00e9t\u00e9 con\u00e7u pour \u00eatre utilis\u00e9 sur une surface d\u00e9j\u00e0 oxyd\u00e9e et trait\u00e9e avec des produits <strong>LINEACOR<\/strong>\u00ae. Si un autre proc\u00e9d\u00e9 est suivi pr\u00e9alablement, nous ne pouvons pas garantir le bon fonctionnement du produit, et des r\u00e9sultats ind\u00e9sirables peuvent \u00e9galement se produire.<\/p>\n<p><strong>TR\u00c8S IMPORTANT:<\/strong> Veuillez lire attentivement la fiche technique et la fiche de s\u00e9curit\u00e9 du produit pour une utilisation correcte, tant en ce qui concerne la technique d&rsquo;application pour obtenir les r\u00e9sultats souhait\u00e9s que pour respecter les r\u00e8gles de s\u00e9curit\u00e9 et de protection de l&rsquo;environnement.<\/p>\n<p>La proc\u00e9dure compl\u00e8te de traitement serait : <strong>act\u2013COR + bp\u2013COR + bz\u2013COR FINISH Antigraffiti (mat\/satin\/brillant).<\/strong><\/p>\n","protected":false},"excerpt":{"rendered":"<p>Il s&rsquo;agit d&rsquo;un vernis \u00e0 finition mate con\u00e7u pour prot\u00e9ger la surface de l&rsquo;acier Cor-Ten\u00ae des actes de vandalisme tels que la peinture, les autocollants et autres actions similaires. Il s&rsquo;agit d&rsquo;un vernis antigraffiti acrylique \u00e0 deux composants, tr\u00e8s dur et r\u00e9sistant aux intemp\u00e9ries. Par cons\u00e9quent, il convient parfaitement \u00e0 une utilisation en int\u00e9rieur et [&#8230;]\n","protected":false},"featured_media":380,"comment_status":"closed","ping_status":"closed","template":"","meta":[],"product_brand":[],"product_cat":[8],"product_tag":[],"class_list":{"0":"post-223","1":"product","2":"type-product","3":"status-publish","4":"has-post-thumbnail","6":"product_cat-protection-finition","8":"first","9":"instock","10":"taxable","11":"shipping-taxable","12":"purchasable","13":"product-type-variable"},"_links":{"self":[{"href":"https:\/\/www.lineacor.com\/fr\/wp-json\/wp\/v2\/product\/223","targetHints":{"allow":["GET"]}}],"collection":[{"href":"https:\/\/www.lineacor.com\/fr\/wp-json\/wp\/v2\/product"}],"about":[{"href":"https:\/\/www.lineacor.com\/fr\/wp-json\/wp\/v2\/types\/product"}],"replies":[{"embeddable":true,"href":"https:\/\/www.lineacor.com\/fr\/wp-json\/wp\/v2\/comments?post=223"}],"wp:featuredmedia":[{"embeddable":true,"href":"https:\/\/www.lineacor.com\/fr\/wp-json\/wp\/v2\/media\/380"}],"wp:attachment":[{"href":"https:\/\/www.lineacor.com\/fr\/wp-json\/wp\/v2\/media?parent=223"}],"wp:term":[{"taxonomy":"product_brand","embeddable":true,"href":"https:\/\/www.lineacor.com\/fr\/wp-json\/wp\/v2\/product_brand?post=223"},{"taxonomy":"product_cat","embeddable":true,"href":"https:\/\/www.lineacor.com\/fr\/wp-json\/wp\/v2\/product_cat?post=223"},{"taxonomy":"product_tag","embeddable":true,"href":"https:\/\/www.lineacor.com\/fr\/wp-json\/wp\/v2\/product_tag?post=223"}],"curies":[{"name":"wp","href":"https:\/\/api.w.org\/{rel}","templated":true}]}}