{"id":2236,"date":"2023-10-04T11:22:27","date_gmt":"2023-10-04T10:22:27","guid":{"rendered":"https:\/\/www.lineacor.com\/fr\/?post_type=product&#038;p=2236"},"modified":"2026-02-01T12:02:13","modified_gmt":"2026-02-01T11:02:13","slug":"bz-cor-finish-water-resistant-vernis-finition-satinee","status":"publish","type":"product","link":"https:\/\/www.lineacor.com\/fr\/produits\/bz-cor-finish-water-resistant-vernis-finition-satinee\/","title":{"rendered":"bz-COR FINISH Water Resistant Vernis (Finition satin\u00e9e)"},"content":{"rendered":"<p>La finition satin\u00e9e r\u00e9sistante \u00e0 l&rsquo;eau <strong>bz-COR FINISH<\/strong> est un vernis con\u00e7u pour prot\u00e9ger la surface de l&rsquo;acier <strong>Cor-Ten\u00ae<\/strong> oxyd\u00e9 contre l&rsquo;action directe de l&rsquo;eau douce. Ce vernis peut \u00eatre utilis\u00e9 pour recouvrir de l&rsquo;acier <strong>Cor-Ten\u00ae<\/strong> destin\u00e9 \u00e0 \u00eatre install\u00e9 dans des fontaines de jardin, des canaux d&rsquo;eau et en g\u00e9n\u00e9ral sur toute surface o\u00f9 l&rsquo;eau s&rsquo;\u00e9coule sans s&rsquo;arr\u00eater ni stagner. La finition peut \u00eatre mate, satin\u00e9e ou brillante. En revanche, dans les cas o\u00f9 l&rsquo;eau restera stagnant, seule la finition brillante pourra \u00eatre appliqu\u00e9e, car elle offre une meilleure capacit\u00e9 de blocage.<\/p>\n<p>Il est n\u00e9cessaire d&rsquo;appliquer 3 couches pour une protection optimale. Il est toujours recommand\u00e9 de l&rsquo;appliquer sur de l&rsquo;acier <strong>Cor-Ten\u00ae<\/strong> fabriqu\u00e9 par laminage \u00e0 froid. Cependant, s&rsquo;il est appliqu\u00e9 sur de l&rsquo;acier <strong>Cor-Ten\u00ae<\/strong> lamin\u00e9 \u00e0 chaud, il doit \u00eatre sabl\u00e9 au pr\u00e9alable pour \u00e9liminer compl\u00e8tement la calamine pr\u00e9sente \u00e0 la surface en raison de sa m\u00e9thode de fabrication.<\/p>\n<p><strong>TR\u00c8S IMPORTANT:<\/strong> Veuillez lire attentivement la fiche technique et la fiche de s\u00e9curit\u00e9 du produit pour son utilisation correcte, tant en ce qui concerne la technique d&rsquo;application pour obtenir les r\u00e9sultats souhait\u00e9s que pour respecter les normes de s\u00e9curit\u00e9 et de protection de l&rsquo;environnement.<\/p>\n<p>La proc\u00e9dure de traitement compl\u00e8te serait : <strong>act-COR + bp-COR + bz-COR FINISH Water Resistant (Mate\/Satin\u00e9e\/Brillante).<\/strong><\/p>\n","protected":false},"excerpt":{"rendered":"<p>La finition satin\u00e9e r\u00e9sistante \u00e0 l&rsquo;eau bz-COR FINISH est un vernis con\u00e7u pour prot\u00e9ger la surface de l&rsquo;acier Cor-Ten\u00ae oxyd\u00e9 contre l&rsquo;action directe de l&rsquo;eau douce. Ce vernis peut \u00eatre utilis\u00e9 pour recouvrir de l&rsquo;acier Cor-Ten\u00ae destin\u00e9 \u00e0 \u00eatre install\u00e9 dans des fontaines de jardin, des canaux d&rsquo;eau et en g\u00e9n\u00e9ral sur toute surface o\u00f9 [&#8230;]\n","protected":false},"featured_media":380,"comment_status":"closed","ping_status":"closed","template":"","meta":[],"product_brand":[],"product_cat":[8],"product_tag":[],"class_list":{"0":"post-2236","1":"product","2":"type-product","3":"status-publish","4":"has-post-thumbnail","6":"product_cat-protection-finition","8":"first","9":"instock","10":"taxable","11":"shipping-taxable","12":"purchasable","13":"product-type-variable"},"_links":{"self":[{"href":"https:\/\/www.lineacor.com\/fr\/wp-json\/wp\/v2\/product\/2236","targetHints":{"allow":["GET"]}}],"collection":[{"href":"https:\/\/www.lineacor.com\/fr\/wp-json\/wp\/v2\/product"}],"about":[{"href":"https:\/\/www.lineacor.com\/fr\/wp-json\/wp\/v2\/types\/product"}],"replies":[{"embeddable":true,"href":"https:\/\/www.lineacor.com\/fr\/wp-json\/wp\/v2\/comments?post=2236"}],"wp:featuredmedia":[{"embeddable":true,"href":"https:\/\/www.lineacor.com\/fr\/wp-json\/wp\/v2\/media\/380"}],"wp:attachment":[{"href":"https:\/\/www.lineacor.com\/fr\/wp-json\/wp\/v2\/media?parent=2236"}],"wp:term":[{"taxonomy":"product_brand","embeddable":true,"href":"https:\/\/www.lineacor.com\/fr\/wp-json\/wp\/v2\/product_brand?post=2236"},{"taxonomy":"product_cat","embeddable":true,"href":"https:\/\/www.lineacor.com\/fr\/wp-json\/wp\/v2\/product_cat?post=2236"},{"taxonomy":"product_tag","embeddable":true,"href":"https:\/\/www.lineacor.com\/fr\/wp-json\/wp\/v2\/product_tag?post=2236"}],"curies":[{"name":"wp","href":"https:\/\/api.w.org\/{rel}","templated":true}]}}