{"id":42,"date":"2017-03-29T14:34:24","date_gmt":"2017-03-29T13:34:24","guid":{"rendered":"https:\/\/lineacor.com\/lineacor\/?post_type=product&#038;p=42"},"modified":"2026-05-03T09:09:09","modified_gmt":"2026-05-03T08:09:09","slug":"ds-cor-degraissant-1-l","status":"publish","type":"product","link":"https:\/\/www.lineacor.com\/fr\/produits\/ds-cor-degraissant-1-l\/","title":{"rendered":"ds-COR d\u00e9graissant"},"content":{"rendered":"<p>C&rsquo;est un puissant nettoyant et d\u00e9graissant pour l&rsquo;acier et l&rsquo;acier corten fabriqu\u00e9s par laminage \u00e0 froid. Son utilisation est fortement recommand\u00e9e car elle pr\u00e9pare la surface au traitement d\u2019oxydation. Bien que les surfaces des t\u00f4les lamin\u00e9es \u00e0 froid puissent para\u00eetre suffisamment propres, la salet\u00e9 li\u00e9e \u00e0 la graisse pr\u00e9sente \u00e0 la surface limite la p\u00e9n\u00e9tration de l&rsquo;activateur.<\/p>\n<p>C&rsquo;est un compos\u00e9 aqueux-alcalin, ininflammable et sans odeur, que nous utiliserons en le pulv\u00e9risant directement sur la surface de l&rsquo;acier. Il n&rsquo;est pas n\u00e9cessaire que la surface \u00e0 traiter ait \u00e9t\u00e9 pr\u00e9alablement nettoy\u00e9e. NE PAS le secouer avant utilisation, car cela contribue \u00e0 former une mousse qui peut laisser des traces et une fois oxyd\u00e9es, elles pourraient rester.<\/p>\n<p><strong>TR\u00c8S IMPORTANT:<\/strong> une fois que la surface est nettoy\u00e9e avec ds-COR, il est n\u00e9cessaire d\u2019\u00e9liminer compl\u00e8tement tout produit restant, car si ce dernier entre en contact avec l\u2019activateur d&rsquo;oxyde (act-COR), il r\u00e9agira en laissant des zones non oxydables.<\/p>\n<p>Lisez la fiche technique et la fiche de donn\u00e9es de s\u00e9curit\u00e9 pour conna\u00eetre la technique d&rsquo;application et les consignes de s\u00e9curit\u00e9 \u00e0 prendre en compte.<\/p>\n","protected":false},"excerpt":{"rendered":"<p>C&rsquo;est un puissant nettoyant et d\u00e9graissant pour l&rsquo;acier et l&rsquo;acier corten fabriqu\u00e9s par laminage \u00e0 froid. Son utilisation est fortement recommand\u00e9e car elle pr\u00e9pare la surface au traitement d\u2019oxydation. Bien que les surfaces des t\u00f4les lamin\u00e9es \u00e0 froid puissent para\u00eetre suffisamment propres, la salet\u00e9 li\u00e9e \u00e0 la graisse pr\u00e9sente \u00e0 la surface limite la p\u00e9n\u00e9tration [&#8230;]\n","protected":false},"featured_media":81,"comment_status":"closed","ping_status":"closed","template":"","meta":[],"product_brand":[],"product_cat":[6],"product_tag":[],"class_list":{"0":"post-42","1":"product","2":"type-product","3":"status-publish","4":"has-post-thumbnail","6":"product_cat-preparation","8":"first","9":"instock","10":"taxable","11":"shipping-taxable","12":"purchasable","13":"product-type-variable"},"_links":{"self":[{"href":"https:\/\/www.lineacor.com\/fr\/wp-json\/wp\/v2\/product\/42","targetHints":{"allow":["GET"]}}],"collection":[{"href":"https:\/\/www.lineacor.com\/fr\/wp-json\/wp\/v2\/product"}],"about":[{"href":"https:\/\/www.lineacor.com\/fr\/wp-json\/wp\/v2\/types\/product"}],"replies":[{"embeddable":true,"href":"https:\/\/www.lineacor.com\/fr\/wp-json\/wp\/v2\/comments?post=42"}],"wp:featuredmedia":[{"embeddable":true,"href":"https:\/\/www.lineacor.com\/fr\/wp-json\/wp\/v2\/media\/81"}],"wp:attachment":[{"href":"https:\/\/www.lineacor.com\/fr\/wp-json\/wp\/v2\/media?parent=42"}],"wp:term":[{"taxonomy":"product_brand","embeddable":true,"href":"https:\/\/www.lineacor.com\/fr\/wp-json\/wp\/v2\/product_brand?post=42"},{"taxonomy":"product_cat","embeddable":true,"href":"https:\/\/www.lineacor.com\/fr\/wp-json\/wp\/v2\/product_cat?post=42"},{"taxonomy":"product_tag","embeddable":true,"href":"https:\/\/www.lineacor.com\/fr\/wp-json\/wp\/v2\/product_tag?post=42"}],"curies":[{"name":"wp","href":"https:\/\/api.w.org\/{rel}","templated":true}]}}