{"id":82,"date":"2017-03-29T15:59:44","date_gmt":"2017-03-29T14:59:44","guid":{"rendered":"https:\/\/lineacor.com\/lineacor\/?post_type=product&#038;p=82"},"modified":"2026-03-04T16:04:13","modified_gmt":"2026-03-04T15:04:13","slug":"dx-cor-extracteur-de-calamine","status":"publish","type":"product","link":"https:\/\/www.lineacor.com\/fr\/produits\/dx-cor-extracteur-de-calamine\/","title":{"rendered":"dx-COR extracteur de calamine"},"content":{"rendered":"<p>Ce produit est une alternative au sablage au sable ou au silicate d\u2019aluminium, pour l\u2019extraction de la CALAMINE sur les t\u00f4les en acier \/ acier CORTEN lamin\u00e9es \u00e0 chaud. La CALAMINE est une couche de couleur gris fonc\u00e9 g\u00e9n\u00e9r\u00e9e \u00e0 la surface des t\u00f4les par ce proc\u00e9d\u00e9 de fabrication et qui doit \u00eatre compl\u00e8tement \u00e9limin\u00e9e avant l&rsquo;application de tout type de traitement sur la surface de l&rsquo;acier. Dx-COR est compos\u00e9 d&rsquo;un choix judicieux d&rsquo;acides, ce qui lui conf\u00e8re une tr\u00e8s grande efficacit\u00e9 pour \u00e9liminer la CALAMINE, sans endommager l&rsquo;acier.<\/p>\n<p>dx-COR est particuli\u00e8rement recommand\u00e9 lorsque la surface \u00e0 traiter n\u2019est pas trop grande, et c\u2019est pr\u00e9cis\u00e9ment l\u00e0 que le sablage cesse d\u2019\u00eatre optimal. C&rsquo;est \u00e9galement la solution dans les zones o\u00f9 le corten est d\u00e9j\u00e0 en place ou install\u00e9 dans un espace d\u00e9j\u00e0 en usage. Il est \u00e9galement recommand\u00e9 lorsque l&rsquo;environnement est susceptible d&rsquo;\u00eatre contamin\u00e9 par la poussi\u00e8re g\u00e9n\u00e9r\u00e9e par le sablage, \u00e9vitant ainsi de devoir d\u00e9monter les \u00e9l\u00e9ments pour les transf\u00e9rer dans un atelier de sablage.<\/p>\n<p>dx-COR est \u00e9galement disponible en format GEL avec des propri\u00e9t\u00e9s optimales pour les applications dans les zones difficiles d&rsquo;acc\u00e8s, les surfaces verticales, etc.<\/p>\n<p><strong>TRES IMPORTANT:<\/strong> Si le CALAMINE n&rsquo;est pas totalement \u00e9limin\u00e9e, le processus d&rsquo;oxydation n&rsquo;est pas contr\u00f4lable et, bien s\u00fbr, tout traitement appliqu\u00e9 \u00e0 l&rsquo;acier se fissurera ou se ternira (osmose), apr\u00e8s un laps de temps variable suivant les conditions environnementales auxquelles il est expos\u00e9.<\/p>\n<p>Lisez attentivement la fiche technique et la fiche de donn\u00e9es de s\u00e9curit\u00e9 du produit pour une application correcte, tant pour la technique d&rsquo;application que pour se conformer aux r\u00e9glementations de s\u00e9curit\u00e9 et de protection de l&rsquo;environnement.<\/p>\n","protected":false},"excerpt":{"rendered":"<p>Ce produit est une alternative au sablage au sable ou au silicate d\u2019aluminium, pour l\u2019extraction de la CALAMINE sur les t\u00f4les en acier \/ acier CORTEN lamin\u00e9es \u00e0 chaud. La CALAMINE est une couche de couleur gris fonc\u00e9 g\u00e9n\u00e9r\u00e9e \u00e0 la surface des t\u00f4les par ce proc\u00e9d\u00e9 de fabrication et qui doit \u00eatre compl\u00e8tement \u00e9limin\u00e9e [&#8230;]\n","protected":false},"featured_media":71,"comment_status":"closed","ping_status":"closed","template":"","meta":[],"product_brand":[],"product_cat":[6],"product_tag":[],"class_list":{"0":"post-82","1":"product","2":"type-product","3":"status-publish","4":"has-post-thumbnail","6":"product_cat-preparation","8":"first","9":"instock","10":"taxable","11":"shipping-taxable","12":"purchasable","13":"product-type-variable"},"_links":{"self":[{"href":"https:\/\/www.lineacor.com\/fr\/wp-json\/wp\/v2\/product\/82","targetHints":{"allow":["GET"]}}],"collection":[{"href":"https:\/\/www.lineacor.com\/fr\/wp-json\/wp\/v2\/product"}],"about":[{"href":"https:\/\/www.lineacor.com\/fr\/wp-json\/wp\/v2\/types\/product"}],"replies":[{"embeddable":true,"href":"https:\/\/www.lineacor.com\/fr\/wp-json\/wp\/v2\/comments?post=82"}],"wp:featuredmedia":[{"embeddable":true,"href":"https:\/\/www.lineacor.com\/fr\/wp-json\/wp\/v2\/media\/71"}],"wp:attachment":[{"href":"https:\/\/www.lineacor.com\/fr\/wp-json\/wp\/v2\/media?parent=82"}],"wp:term":[{"taxonomy":"product_brand","embeddable":true,"href":"https:\/\/www.lineacor.com\/fr\/wp-json\/wp\/v2\/product_brand?post=82"},{"taxonomy":"product_cat","embeddable":true,"href":"https:\/\/www.lineacor.com\/fr\/wp-json\/wp\/v2\/product_cat?post=82"},{"taxonomy":"product_tag","embeddable":true,"href":"https:\/\/www.lineacor.com\/fr\/wp-json\/wp\/v2\/product_tag?post=82"}],"curies":[{"name":"wp","href":"https:\/\/api.w.org\/{rel}","templated":true}]}}