{"id":99,"date":"2017-03-29T16:38:54","date_gmt":"2017-03-29T15:38:54","guid":{"rendered":"https:\/\/lineacor.com\/lineacor\/?post_type=product&#038;p=99"},"modified":"2026-05-02T13:58:16","modified_gmt":"2026-05-02T12:58:16","slug":"bp-cor-bain-darret","status":"publish","type":"product","link":"https:\/\/www.lineacor.com\/fr\/produits\/bp-cor-bain-darret\/","title":{"rendered":"bp-COR bain d&rsquo;arr\u00eat"},"content":{"rendered":"<p>Ce produit \u00e0 base aqueuse est charg\u00e9 d\u2019arr\u00eater l\u2019oxydation produite par notre activateur d\u2019oxyde act-COR. Il est appel\u00e9 \u00ab\u00a0bain d&rsquo;arr\u00eat\u00a0\u00bb car, \u00e0 ses d\u00e9buts, une fois les pi\u00e8ces d&rsquo;acier corten oxyd\u00e9es, pour arr\u00eater le processus d&rsquo;oxydation, elles \u00e9taient immerg\u00e9es dans un bac en leur faisant des bains, puis mises en ext\u00e9rieur pour les s\u00e9cher. \u00c0 l\u2019heure actuelle, le produit n\u2019est pas utilis\u00e9 en bains, mais avec diff\u00e9rentes techniques d\u2019application, telles que les rouleaux, le pistolet avec compresseur et \u00e0 turbine.<\/p>\n<p>Ce produit prot\u00e8ge les surfaces en acier et en acier corten d\u00e8s le premier instant, m\u00eame si de nombreux facteurs d&rsquo;influence doivent \u00eatre pris en compte.<\/p>\n<p>Cette \u00e9mulsion, au moment de son application, a un aspect laiteux, laissant sur la surface une couleur blanch\u00e2tre qui dispara\u00eet au fil des minutes. Apr\u00e8s 45 minutes, la surface est s\u00e8che au toucher, mais il faudra plusieurs jours pour qu&rsquo;elle s\u00e8che enti\u00e8rement et soit compl\u00e8tement prot\u00e9g\u00e9e.<\/p>\n<p>Ce produit est fortement conseill\u00e9 pour prot\u00e9ger de grandes surfaces, en raison de sa facilit\u00e9 d\u2019application et des \u00e9conomies consid\u00e9rables r\u00e9alis\u00e9es notamment dans les grandes installations.<\/p>\n<p><strong>TRES IMPORTANT:<\/strong> Lisez attentivement la fiche technique et la fiche de donn\u00e9es de s\u00e9curit\u00e9 du produit pour une application correcte, tant pour la technique d&rsquo;application que pour se conformer aux r\u00e9glementations de s\u00e9curit\u00e9 et de protection de l&rsquo;environnement.<\/p>\n","protected":false},"excerpt":{"rendered":"<p>Ce produit \u00e0 base aqueuse est charg\u00e9 d\u2019arr\u00eater l\u2019oxydation produite par notre activateur d\u2019oxyde act-COR. Il est appel\u00e9 \u00ab\u00a0bain d&rsquo;arr\u00eat\u00a0\u00bb car, \u00e0 ses d\u00e9buts, une fois les pi\u00e8ces d&rsquo;acier corten oxyd\u00e9es, pour arr\u00eater le processus d&rsquo;oxydation, elles \u00e9taient immerg\u00e9es dans un bac en leur faisant des bains, puis mises en ext\u00e9rieur pour les s\u00e9cher. \u00c0 [&#8230;]\n","protected":false},"featured_media":51,"comment_status":"closed","ping_status":"closed","template":"","meta":[],"product_brand":[],"product_cat":[7],"product_tag":[],"class_list":{"0":"post-99","1":"product","2":"type-product","3":"status-publish","4":"has-post-thumbnail","6":"product_cat-oxydation","8":"first","9":"instock","10":"taxable","11":"shipping-taxable","12":"purchasable","13":"product-type-variable"},"_links":{"self":[{"href":"https:\/\/www.lineacor.com\/fr\/wp-json\/wp\/v2\/product\/99","targetHints":{"allow":["GET"]}}],"collection":[{"href":"https:\/\/www.lineacor.com\/fr\/wp-json\/wp\/v2\/product"}],"about":[{"href":"https:\/\/www.lineacor.com\/fr\/wp-json\/wp\/v2\/types\/product"}],"replies":[{"embeddable":true,"href":"https:\/\/www.lineacor.com\/fr\/wp-json\/wp\/v2\/comments?post=99"}],"wp:featuredmedia":[{"embeddable":true,"href":"https:\/\/www.lineacor.com\/fr\/wp-json\/wp\/v2\/media\/51"}],"wp:attachment":[{"href":"https:\/\/www.lineacor.com\/fr\/wp-json\/wp\/v2\/media?parent=99"}],"wp:term":[{"taxonomy":"product_brand","embeddable":true,"href":"https:\/\/www.lineacor.com\/fr\/wp-json\/wp\/v2\/product_brand?post=99"},{"taxonomy":"product_cat","embeddable":true,"href":"https:\/\/www.lineacor.com\/fr\/wp-json\/wp\/v2\/product_cat?post=99"},{"taxonomy":"product_tag","embeddable":true,"href":"https:\/\/www.lineacor.com\/fr\/wp-json\/wp\/v2\/product_tag?post=99"}],"curies":[{"name":"wp","href":"https:\/\/api.w.org\/{rel}","templated":true}]}}