{"id":314,"date":"2017-06-02T12:25:41","date_gmt":"2017-06-02T11:25:41","guid":{"rendered":"https:\/\/www.lineacor.com\/www-2\/?page_id=314"},"modified":"2017-08-08T14:15:00","modified_gmt":"2017-08-08T13:15:00","slug":"politica-de-privacidade","status":"publish","type":"page","link":"https:\/\/www.lineacor.com\/pt\/politica-de-privacidade\/","title":{"rendered":"Pol\u00edtica de privacidade"},"content":{"rendered":"<p class=\"p1\"><span class=\"s1\">Atrav\u00e9s da presente pol\u00edtica de privacidade,\u00a0OXIDACI\u00d3N VIDMETAL, S.L.\u00a0informa os utilizadores desta pagina web, em cumprimento da Ley Org\u00e1nica 15\/1999, de 13 de diciembre, de Protecci\u00f3n de Datos de Car\u00e1cter Personal (en adelante, LOPD), sobre sua pol\u00edtica de prote\u00e7\u00e3o de dados pessoais com a finalidade de que estes decidam de forma expresa, libre y voluntaria se desejarem facilitar a\u00a0OXIDACI\u00d3N VIDMETAL, S.L.\u00a0os dados pessoais que lhes s\u00e3o solicitados.<br \/>\nOXIDACI\u00d3N VIDMETAL, S.L.\u00a0 reserva-se o direito a modificar la presente pol\u00edtica, informando previamente as altera\u00e7\u00f5es que nela se produzam atrav\u00e9s deste aviso.<\/span><\/p>\n<p class=\"p1\"><span class=\"s1\">Ao facilitar voluntariamente seus dados pessoais atrav\u00e9s de qualquer formul\u00e1rio de esta p\u00e1gina web ou mensagem eletr\u00f3nica e aceitar o seu envio, autoriza expressamente a\u00a0OXIDACI\u00d3N VIDMETAL, S.L.\u00a0a incorpora\u00e7\u00e3o e tratamento dos seus dados num ficheiro automatizado propriedade de\u00a0OXIDACI\u00d3N VIDMETAL, S.L., devidamente inscrito na Agencia de Prote\u00e7\u00e3o de Dados.<br \/>\nEm cada um dos formul\u00e1rios nos quais se coletam dados de car\u00e1cter pessoal o usu\u00e1rio receber\u00e1 de\u00a0OXIDACI\u00d3N VIDMETAL, S.L.\u00a0informa\u00e7\u00e3o detalhada sobre o tratamento, sua finalidade, a utiliza\u00e7\u00e3o dos seus dados, o car\u00e1cter obrigat\u00f3rio ou facultativo das suas respostas, as comsequ\u00eancias da negativa a proporciona-los e, em geral, de todas as men\u00e7\u00f5es exigidas pela legisla\u00e7\u00e3o aplic\u00e1veis em mat\u00e9ria de prote\u00e7\u00e3o de dados pessoais, que, em qualquer caso, deve ser expressamente aceite pelo utilizador. VIDMETAL de oxida\u00e7\u00e3o, S.L. compromete-se a tratar os dados pessoais do usu\u00e1rio em comformidade com o estabelecido na legisla\u00e7\u00e3o vigente relativa \u00e0 prote\u00e7\u00e3o de dados. O usu\u00e1rio compromete-se a manter os dados desde a oxida\u00e7\u00e3o VIDMETAL, S.L. devidamente atualizado. OXIDA\u00c7\u00c3O VIDMETAL, S.L. tem perfil nas principais redes sociais online \u00e9 recomhecida em todos os casos, respons\u00e1veis pelo tratamento dos dados de seus seguidores, f\u00e3s, subscritores, comentadores e outros perfis de usu\u00e1rio. Tratamento de oxida\u00e7\u00e3o VIDMETAL, S.L. comduzir\u00e1 desses dados ser\u00e1, no m\u00e1ximo, que a rede social permitir\u00e1 perfis corporativos.<br \/>\nEm nenhum caso\u00a0OXIDACI\u00d3N VIDMETAL, S.L.\u00a0extrair\u00e1 dados das redes sociais, a menos que se obtenha expressamente el comsentimento do utilizador.<\/span><\/p>\n<p class=\"p1\"><span class=\"s1\">OXIDA\u00c7\u00c3O VIDMETAL, S.L. adotou as medidas t\u00e9cnicas necess\u00e1rias para evitar a altera\u00e7\u00e3o, perda ou n\u00e3o autoriza\u00e7\u00e3o de dados pessoais que lhe forem fornecidos, tendo em comta as limita\u00e7\u00f5es que tem a Internet. Poder\u00e1 exercer os direitos de aceso, rectificaci\u00f3n, cancelamento e oposi\u00e7\u00e3o, nos termos estabelecidos na legisla\u00e7\u00e3o vigente, atrav\u00e9s do correio eletr\u00f3nico\u00a0info@lineacor.com\u00a0o de comunica\u00e7\u00e3o escrita a\u00a0OXIDACI\u00d3N VIDMETAL, S.L.,\u00a0C\/ Segle XXI, 84.\u00a008840 Viladecans.<\/span><\/p>\n","protected":false},"excerpt":{"rendered":"<p>Atrav\u00e9s da presente pol\u00edtica de privacidade,\u00a0OXIDACI\u00d3N VIDMETAL, S.L.\u00a0informa os utilizadores desta pagina web, em cumprimento da Ley Org\u00e1nica 15\/1999, de 13 de diciembre, de Protecci\u00f3n de Datos de Car\u00e1cter Personal (en adelante, LOPD), sobre sua pol\u00edtica de prote\u00e7\u00e3o de dados pessoais com a finalidade de que estes decidam de forma expresa, libre y voluntaria se [&#8230;]\n","protected":false},"author":1,"featured_media":0,"parent":0,"menu_order":0,"comment_status":"closed","ping_status":"closed","template":"page-blank-title-center.php","meta":{"footnotes":""},"class_list":["post-314","page","type-page","status-publish","hentry"],"_links":{"self":[{"href":"https:\/\/www.lineacor.com\/pt\/wp-json\/wp\/v2\/pages\/314","targetHints":{"allow":["GET"]}}],"collection":[{"href":"https:\/\/www.lineacor.com\/pt\/wp-json\/wp\/v2\/pages"}],"about":[{"href":"https:\/\/www.lineacor.com\/pt\/wp-json\/wp\/v2\/types\/page"}],"author":[{"embeddable":true,"href":"https:\/\/www.lineacor.com\/pt\/wp-json\/wp\/v2\/users\/1"}],"replies":[{"embeddable":true,"href":"https:\/\/www.lineacor.com\/pt\/wp-json\/wp\/v2\/comments?post=314"}],"version-history":[{"count":0,"href":"https:\/\/www.lineacor.com\/pt\/wp-json\/wp\/v2\/pages\/314\/revisions"}],"wp:attachment":[{"href":"https:\/\/www.lineacor.com\/pt\/wp-json\/wp\/v2\/media?parent=314"}],"curies":[{"name":"wp","href":"https:\/\/api.w.org\/{rel}","templated":true}]}}