{"id":89,"date":"2017-03-29T16:18:32","date_gmt":"2017-03-29T15:18:32","guid":{"rendered":"https:\/\/lineacor.com\/lineacor\/?post_type=product&#038;p=89"},"modified":"2022-01-01T22:22:10","modified_gmt":"2022-01-01T21:22:10","slug":"b-cor-base-metalica","status":"publish","type":"product","link":"https:\/\/www.lineacor.com\/pt\/produto\/b-cor-base-metalica\/","title":{"rendered":"b-COR Base met\u00e1lica"},"content":{"rendered":"<p>Produto com part\u00edculas met\u00e1licas para aplicar sobre diferentes superf\u00edcies (convenientemente impressas) como madeira, gesso, pl\u00e1stico, etc., de modo a, uma vez ativado com act-COR, obter uma apar\u00eancia semelhante ao a\u00e7o patin\u00e1vel oxidado. Devido \u00e0 textura do produto (emuls\u00e3o com part\u00edculas met\u00e1licas com textura densa), o mesmo pode ser aplicado com v\u00e1rias espessuras, obtendo-se ainda uma textura menos &#8220;plana&#8221; e com tonalidades de oxida\u00e7\u00e3o ligeiramente mais e\/o menos acentuadas.<\/p>\n<p>Grande ader\u00eancia, solidez m\u00e9dia (sem prote\u00e7\u00e3o) e muito pouco resist\u00eancia de \u00f3xido com o passar do tempo. Depois de aplicar corretamente o produto e de o deixar secar, \u00e9 preciso ativar a oxida\u00e7\u00e3o do mesmo com act-COR.<\/p>\n<p>&nbsp;<\/p>\n<p><strong>MUITO IMPORTANTE:<\/strong> \u00c9 FUNDAMENTAL remover bem b-COR para homogeneizar o produto, uma vez que ao tratar-se de uma mistura com part\u00edculas met\u00e1licas, a mesma precipita-se para o fundo com facilidade. Uma vez bem homogeneizado, deve ser mantido assim at\u00e9 finalizar o trabalho.<\/p>\n<p>Leia a Ficha T\u00e9cnica e a Ficha de Seguran\u00e7a do produto para a sua correta utiliza\u00e7\u00e3o, tanto no que se refere \u00e0 t\u00e9cnica de aplica\u00e7\u00e3o para obten\u00e7\u00e3o dos resultados desejados como \u00e0s normas de seguran\u00e7a e prote\u00e7\u00e3o do meio ambiente.<\/p>\n","protected":false},"excerpt":{"rendered":"<p>Produto com part\u00edculas met\u00e1licas para aplicar sobre diferentes superf\u00edcies (convenientemente impressas) como madeira, gesso, pl\u00e1stico, etc., de modo a, uma vez ativado com act-COR, obter uma apar\u00eancia semelhante ao a\u00e7o patin\u00e1vel oxidado. Devido \u00e0 textura do produto (emuls\u00e3o com part\u00edculas met\u00e1licas com textura densa), o mesmo pode ser aplicado com v\u00e1rias espessuras, obtendo-se ainda uma [&#8230;]\n","protected":false},"featured_media":245,"comment_status":"closed","ping_status":"closed","template":"","meta":[],"product_brand":[],"product_cat":[6],"product_tag":[],"class_list":{"0":"post-89","1":"product","2":"type-product","3":"status-publish","4":"has-post-thumbnail","6":"product_cat-preparacao","8":"first","9":"instock","10":"taxable","11":"shipping-taxable","12":"purchasable","13":"product-type-variable"},"_links":{"self":[{"href":"https:\/\/www.lineacor.com\/pt\/wp-json\/wp\/v2\/product\/89","targetHints":{"allow":["GET"]}}],"collection":[{"href":"https:\/\/www.lineacor.com\/pt\/wp-json\/wp\/v2\/product"}],"about":[{"href":"https:\/\/www.lineacor.com\/pt\/wp-json\/wp\/v2\/types\/product"}],"replies":[{"embeddable":true,"href":"https:\/\/www.lineacor.com\/pt\/wp-json\/wp\/v2\/comments?post=89"}],"wp:featuredmedia":[{"embeddable":true,"href":"https:\/\/www.lineacor.com\/pt\/wp-json\/wp\/v2\/media\/245"}],"wp:attachment":[{"href":"https:\/\/www.lineacor.com\/pt\/wp-json\/wp\/v2\/media?parent=89"}],"wp:term":[{"taxonomy":"product_brand","embeddable":true,"href":"https:\/\/www.lineacor.com\/pt\/wp-json\/wp\/v2\/product_brand?post=89"},{"taxonomy":"product_cat","embeddable":true,"href":"https:\/\/www.lineacor.com\/pt\/wp-json\/wp\/v2\/product_cat?post=89"},{"taxonomy":"product_tag","embeddable":true,"href":"https:\/\/www.lineacor.com\/pt\/wp-json\/wp\/v2\/product_tag?post=89"}],"curies":[{"name":"wp","href":"https:\/\/api.w.org\/{rel}","templated":true}]}}